{"id":12541,"date":"2020-07-28T03:42:36","date_gmt":"2020-07-28T03:42:36","guid":{"rendered":"https:\/\/www.siedontech.com\/?page_id=12541"},"modified":"2024-03-29T11:37:32","modified_gmt":"2024-03-29T03:37:32","slug":"styrofoam-eps-compactors","status":"publish","type":"page","link":"https:\/\/www.siedontech.com\/de\/styrofoam-eps-compactors","title":{"rendered":"EPS-Verdichter"},"content":{"rendered":"<div data-elementor-type=\"wp-page\" data-elementor-id=\"12541\" class=\"elementor elementor-12541\" data-elementor-post-type=\"page\">\n\t\t\t\t\t\t<section class=\"elementor-section elementor-top-section elementor-element elementor-element-faec978 elementor-section-boxed elementor-section-height-default elementor-section-height-default\" data-id=\"faec978\" data-element_type=\"section\">\n\t\t\t\t\t\t<div class=\"elementor-container elementor-column-gap-default\">\n\t\t\t\t\t<div class=\"elementor-column elementor-col-100 elementor-top-column elementor-element elementor-element-cbd6861\" data-id=\"cbd6861\" data-element_type=\"column\">\n\t\t\t<div class=\"elementor-widget-wrap elementor-element-populated\">\n\t\t\t\t\t\t<div class=\"elementor-element elementor-element-bb3a591 elementor-widget elementor-widget-heading\" data-id=\"bb3a591\" data-element_type=\"widget\" data-widget_type=\"heading.default\">\n\t\t\t\t<div class=\"elementor-widget-container\">\n\t\t\t\t\t<h2 class=\"elementor-heading-title elementor-size-default\">EPS-Recycling<\/h2>\t\t\t\t<\/div>\n\t\t\t\t<\/div>\n\t\t\t\t<div class=\"elementor-element elementor-element-78d6a01 elementor-widget-divider--view-line elementor-widget elementor-widget-divider\" data-id=\"78d6a01\" data-element_type=\"widget\" data-widget_type=\"divider.default\">\n\t\t\t\t<div class=\"elementor-widget-container\">\n\t\t\t\t\t\t\t<div class=\"elementor-divider\">\n\t\t\t<span class=\"elementor-divider-separator\">\n\t\t\t\t\t\t<\/span>\n\t\t<\/div>\n\t\t\t\t\t\t<\/div>\n\t\t\t\t<\/div>\n\t\t\t\t\t<\/div>\n\t\t<\/div>\n\t\t\t\t\t<\/div>\n\t\t<\/section>\n\t\t\t\t<section class=\"elementor-section elementor-top-section elementor-element elementor-element-24d76cf elementor-section-boxed elementor-section-height-default elementor-section-height-default\" data-id=\"24d76cf\" data-element_type=\"section\">\n\t\t\t\t\t\t<div class=\"elementor-container elementor-column-gap-default\">\n\t\t\t\t\t<div class=\"elementor-column elementor-col-50 elementor-top-column elementor-element elementor-element-fdf098c\" data-id=\"fdf098c\" data-element_type=\"column\">\n\t\t\t<div class=\"elementor-widget-wrap elementor-element-populated\">\n\t\t\t\t\t\t<div class=\"elementor-element elementor-element-4334d8f elementor-widget elementor-widget-image\" data-id=\"4334d8f\" data-element_type=\"widget\" data-widget_type=\"image.default\">\n\t\t\t\t<div class=\"elementor-widget-container\">\n\t\t\t\t\t\t\t\t\t\t\t\t\t\t\t\t<a href=\"https:\/\/www.siedontech.com\/de\/styrofoam-eps-compactors\/eps-compactor\/\" target=\"_blank\">\n\t\t\t\t\t\t\t<img fetchpriority=\"high\" decoding=\"async\" width=\"380\" height=\"300\" src=\"https:\/\/images.siedontech.com\/2020\/06\/02.jpg\" class=\"attachment-large size-large wp-image-1208\" alt=\"Styrofoam Compactor\" srcset=\"https:\/\/images.siedontech.com\/2020\/06\/02.jpg 380w, https:\/\/images.siedontech.com\/2020\/06\/02.jpg?x-oss-process=image%2Fquality,q_50%2Fresize,m_fill,w_300,h_237 300w, https:\/\/images.siedontech.com\/2020\/06\/02.jpg?x-oss-process=image%2Fquality,q_50%2Fresize,m_fill,w_200,h_158 200w\" sizes=\"(max-width: 380px) 100vw, 380px\" \/>\t\t\t\t\t\t\t\t<\/a>\n\t\t\t\t\t\t\t\t\t\t\t\t\t\t\t<\/div>\n\t\t\t\t<\/div>\n\t\t\t\t\t<\/div>\n\t\t<\/div>\n\t\t\t\t<div class=\"elementor-column elementor-col-50 elementor-top-column elementor-element elementor-element-c09fc03\" data-id=\"c09fc03\" data-element_type=\"column\">\n\t\t\t<div class=\"elementor-widget-wrap elementor-element-populated\">\n\t\t\t\t\t\t<div class=\"elementor-element elementor-element-cd2f869 elementor-widget elementor-widget-heading\" data-id=\"cd2f869\" data-element_type=\"widget\" data-widget_type=\"heading.default\">\n\t\t\t\t<div class=\"elementor-widget-container\">\n\t\t\t\t\t<h3 class=\"elementor-heading-title elementor-size-default\"><a href=\"https:\/\/www.siedontech.com\/de\/styrofoam-eps-compactors\/eps-compactor\/\" target=\"_blank\">Mini-Styroporverdichter SP200<\/a><\/h3>\t\t\t\t<\/div>\n\t\t\t\t<\/div>\n\t\t\t\t<div class=\"elementor-element elementor-element-2dbfbf4 elementor-widget elementor-widget-text-editor\" data-id=\"2dbfbf4\" data-element_type=\"widget\" data-widget_type=\"text-editor.default\">\n\t\t\t\t<div class=\"elementor-widget-container\">\n\t\t\t\t\t\t\t\t\t<p>Der Siedon Schaumstoffverdichter wurde entwickelt, um die Gr\u00f6\u00dfe von expandiertem Polystyrolschaum zu reduzieren und so Lagerung und Transport zu erleichtern. Das Verdichtungsverh\u00e4ltnis betr\u00e4gt bis zu 40:1; und stundenlanger Betrieb ohne \u00dcberhitzung<\/p>\t\t\t\t\t\t\t\t<\/div>\n\t\t\t\t<\/div>\n\t\t\t\t\t<\/div>\n\t\t<\/div>\n\t\t\t\t\t<\/div>\n\t\t<\/section>\n\t\t\t\t<section class=\"elementor-section elementor-top-section elementor-element elementor-element-a595267 elementor-section-boxed elementor-section-height-default elementor-section-height-default\" data-id=\"a595267\" data-element_type=\"section\">\n\t\t\t\t\t\t<div class=\"elementor-container elementor-column-gap-default\">\n\t\t\t\t\t<div class=\"elementor-column elementor-col-50 elementor-top-column elementor-element elementor-element-653b022\" data-id=\"653b022\" data-element_type=\"column\">\n\t\t\t<div class=\"elementor-widget-wrap elementor-element-populated\">\n\t\t\t\t\t\t<div class=\"elementor-element elementor-element-704a4dc elementor-widget elementor-widget-heading\" data-id=\"704a4dc\" data-element_type=\"widget\" data-widget_type=\"heading.default\">\n\t\t\t\t<div class=\"elementor-widget-container\">\n\t\t\t\t\t<h3 class=\"elementor-heading-title elementor-size-default\"><a href=\"https:\/\/www.siedontech.com\/de\/styrofoam-eps-compactors\/styrofoam-compactor\/\" target=\"_blank\">EPS-Walzenzug CP370<\/a><\/h3>\t\t\t\t<\/div>\n\t\t\t\t<\/div>\n\t\t\t\t<div class=\"elementor-element elementor-element-141bca0 elementor-widget elementor-widget-text-editor\" data-id=\"141bca0\" data-element_type=\"widget\" data-widget_type=\"text-editor.default\">\n\t\t\t\t<div class=\"elementor-widget-container\">\n\t\t\t\t\t\t\t\t\t<ul><li>Im Trichter wurde ein Vorzerkleinerer installiert, der gr\u00f6\u00dfere St\u00fccke automatisch zerkleinert.<\/li><li>Verdichtung bis zu 50:1. 98% Reduzierung des Volumens. Erzielt eine Dichte im Bereich von 250 - 350 kg\/m\u00b3, die Leistung betr\u00e4gt 70~150kg\/h.<\/li><li>Variable Blockgr\u00f6\u00dfen je nach Maschine.<\/li><li>Sparen Sie Handhabungs- und Transportkosten und Lagerplatz.\u00a0<\/li><\/ul>\t\t\t\t\t\t\t\t<\/div>\n\t\t\t\t<\/div>\n\t\t\t\t\t<\/div>\n\t\t<\/div>\n\t\t\t\t<div class=\"elementor-column elementor-col-50 elementor-top-column elementor-element elementor-element-81dd688\" data-id=\"81dd688\" data-element_type=\"column\">\n\t\t\t<div class=\"elementor-widget-wrap elementor-element-populated\">\n\t\t\t\t\t\t<div class=\"elementor-element elementor-element-8c9499d elementor-widget elementor-widget-image\" data-id=\"8c9499d\" data-element_type=\"widget\" data-widget_type=\"image.default\">\n\t\t\t\t<div class=\"elementor-widget-container\">\n\t\t\t\t\t\t\t\t\t\t\t\t\t\t\t\t<a href=\"https:\/\/www.siedontech.com\/de\/styrofoam-eps-compactors\/styrofoam-compactor\/\" target=\"_blank\">\n\t\t\t\t\t\t\t<img decoding=\"async\" width=\"380\" height=\"300\" src=\"https:\/\/images.siedontech.com\/2020\/06\/01.jpg\" class=\"attachment-large size-large wp-image-1207\" alt=\"EPS Compactor\" srcset=\"https:\/\/images.siedontech.com\/2020\/06\/01.jpg 380w, https:\/\/images.siedontech.com\/2020\/06\/01.jpg?x-oss-process=image%2Fquality,q_50%2Fresize,m_fill,w_300,h_237 300w, https:\/\/images.siedontech.com\/2020\/06\/01.jpg?x-oss-process=image%2Fquality,q_50%2Fresize,m_fill,w_200,h_158 200w\" sizes=\"(max-width: 380px) 100vw, 380px\" \/>\t\t\t\t\t\t\t\t<\/a>\n\t\t\t\t\t\t\t\t\t\t\t\t\t\t\t<\/div>\n\t\t\t\t<\/div>\n\t\t\t\t\t<\/div>\n\t\t<\/div>\n\t\t\t\t\t<\/div>\n\t\t<\/section>\n\t\t\t\t<section class=\"elementor-section elementor-top-section elementor-element elementor-element-3c01c6b elementor-section-boxed elementor-section-height-default elementor-section-height-default\" data-id=\"3c01c6b\" data-element_type=\"section\">\n\t\t\t\t\t\t<div class=\"elementor-container elementor-column-gap-default\">\n\t\t\t\t\t<div class=\"elementor-column elementor-col-50 elementor-top-column elementor-element elementor-element-29f9b20\" data-id=\"29f9b20\" data-element_type=\"column\">\n\t\t\t<div class=\"elementor-widget-wrap elementor-element-populated\">\n\t\t\t\t\t\t<div class=\"elementor-element elementor-element-49ad5cf elementor-widget elementor-widget-image\" data-id=\"49ad5cf\" data-element_type=\"widget\" data-widget_type=\"image.default\">\n\t\t\t\t<div class=\"elementor-widget-container\">\n\t\t\t\t\t\t\t\t\t\t\t\t\t\t\t\t<a href=\"https:\/\/www.siedontech.com\/de\/solid-waste-shredder\/eps-recycling-foam-crusher\/\" target=\"_blank\">\n\t\t\t\t\t\t\t<img decoding=\"async\" width=\"380\" height=\"300\" src=\"https:\/\/images.siedontech.com\/2020\/12\/202012070352563.jpg\" class=\"attachment-large size-large wp-image-12830\" alt=\"Styrofoam Shredder\" srcset=\"https:\/\/images.siedontech.com\/2020\/12\/202012070352563.jpg 380w, https:\/\/images.siedontech.com\/2020\/12\/202012070352563.jpg?x-oss-process=image%2Fquality,q_50%2Fresize,m_fill,w_200,h_158 200w\" sizes=\"(max-width: 380px) 100vw, 380px\" \/>\t\t\t\t\t\t\t\t<\/a>\n\t\t\t\t\t\t\t\t\t\t\t\t\t\t\t<\/div>\n\t\t\t\t<\/div>\n\t\t\t\t\t<\/div>\n\t\t<\/div>\n\t\t\t\t<div class=\"elementor-column elementor-col-50 elementor-top-column elementor-element elementor-element-54e93e6\" data-id=\"54e93e6\" data-element_type=\"column\">\n\t\t\t<div class=\"elementor-widget-wrap elementor-element-populated\">\n\t\t\t\t\t\t<div class=\"elementor-element elementor-element-82f1a73 elementor-widget elementor-widget-heading\" data-id=\"82f1a73\" data-element_type=\"widget\" data-widget_type=\"heading.default\">\n\t\t\t\t<div class=\"elementor-widget-container\">\n\t\t\t\t\t<h3 class=\"elementor-heading-title elementor-size-default\"><a href=\"https:\/\/www.siedontech.com\/de\/solid-waste-shredder\/eps-recycling-foam-crusher\/\" target=\"_blank\">EPS-Zerkleinerungsmaschinen-Serie<\/a><\/h3>\t\t\t\t<\/div>\n\t\t\t\t<\/div>\n\t\t\t\t<div class=\"elementor-element elementor-element-1bbd339 elementor-widget elementor-widget-text-editor\" data-id=\"1bbd339\" data-element_type=\"widget\" data-widget_type=\"text-editor.default\">\n\t\t\t\t<div class=\"elementor-widget-container\">\n\t\t\t\t\t\t\t\t\t<p>Der EPS-Schaum-Zerkleinerer bietet eine L\u00f6sung f\u00fcr das Problem der EPS-Schaum-Entsorgung, die sie auf eine handliche Gr\u00f6\u00dfe von 10mm-50mm reduzieren kann. Perfekt f\u00fcr alle, die EPS-Schaumstoffreste von Schutzkissen, Postpaketen und anderen zerbrechlichen Glas-\/Keramikwaren transportieren m\u00fcssen. Die gr\u00f6\u00dfte Leistung kann 180 kg\/h betragen.<\/p>\t\t\t\t\t\t\t\t<\/div>\n\t\t\t\t<\/div>\n\t\t\t\t\t<\/div>\n\t\t<\/div>\n\t\t\t\t\t<\/div>\n\t\t<\/section>\n\t\t\t\t<\/div>","protected":false},"excerpt":{"rendered":"<p>EPS Recycling Mini Styrofoam Compactor SP200 Siedon foam compactor is designed to reduce the size of expanded polystyrene foams for easier storage and transportation. The compact ratio is up to 40:1; and hours long operation without overheating EPS Compactor CP370 Installed a pre-crusher in the hopper which automatically breaks up larger pieces. Up to 50:1 [&hellip;]<\/p>\n","protected":false},"author":1,"featured_media":1207,"parent":0,"menu_order":0,"comment_status":"closed","ping_status":"closed","template":"","meta":{"site-sidebar-layout":"left-sidebar","site-content-layout":"plain-container","ast-site-content-layout":"normal-width-container","site-content-style":"unboxed","site-sidebar-style":"unboxed","ast-global-header-display":"","ast-banner-title-visibility":"","ast-main-header-display":"","ast-hfb-above-header-display":"","ast-hfb-below-header-display":"","ast-hfb-mobile-header-display":"","site-post-title":"disabled","ast-breadcrumbs-content":"","ast-featured-img":"disabled","footer-sml-layout":"","theme-transparent-header-meta":"default","adv-header-id-meta":"","stick-header-meta":"","header-above-stick-meta":"","header-main-stick-meta":"","header-below-stick-meta":"","astra-migrate-meta-layouts":"set","ast-page-background-enabled":"default","ast-page-background-meta":{"desktop":{"background-color":"","background-image":"","background-repeat":"repeat","background-position":"center center","background-size":"auto","background-attachment":"scroll","background-type":"","background-media":"","overlay-type":"","overlay-color":"","overlay-opacity":"","overlay-gradient":""},"tablet":{"background-color":"","background-image":"","background-repeat":"repeat","background-position":"center center","background-size":"auto","background-attachment":"scroll","background-type":"","background-media":"","overlay-type":"","overlay-color":"","overlay-opacity":"","overlay-gradient":""},"mobile":{"background-color":"","background-image":"","background-repeat":"repeat","background-position":"center center","background-size":"auto","background-attachment":"scroll","background-type":"","background-media":"","overlay-type":"","overlay-color":"","overlay-opacity":"","overlay-gradient":""}},"ast-content-background-meta":{"desktop":{"background-color":"var(--ast-global-color-5)","background-image":"","background-repeat":"repeat","background-position":"center center","background-size":"auto","background-attachment":"scroll","background-type":"","background-media":"","overlay-type":"","overlay-color":"","overlay-opacity":"","overlay-gradient":""},"tablet":{"background-color":"var(--ast-global-color-5)","background-image":"","background-repeat":"repeat","background-position":"center center","background-size":"auto","background-attachment":"scroll","background-type":"","background-media":"","overlay-type":"","overlay-color":"","overlay-opacity":"","overlay-gradient":""},"mobile":{"background-color":"var(--ast-global-color-5)","background-image":"","background-repeat":"repeat","background-position":"center center","background-size":"auto","background-attachment":"scroll","background-type":"","background-media":"","overlay-type":"","overlay-color":"","overlay-opacity":"","overlay-gradient":""}},"footnotes":""},"_links":{"self":[{"href":"https:\/\/www.siedontech.com\/de\/wp-json\/wp\/v2\/pages\/12541"}],"collection":[{"href":"https:\/\/www.siedontech.com\/de\/wp-json\/wp\/v2\/pages"}],"about":[{"href":"https:\/\/www.siedontech.com\/de\/wp-json\/wp\/v2\/types\/page"}],"author":[{"embeddable":true,"href":"https:\/\/www.siedontech.com\/de\/wp-json\/wp\/v2\/users\/1"}],"replies":[{"embeddable":true,"href":"https:\/\/www.siedontech.com\/de\/wp-json\/wp\/v2\/comments?post=12541"}],"version-history":[{"count":0,"href":"https:\/\/www.siedontech.com\/de\/wp-json\/wp\/v2\/pages\/12541\/revisions"}],"wp:featuredmedia":[{"embeddable":true,"href":"https:\/\/www.siedontech.com\/de\/wp-json\/wp\/v2\/media\/1207"}],"wp:attachment":[{"href":"https:\/\/www.siedontech.com\/de\/wp-json\/wp\/v2\/media?parent=12541"}],"curies":[{"name":"wp","href":"https:\/\/api.w.org\/{rel}","templated":true}]}}