{"id":13563,"date":"2021-10-28T15:56:13","date_gmt":"2021-10-28T07:56:13","guid":{"rendered":"https:\/\/www.siedontech.com\/?page_id=13563"},"modified":"2024-08-14T11:44:36","modified_gmt":"2024-08-14T03:44:36","slug":"privacy-notice","status":"publish","type":"page","link":"https:\/\/www.siedontech.com\/de\/privacy-notice","title":{"rendered":"Hinweis zum Datenschutz"},"content":{"rendered":"<p>Siedontech.com ist sich bewusst, dass die Sicherheit Ihrer pers\u00f6nlichen Daten bei der Nutzung unserer Website ein wichtiges Anliegen ist. Wir nehmen den Schutz Ihrer pers\u00f6nlichen Daten sehr ernst. Deshalb m\u00f6chten wir, dass Sie wissen, welche Daten wir speichern und welche Daten wir verwerfen. Mit diesem Datenschutzhinweis m\u00f6chten wir Sie \u00fcber unsere Sicherheitsma\u00dfnahmen informieren.<\/p>\n\n\n\n<p><strong>Erhebung und Verarbeitung von personenbezogenen Daten<\/strong><\/p>\n\n\n\n<p>Personenbezogene Daten werden nur dann erhoben, wenn Sie uns diese von sich aus, z. B. im Rahmen einer Registrierung, durch das Ausf\u00fcllen von Formularen oder das Versenden von E-Mails, im Rahmen der Bestellung von Produkten oder Dienstleistungen, durch Anfragen oder Anforderung von Material oder in \u00e4hnlichen Situationen, in denen Sie uns diese Daten freiwillig zur Verf\u00fcgung stellen, angeben. Die Datenbank und ihre Inhalte verbleiben in unserem Unternehmen und bleiben bei Datenverarbeitern oder Servern, die in unserem Auftrag handeln und uns gegen\u00fcber verantwortlich sind. Ihre pers\u00f6nlichen Daten werden von uns in keiner Form an Dritte weitergegeben, es sei denn, wir haben Ihre Zustimmung eingeholt oder sind gesetzlich dazu verpflichtet. Wir behalten die Kontrolle \u00fcber und die Verantwortung f\u00fcr die Verwendung aller personenbezogenen Daten, die Sie uns zur Verf\u00fcgung stellen. Einige dieser Daten k\u00f6nnen auf Computern gespeichert oder verarbeitet werden, die sich in anderen L\u00e4ndern befinden, z. B. in den Vereinigten Staaten, deren Datenschutzgesetze sich von denen Ihres Wohnsitzes unterscheiden k\u00f6nnen. In solchen F\u00e4llen stellen wir sicher, dass der Datenverarbeiter in dem betreffenden Land durch geeignete Ma\u00dfnahmen verpflichtet ist, die Daten so zu sch\u00fctzen, dass sie den in Ihrem Land geltenden Vorschriften entsprechen.<\/p>\n\n\n\n<p><strong>Verwendungszwecke<\/strong><\/p>\n\n\n\n<p>Die von uns erfassten Daten werden nur dazu verwendet, Ihnen die gew\u00fcnschten Produkte oder Dienstleistungen bereitzustellen, oder zu anderen Zwecken, f\u00fcr die Sie Ihre Einwilligung gegeben haben, es sei denn, dies ist gesetzlich vorgeschrieben.<\/p>\n\n\n\n<p><strong>Wozu verwenden wir Ihre Informationen?<\/strong><\/p>\n\n\n\n<p>Alle Informationen, die wir von Ihnen sammeln, k\u00f6nnen auf eine der folgenden Arten verwendet werden:<\/p>\n\n\n\n<p>-Um Ihr Erlebnis zu personalisieren<\/p>\n\n\n\n<p>(Ihre Informationen helfen uns, besser auf Ihre individuellen Bed\u00fcrfnisse einzugehen)<\/p>\n\n\n\n<p>-Um unsere Website zu verbessern<\/p>\n\n\n\n<p>(wir sind st\u00e4ndig bem\u00fcht, unsere Website-Angebote auf der Grundlage der von Ihnen erhaltenen Informationen und R\u00fcckmeldungen zu verbessern)<\/p>\n\n\n\n<p>-Verbesserung des Kundendienstes<\/p>\n\n\n\n<p>(Ihre Informationen helfen uns, effektiver auf Ihre Kundendienstanfragen und Supportbed\u00fcrfnisse zu reagieren)<\/p>\n\n\n\n<p>-Verarbeitung von Transaktionen<\/p>\n\n\n\n<p>Ihre Daten, ob \u00f6ffentlich oder privat, werden nicht verkauft, ausgetauscht, \u00fcbertragen oder an ein anderes Unternehmen weitergegeben, aus welchem Grund auch immer, ohne Ihre Zustimmung, au\u00dfer zu dem ausdr\u00fccklichen Zweck, das gekaufte Produkt oder die vom Kunden gew\u00fcnschte Dienstleistung zu liefern.<\/p>\n\n\n\n<p>-Zum Versenden regelm\u00e4\u00dfiger E-Mails<\/p>\n\n\n\n<p>Die E-Mail-Adresse, die Sie f\u00fcr die Bestellabwicklung angeben, kann verwendet werden, um Ihnen Informationen und Aktualisierungen zu Ihrer Bestellung zuzusenden und Ihnen gelegentlich Unternehmensnachrichten, Aktualisierungen, Informationen zu Produkten oder Dienstleistungen usw. zukommen zu lassen.<\/p>\n\n\n\n<p>Hinweis: Wenn Sie den Erhalt zuk\u00fcnftiger E-Mails abbestellen m\u00f6chten, finden Sie am Ende jeder E-Mail eine ausf\u00fchrliche Anleitung zur Abbestellung.<\/p>\n\n\n\n<p>-Um einen Wettbewerb, eine Werbeaktion, eine Umfrage oder eine andere Funktion der Website zu verwalten<\/p>","protected":false},"excerpt":{"rendered":"<p>Siedontech.com&nbsp;is aware that the security of your private information from the use of our website is an important concern. We take the protection of your personal data very seriously. Therefore we would like you to know what data we maintain and what data we discard. With this privacy notice, we would like to inform you [&hellip;]<\/p>\n","protected":false},"author":1,"featured_media":0,"parent":0,"menu_order":0,"comment_status":"closed","ping_status":"closed","template":"","meta":{"site-sidebar-layout":"default","site-content-layout":"default","ast-site-content-layout":"default","site-content-style":"default","site-sidebar-style":"default","ast-global-header-display":"","ast-banner-title-visibility":"","ast-main-header-display":"","ast-hfb-above-header-display":"","ast-hfb-below-header-display":"","ast-hfb-mobile-header-display":"","site-post-title":"","ast-breadcrumbs-content":"","ast-featured-img":"","footer-sml-layout":"","theme-transparent-header-meta":"default","adv-header-id-meta":"","stick-header-meta":"","header-above-stick-meta":"","header-main-stick-meta":"","header-below-stick-meta":"","astra-migrate-meta-layouts":"set","ast-page-background-enabled":"default","ast-page-background-meta":{"desktop":{"background-color":"","background-image":"","background-repeat":"repeat","background-position":"center center","background-size":"auto","background-attachment":"scroll","background-type":"","background-media":"","overlay-type":"","overlay-color":"","overlay-opacity":"","overlay-gradient":""},"tablet":{"background-color":"","background-image":"","background-repeat":"repeat","background-position":"center center","background-size":"auto","background-attachment":"scroll","background-type":"","background-media":"","overlay-type":"","overlay-color":"","overlay-opacity":"","overlay-gradient":""},"mobile":{"background-color":"","background-image":"","background-repeat":"repeat","background-position":"center center","background-size":"auto","background-attachment":"scroll","background-type":"","background-media":"","overlay-type":"","overlay-color":"","overlay-opacity":"","overlay-gradient":""}},"ast-content-background-meta":{"desktop":{"background-color":"var(--ast-global-color-5)","background-image":"","background-repeat":"repeat","background-position":"center center","background-size":"auto","background-attachment":"scroll","background-type":"","background-media":"","overlay-type":"","overlay-color":"","overlay-opacity":"","overlay-gradient":""},"tablet":{"background-color":"var(--ast-global-color-5)","background-image":"","background-repeat":"repeat","background-position":"center center","background-size":"auto","background-attachment":"scroll","background-type":"","background-media":"","overlay-type":"","overlay-color":"","overlay-opacity":"","overlay-gradient":""},"mobile":{"background-color":"var(--ast-global-color-5)","background-image":"","background-repeat":"repeat","background-position":"center center","background-size":"auto","background-attachment":"scroll","background-type":"","background-media":"","overlay-type":"","overlay-color":"","overlay-opacity":"","overlay-gradient":""}},"footnotes":""},"_links":{"self":[{"href":"https:\/\/www.siedontech.com\/de\/wp-json\/wp\/v2\/pages\/13563"}],"collection":[{"href":"https:\/\/www.siedontech.com\/de\/wp-json\/wp\/v2\/pages"}],"about":[{"href":"https:\/\/www.siedontech.com\/de\/wp-json\/wp\/v2\/types\/page"}],"author":[{"embeddable":true,"href":"https:\/\/www.siedontech.com\/de\/wp-json\/wp\/v2\/users\/1"}],"replies":[{"embeddable":true,"href":"https:\/\/www.siedontech.com\/de\/wp-json\/wp\/v2\/comments?post=13563"}],"version-history":[{"count":0,"href":"https:\/\/www.siedontech.com\/de\/wp-json\/wp\/v2\/pages\/13563\/revisions"}],"wp:attachment":[{"href":"https:\/\/www.siedontech.com\/de\/wp-json\/wp\/v2\/media?parent=13563"}],"curies":[{"name":"wp","href":"https:\/\/api.w.org\/{rel}","templated":true}]}}