{"id":13560,"date":"2021-10-28T15:53:12","date_gmt":"2021-10-28T07:53:12","guid":{"rendered":"https:\/\/www.siedontech.com\/?page_id=13560"},"modified":"2021-10-28T15:55:14","modified_gmt":"2021-10-28T07:55:14","slug":"terms-and-conditions","status":"publish","type":"page","link":"https:\/\/www.siedontech.com\/es\/terms-and-conditions","title":{"rendered":"condiciones generales"},"content":{"rendered":"<p>Bienvenido a&nbsp;<a href=\"https:\/\/www.harden-shredder.com\/\">siedontech.com<\/a><\/p>\n\n\n\n<p>Los siguientes T\u00e9rminos y Condiciones rigen el uso de este sitio web. Describen sus derechos y responsabilidades. Si navega, visita o compra en este sitio web, acepta quedar vinculado por estos T\u00e9rminos y Condiciones. Si no est\u00e1 de acuerdo con alguno de estos T\u00e9rminos y Condiciones, no utilice este sitio web.<\/p>\n\n\n\n<p>En el contexto de este sitio web, \"nosotros\" y \"nos\" significa siedontech.com y \"usted\" significa usted, el cliente o usuario de este sitio web.<\/p>\n\n\n\n<p>Estas Condiciones Generales, junto con su pedido, constituyen el contrato completo entre usted y nosotros para el suministro de productos. No se aplicar\u00e1n otras Condiciones Generales. El contrato no podr\u00e1 modificarse a menos que as\u00ed lo acordemos por escrito o por correo electr\u00f3nico.<\/p>\n\n\n\n<p>nos reservamos el derecho a modificar estas Condiciones en cualquier momento debido a los frecuentes cambios en la tecnolog\u00eda de Internet y en la legislaci\u00f3n aplicable. Por lo tanto, debe consultar estas Condiciones de vez en cuando para comprobar si se han producido cambios.<\/p>\n\n\n\n<p><strong>Comunicaciones por Internet<\/strong><\/p>\n\n\n\n<p>Cuando visita siedontech.com o nos env\u00eda correos electr\u00f3nicos, se est\u00e1 comunicando con nosotros electr\u00f3nicamente. Usted da su consentimiento para recibir nuestras comunicaciones por v\u00eda electr\u00f3nica. Nos comunicaremos con usted por correo electr\u00f3nico o publicando avisos en este sitio web. Usted acepta que todos los acuerdos, avisos, divulgaciones y otras comunicaciones que le proporcionemos electr\u00f3nicamente satisfacen cualquier requisito legal que exija que dichas comunicaciones se realicen por escrito.<\/p>\n\n\n\n<p>La naturaleza de las comunicaciones por Internet implica que sus comunicaciones pueden ser susceptibles de corrupci\u00f3n de datos, interceptaci\u00f3n y retrasos. El sitio web www.Siedon-shredder.com puede incluir inexactitudes o errores tipogr\u00e1ficos. Cualquier otra persona implicada en la gesti\u00f3n de este sitio web puede realizar cambios en los productos y precios descritos en este sitio web, as\u00ed como en el contenido del mismo, en cualquier momento y sin previo aviso.<\/p>\n\n\n\n<p>no seremos responsables de la confianza perjudicial que usted deposite en este sitio web o en su contenido. El uso de este sitio web se realiza \"tal cual\" y bajo su propia responsabilidad.<\/p>\n\n\n\n<p><strong>Cookies<\/strong><\/p>\n\n\n\n<p>Las cookies son peque\u00f1os fragmentos de datos que se almacenan en el navegador web de su ordenador. Cualquier servidor web (incluido \u00e9ste) puede:<\/p>\n\n\n\n<p>1.Almacenar una o varias cookies en su navegador;<\/p>\n\n\n\n<p>2.Solicitar a su navegador que transmita estos datos al servidor web.<\/p>\n\n\n\n<p>3.Solicitar a su navegador que transmita una cookie que haya sido almacenada en su navegador por otro sitio dentro del mismo dominio de Internet.<\/p>\n\n\n\n<p>Este sitio web puede almacenar cookies en su navegador con el fin de mejorar el servicio que se le presta en sus siguientes visitas a este sitio web.<\/p>\n\n\n\n<p>Mediante el uso de cookies, los sitios web pueden rastrear informaci\u00f3n sobre el uso que hacen los visitantes del sitio y ofrecer contenidos personalizados. La mayor\u00eda de los navegadores web pueden configurarse para notificar al usuario la recepci\u00f3n de una cookie, permiti\u00e9ndole aceptarla o rechazarla. Tambi\u00e9n puede inspeccionar las cookies almacenadas por su navegador web y eliminar las que no desee.<\/p>\n\n\n\n<p>Si desactiva el uso de cookies en su navegador o elimina o rechaza cookies espec\u00edficas de este sitio web o de los sitios enlazados, es posible que no pueda acceder a todos los contenidos y servicios de este sitio web.<\/p>\n\n\n\n<p><strong>Seguridad<\/strong><\/p>\n\n\n\n<p>Cuando registra sus datos personales para realizar un pedido, se utiliza un servidor seguro. Secure Sockets Layer (SSL) encripta la informaci\u00f3n que usted env\u00eda a trav\u00e9s de este sitio web. siedon no ofrece ninguna garant\u00eda con respecto a la solidez o eficacia de dicha encriptaci\u00f3n y siedon no se hace responsable de los sucesos derivados del acceso no autorizado a la informaci\u00f3n que usted facilite.<\/p>\n\n\n\n<p><strong>Descripciones de productos<\/strong><\/p>\n\n\n\n<p>siedon se esfuerza por ser lo m\u00e1s preciso posible en la descripci\u00f3n de los productos de este sitio web. No obstante, siedon no garantiza que las descripciones de los productos u otros contenidos de este sitio web sean precisos, completos, fiables, actuales o est\u00e9n libres de errores.<\/p>\n\n\n\n<p>Cualquier declaraci\u00f3n, garant\u00eda o compromiso con respecto a cualquier producto mencionado en este sitio web estar\u00e1 sujeto y se regir\u00e1 por lo establecido en el contrato aplicable que rige el suministro del mismo.<\/p>\n\n\n\n<p><strong>Pedir productos<\/strong><\/p>\n\n\n\n<p>Puede realizar un pedido rellenando el formulario de pedido del sitio web de siedon.<\/p>\n\n\n\n<p>Cuando nos hace un pedido, se considera que ha hecho una oferta de compra del producto o productos que ha elegido bas\u00e1ndose en estas Condiciones.<\/p>\n\n\n\n<p>Le enviaremos un n\u00famero de pedido por correo electr\u00f3nico cuando hayamos recibido su oferta de compra de los productos.<\/p>\n\n\n\n<p>Le notificaremos cuando procesemos su pedido envi\u00e1ndole una Confirmaci\u00f3n de pedido y una factura fiscal por correo electr\u00f3nico. Su oferta solo podr\u00e1 ser aceptada por nosotros una vez que haya superado nuestros procedimientos internos de validaci\u00f3n, con el fin de evitar fraudes con tarjetas de cr\u00e9dito o en los pagos.<\/p>\n\n\n\n<p>Nos reservamos el derecho absoluto a denegar el servicio, cancelar cuentas, eliminar o editar contenidos o cancelar pedidos. Si por cualquier motivo no podemos procesar o aceptar su pedido una vez recibido el pago, nos pondremos en contacto con usted por correo electr\u00f3nico o por tel\u00e9fono.<\/p>","protected":false},"excerpt":{"rendered":"<p>Welcome to&nbsp;siedontech.com The following Terms and Conditions govern your use of this website. They describe your rights and responsibilities. If you browse, visit or shop at this website you agree to be bound by these Terms and Conditions. If you do not agree with any of these Terms and Conditions, do not use this web [&hellip;]<\/p>\n","protected":false},"author":1,"featured_media":0,"parent":0,"menu_order":0,"comment_status":"closed","ping_status":"closed","template":"","meta":{"site-sidebar-layout":"default","site-content-layout":"default","ast-site-content-layout":"default","site-content-style":"default","site-sidebar-style":"default","ast-global-header-display":"","ast-banner-title-visibility":"","ast-main-header-display":"","ast-hfb-above-header-display":"","ast-hfb-below-header-display":"","ast-hfb-mobile-header-display":"","site-post-title":"","ast-breadcrumbs-content":"","ast-featured-img":"","footer-sml-layout":"","theme-transparent-header-meta":"default","adv-header-id-meta":"","stick-header-meta":"","header-above-stick-meta":"","header-main-stick-meta":"","header-below-stick-meta":"","astra-migrate-meta-layouts":"default","ast-page-background-enabled":"default","ast-page-background-meta":{"desktop":{"background-color":"","background-image":"","background-repeat":"repeat","background-position":"center center","background-size":"auto","background-attachment":"scroll","background-type":"","background-media":"","overlay-type":"","overlay-color":"","overlay-opacity":"","overlay-gradient":""},"tablet":{"background-color":"","background-image":"","background-repeat":"repeat","background-position":"center center","background-size":"auto","background-attachment":"scroll","background-type":"","background-media":"","overlay-type":"","overlay-color":"","overlay-opacity":"","overlay-gradient":""},"mobile":{"background-color":"","background-image":"","background-repeat":"repeat","background-position":"center center","background-size":"auto","background-attachment":"scroll","background-type":"","background-media":"","overlay-type":"","overlay-color":"","overlay-opacity":"","overlay-gradient":""}},"ast-content-background-meta":{"desktop":{"background-color":"var(--ast-global-color-5)","background-image":"","background-repeat":"repeat","background-position":"center center","background-size":"auto","background-attachment":"scroll","background-type":"","background-media":"","overlay-type":"","overlay-color":"","overlay-opacity":"","overlay-gradient":""},"tablet":{"background-color":"var(--ast-global-color-5)","background-image":"","background-repeat":"repeat","background-position":"center center","background-size":"auto","background-attachment":"scroll","background-type":"","background-media":"","overlay-type":"","overlay-color":"","overlay-opacity":"","overlay-gradient":""},"mobile":{"background-color":"var(--ast-global-color-5)","background-image":"","background-repeat":"repeat","background-position":"center center","background-size":"auto","background-attachment":"scroll","background-type":"","background-media":"","overlay-type":"","overlay-color":"","overlay-opacity":"","overlay-gradient":""}},"footnotes":""},"_links":{"self":[{"href":"https:\/\/www.siedontech.com\/es\/wp-json\/wp\/v2\/pages\/13560"}],"collection":[{"href":"https:\/\/www.siedontech.com\/es\/wp-json\/wp\/v2\/pages"}],"about":[{"href":"https:\/\/www.siedontech.com\/es\/wp-json\/wp\/v2\/types\/page"}],"author":[{"embeddable":true,"href":"https:\/\/www.siedontech.com\/es\/wp-json\/wp\/v2\/users\/1"}],"replies":[{"embeddable":true,"href":"https:\/\/www.siedontech.com\/es\/wp-json\/wp\/v2\/comments?post=13560"}],"version-history":[{"count":0,"href":"https:\/\/www.siedontech.com\/es\/wp-json\/wp\/v2\/pages\/13560\/revisions"}],"wp:attachment":[{"href":"https:\/\/www.siedontech.com\/es\/wp-json\/wp\/v2\/media?parent=13560"}],"curies":[{"name":"wp","href":"https:\/\/api.w.org\/{rel}","templated":true}]}}