{"id":13563,"date":"2021-10-28T15:56:13","date_gmt":"2021-10-28T07:56:13","guid":{"rendered":"https:\/\/www.siedontech.com\/?page_id=13563"},"modified":"2024-08-14T11:44:36","modified_gmt":"2024-08-14T03:44:36","slug":"privacy-notice","status":"publish","type":"page","link":"https:\/\/www.siedontech.com\/es\/privacy-notice","title":{"rendered":"Confidencialidad"},"content":{"rendered":"<p>Siedontech.com es consciente de que la seguridad de su informaci\u00f3n privada del uso de nuestro sitio web es una preocupaci\u00f3n importante. Nos tomamos muy en serio la protecci\u00f3n de sus datos personales. Por ello, nos gustar\u00eda que supiera qu\u00e9 datos conservamos y cu\u00e1les descartamos. Con este aviso de privacidad, nos gustar\u00eda informarle sobre nuestras medidas de seguridad.<\/p>\n\n\n\n<p><strong>Recogida y tratamiento de datos personales<\/strong><\/p>\n\n\n\n<p>Recopilamos datos personales s\u00f3lo cuando usted nos los proporciona, a trav\u00e9s del registro, la cumplimentaci\u00f3n de formularios o correos electr\u00f3nicos, como parte de un pedido de productos o servicios, consultas o solicitudes sobre materiales solicitados y situaciones similares en las que usted ha decidido proporcionarnos la informaci\u00f3n. La base de datos y su contenido permanecen en nuestra empresa y permanecen en procesadores de datos o servidores que act\u00faan en nuestro nombre y son responsables ante nosotros. Sus datos personales no ser\u00e1n cedidos por nosotros para su uso por terceros en forma alguna, a menos que hayamos obtenido su consentimiento o estemos legalmente obligados a hacerlo. Conservaremos el control y la responsabilidad del uso de los datos personales que nos comunique. Algunos de estos datos pueden ser almacenados o procesados en ordenadores ubicados en otras jurisdicciones, como Estados Unidos, cuyas leyes de protecci\u00f3n de datos pueden diferir de la jurisdicci\u00f3n en la que usted vive. En tales casos, nos aseguraremos de que existan las protecciones adecuadas para exigir al procesador de datos en ese pa\u00eds que mantenga protecciones sobre los datos que sean equivalentes a las que se aplican en el pa\u00eds en el que usted vive.<\/p>\n\n\n\n<p><strong>Prop\u00f3sitos de uso<\/strong><\/p>\n\n\n\n<p>Los datos que recopilemos s\u00f3lo se utilizar\u00e1n para suministrarle los productos o servicios solicitados o para otros fines para los que usted haya dado su consentimiento, salvo que la ley disponga otra cosa.<\/p>\n\n\n\n<p><strong>\u00bfPara qu\u00e9 utilizamos sus datos?<\/strong><\/p>\n\n\n\n<p>Toda la informaci\u00f3n que recopilemos sobre usted podr\u00e1 utilizarse de una de las siguientes maneras:<\/p>\n\n\n\n<p>-Para personalizar su experiencia<\/p>\n\n\n\n<p>(su informaci\u00f3n nos ayuda a responder mejor a sus necesidades individuales)<\/p>\n\n\n\n<p>-Mejorar nuestro sitio web<\/p>\n\n\n\n<p>(nos esforzamos continuamente por mejorar la oferta de nuestro sitio web bas\u00e1ndonos en la informaci\u00f3n y los comentarios que recibimos de usted)<\/p>\n\n\n\n<p>-Mejorar el servicio al cliente<\/p>\n\n\n\n<p>(su informaci\u00f3n nos ayuda a responder m\u00e1s eficazmente a sus solicitudes de servicio al cliente y a sus necesidades de asistencia)<\/p>\n\n\n\n<p>-Para procesar transacciones<\/p>\n\n\n\n<p>Su informaci\u00f3n, ya sea p\u00fablica o privada, no se vender\u00e1, intercambiar\u00e1, transferir\u00e1 ni ceder\u00e1 a ninguna otra empresa por ning\u00fan motivo, sin su consentimiento, salvo con el fin expreso de suministrar el producto adquirido o el servicio solicitado por el cliente.<\/p>\n\n\n\n<p>-Para enviar correos electr\u00f3nicos peri\u00f3dicos<\/p>\n\n\n\n<p>La direcci\u00f3n de correo electr\u00f3nico que facilite para tramitar el pedido podr\u00e1 utilizarse para enviarle informaci\u00f3n y actualizaciones relativas a su pedido, adem\u00e1s de recibir ocasionalmente noticias de la empresa, actualizaciones, informaci\u00f3n relacionada con productos o servicios, etc.<\/p>\n\n\n\n<p>Nota: Si en alg\u00fan momento desea darse de baja para no recibir m\u00e1s correos electr\u00f3nicos, incluimos instrucciones detalladas para ello al final de cada mensaje.<\/p>\n\n\n\n<p>-Para administrar un concurso, promoci\u00f3n, encuesta u otra funci\u00f3n del sitio.<\/p>","protected":false},"excerpt":{"rendered":"<p>Siedontech.com&nbsp;is aware that the security of your private information from the use of our website is an important concern. We take the protection of your personal data very seriously. Therefore we would like you to know what data we maintain and what data we discard. With this privacy notice, we would like to inform you [&hellip;]<\/p>\n","protected":false},"author":1,"featured_media":0,"parent":0,"menu_order":0,"comment_status":"closed","ping_status":"closed","template":"","meta":{"site-sidebar-layout":"default","site-content-layout":"default","ast-site-content-layout":"default","site-content-style":"default","site-sidebar-style":"default","ast-global-header-display":"","ast-banner-title-visibility":"","ast-main-header-display":"","ast-hfb-above-header-display":"","ast-hfb-below-header-display":"","ast-hfb-mobile-header-display":"","site-post-title":"","ast-breadcrumbs-content":"","ast-featured-img":"","footer-sml-layout":"","theme-transparent-header-meta":"default","adv-header-id-meta":"","stick-header-meta":"","header-above-stick-meta":"","header-main-stick-meta":"","header-below-stick-meta":"","astra-migrate-meta-layouts":"set","ast-page-background-enabled":"default","ast-page-background-meta":{"desktop":{"background-color":"","background-image":"","background-repeat":"repeat","background-position":"center center","background-size":"auto","background-attachment":"scroll","background-type":"","background-media":"","overlay-type":"","overlay-color":"","overlay-opacity":"","overlay-gradient":""},"tablet":{"background-color":"","background-image":"","background-repeat":"repeat","background-position":"center center","background-size":"auto","background-attachment":"scroll","background-type":"","background-media":"","overlay-type":"","overlay-color":"","overlay-opacity":"","overlay-gradient":""},"mobile":{"background-color":"","background-image":"","background-repeat":"repeat","background-position":"center center","background-size":"auto","background-attachment":"scroll","background-type":"","background-media":"","overlay-type":"","overlay-color":"","overlay-opacity":"","overlay-gradient":""}},"ast-content-background-meta":{"desktop":{"background-color":"var(--ast-global-color-5)","background-image":"","background-repeat":"repeat","background-position":"center center","background-size":"auto","background-attachment":"scroll","background-type":"","background-media":"","overlay-type":"","overlay-color":"","overlay-opacity":"","overlay-gradient":""},"tablet":{"background-color":"var(--ast-global-color-5)","background-image":"","background-repeat":"repeat","background-position":"center center","background-size":"auto","background-attachment":"scroll","background-type":"","background-media":"","overlay-type":"","overlay-color":"","overlay-opacity":"","overlay-gradient":""},"mobile":{"background-color":"var(--ast-global-color-5)","background-image":"","background-repeat":"repeat","background-position":"center center","background-size":"auto","background-attachment":"scroll","background-type":"","background-media":"","overlay-type":"","overlay-color":"","overlay-opacity":"","overlay-gradient":""}},"footnotes":""},"_links":{"self":[{"href":"https:\/\/www.siedontech.com\/es\/wp-json\/wp\/v2\/pages\/13563"}],"collection":[{"href":"https:\/\/www.siedontech.com\/es\/wp-json\/wp\/v2\/pages"}],"about":[{"href":"https:\/\/www.siedontech.com\/es\/wp-json\/wp\/v2\/types\/page"}],"author":[{"embeddable":true,"href":"https:\/\/www.siedontech.com\/es\/wp-json\/wp\/v2\/users\/1"}],"replies":[{"embeddable":true,"href":"https:\/\/www.siedontech.com\/es\/wp-json\/wp\/v2\/comments?post=13563"}],"version-history":[{"count":0,"href":"https:\/\/www.siedontech.com\/es\/wp-json\/wp\/v2\/pages\/13563\/revisions"}],"wp:attachment":[{"href":"https:\/\/www.siedontech.com\/es\/wp-json\/wp\/v2\/media?parent=13563"}],"curies":[{"name":"wp","href":"https:\/\/api.w.org\/{rel}","templated":true}]}}