{"id":15986,"date":"2022-09-13T15:17:24","date_gmt":"2022-09-13T07:17:24","guid":{"rendered":"https:\/\/www.siedontech.com\/?page_id=15986"},"modified":"2024-03-29T11:45:35","modified_gmt":"2024-03-29T03:45:35","slug":"separation","status":"publish","type":"page","link":"https:\/\/www.siedontech.com\/es\/separation","title":{"rendered":"Separaci\u00f3n"},"content":{"rendered":"<div data-elementor-type=\"wp-page\" data-elementor-id=\"15986\" class=\"elementor elementor-15986\" data-elementor-post-type=\"page\">\n\t\t\t\t\t\t<section class=\"elementor-section elementor-top-section elementor-element elementor-element-4da4b30 elementor-section-boxed elementor-section-height-default elementor-section-height-default\" data-id=\"4da4b30\" data-element_type=\"section\" data-settings=\"{&quot;background_background&quot;:&quot;classic&quot;}\">\n\t\t\t\t\t\t<div class=\"elementor-container elementor-column-gap-default\">\n\t\t\t\t\t<div class=\"elementor-column elementor-col-100 elementor-top-column elementor-element elementor-element-ad651a9\" data-id=\"ad651a9\" data-element_type=\"column\" data-settings=\"{&quot;background_background&quot;:&quot;classic&quot;}\">\n\t\t\t<div class=\"elementor-widget-wrap elementor-element-populated\">\n\t\t\t\t\t\t<div class=\"elementor-element elementor-element-4acbfd1 elementor-widget elementor-widget-heading\" data-id=\"4acbfd1\" data-element_type=\"widget\" data-widget_type=\"heading.default\">\n\t\t\t\t<div class=\"elementor-widget-container\">\n\t\t\t\t\t<h1 class=\"elementor-heading-title elementor-size-default\">Sistema de desembalaje de residuos org\u00e1nicos<\/h1>\t\t\t\t<\/div>\n\t\t\t\t<\/div>\n\t\t\t\t\t<\/div>\n\t\t<\/div>\n\t\t\t\t\t<\/div>\n\t\t<\/section>\n\t\t\t\t<section class=\"elementor-section elementor-top-section elementor-element elementor-element-e25d12a elementor-section-boxed elementor-section-height-default elementor-section-height-default\" data-id=\"e25d12a\" data-element_type=\"section\">\n\t\t\t\t\t\t<div class=\"elementor-container elementor-column-gap-default\">\n\t\t\t\t\t<div class=\"elementor-column elementor-col-50 elementor-top-column elementor-element elementor-element-c53af1f\" data-id=\"c53af1f\" data-element_type=\"column\">\n\t\t\t<div class=\"elementor-widget-wrap elementor-element-populated\">\n\t\t\t\t\t\t<div class=\"elementor-element elementor-element-5a327ac elementor-widget elementor-widget-heading\" data-id=\"5a327ac\" data-element_type=\"widget\" data-widget_type=\"heading.default\">\n\t\t\t\t<div class=\"elementor-widget-container\">\n\t\t\t\t\t<h2 class=\"elementor-heading-title elementor-size-default\">SEPARAR LOS FLUIDOS DE LOS RESIDUOS ORG\u00c1NICOS<\/h2>\t\t\t\t<\/div>\n\t\t\t\t<\/div>\n\t\t\t\t<div class=\"elementor-element elementor-element-300f12b elementor-widget elementor-widget-text-editor\" data-id=\"300f12b\" data-element_type=\"widget\" data-widget_type=\"text-editor.default\">\n\t\t\t\t<div class=\"elementor-widget-container\">\n\t\t\t\t\t\t\t\t\t<p>La prensa de tornillo de deshidrataci\u00f3n de alta presi\u00f3n es insuperable para separar l\u00edquidos de residuos org\u00e1nicos. La prensa de tornillo de deshidrataci\u00f3n se ha desarrollado para deshidratar los residuos alimentarios de la industria alimentaria o los residuos de cocina de los centros de compostaje y fermentaci\u00f3n. Estos rechazos que contienen agua de la industria alimentaria o del supermercado son caros tanto de transportar como de eliminar, pero despu\u00e9s de compactarlos y deshidratarlos en la prensa deshidratadora de Siedon, ahora pueden ir a incineraci\u00f3n a un coste mucho menor. Siedon ha suministrado soluciones para la deshidrataci\u00f3n, desembalaje, separaci\u00f3n y trituraci\u00f3n de una amplia gama de materiales.<\/p>\t\t\t\t\t\t\t\t<\/div>\n\t\t\t\t<\/div>\n\t\t\t\t\t<\/div>\n\t\t<\/div>\n\t\t\t\t<div class=\"elementor-column elementor-col-50 elementor-top-column elementor-element elementor-element-9a46497\" data-id=\"9a46497\" data-element_type=\"column\">\n\t\t\t<div class=\"elementor-widget-wrap elementor-element-populated\">\n\t\t\t\t\t\t<div class=\"elementor-element elementor-element-8eb188e elementor-widget elementor-widget-gallery\" data-id=\"8eb188e\" data-element_type=\"widget\" data-settings=\"{&quot;columns&quot;:2,&quot;lazyload&quot;:&quot;yes&quot;,&quot;gallery_layout&quot;:&quot;grid&quot;,&quot;columns_tablet&quot;:2,&quot;columns_mobile&quot;:1,&quot;gap&quot;:{&quot;unit&quot;:&quot;px&quot;,&quot;size&quot;:10,&quot;sizes&quot;:[]},&quot;gap_tablet&quot;:{&quot;unit&quot;:&quot;px&quot;,&quot;size&quot;:10,&quot;sizes&quot;:[]},&quot;gap_mobile&quot;:{&quot;unit&quot;:&quot;px&quot;,&quot;size&quot;:10,&quot;sizes&quot;:[]},&quot;link_to&quot;:&quot;file&quot;,&quot;aspect_ratio&quot;:&quot;3:2&quot;,&quot;overlay_background&quot;:&quot;yes&quot;,&quot;content_hover_animation&quot;:&quot;fade-in&quot;}\" data-widget_type=\"gallery.default\">\n\t\t\t\t<div class=\"elementor-widget-container\">\n\t\t\t\t\t\t\t<div class=\"elementor-gallery__container\">\n\t\t\t\t\t\t\t<a class=\"e-gallery-item elementor-gallery-item elementor-animated-content\" href=\"https:\/\/images.siedontech.com\/0015.jpg\" data-elementor-open-lightbox=\"yes\" data-elementor-lightbox-slideshow=\"8eb188e\" data-elementor-lightbox-title=\"0015\" data-e-action-hash=\"#elementor-action%3Aaction%3Dlightbox%26settings%3DeyJpZCI6MTYwNDcsInVybCI6Imh0dHBzOlwvXC9pbWFnZXMuc2llZG9udGVjaC5jb21cLzAwMTUuanBnIiwic2xpZGVzaG93IjoiOGViMTg4ZSJ9\">\n\t\t\t\t\t<div class=\"e-gallery-image elementor-gallery-item__image\" data-thumbnail=\"https:\/\/images.siedontech.com\/0015.jpg\" data-width=\"600\" data-height=\"400\" aria-label=\"residuos de cocina\" role=\"img\" ><\/div>\n\t\t\t\t\t\t\t\t\t\t\t<div class=\"elementor-gallery-item__overlay\"><\/div>\n\t\t\t\t\t\t\t\t\t\t\t\t\t\t<\/a>\n\t\t\t\t\t\t\t<a class=\"e-gallery-item elementor-gallery-item elementor-animated-content\" href=\"https:\/\/images.siedontech.com\/foodwaste.jpg\" data-elementor-open-lightbox=\"yes\" data-elementor-lightbox-slideshow=\"8eb188e\" data-elementor-lightbox-title=\"foodwaste\" data-e-action-hash=\"#elementor-action%3Aaction%3Dlightbox%26settings%3DeyJpZCI6MTQwODMsInVybCI6Imh0dHBzOlwvXC9pbWFnZXMuc2llZG9udGVjaC5jb21cL2Zvb2R3YXN0ZS5qcGciLCJzbGlkZXNob3ciOiI4ZWIxODhlIn0%3D\">\n\t\t\t\t\t<div class=\"e-gallery-image elementor-gallery-item__image\" data-thumbnail=\"https:\/\/images.siedontech.com\/foodwaste.jpg\" data-width=\"600\" data-height=\"400\" aria-label=\"\" role=\"img\" ><\/div>\n\t\t\t\t\t\t\t\t\t\t\t<div class=\"elementor-gallery-item__overlay\"><\/div>\n\t\t\t\t\t\t\t\t\t\t\t\t\t\t<\/a>\n\t\t\t\t\t\t\t<a class=\"e-gallery-item elementor-gallery-item elementor-animated-content\" href=\"https:\/\/images.siedontech.com\/03.jpg\" data-elementor-open-lightbox=\"yes\" data-elementor-lightbox-slideshow=\"8eb188e\" data-elementor-lightbox-title=\"food waste shredding03\" data-e-action-hash=\"#elementor-action%3Aaction%3Dlightbox%26settings%3DeyJpZCI6MTQxMDksInVybCI6Imh0dHBzOlwvXC9pbWFnZXMuc2llZG9udGVjaC5jb21cLzAzLmpwZyIsInNsaWRlc2hvdyI6IjhlYjE4OGUifQ%3D%3D\">\n\t\t\t\t\t<div class=\"e-gallery-image elementor-gallery-item__image\" data-thumbnail=\"https:\/\/images.siedontech.com\/03.jpg\" data-width=\"500\" data-height=\"333\" aria-label=\"trituraci\u00f3n de residuos de alimentos\" role=\"img\" ><\/div>\n\t\t\t\t\t\t\t\t\t\t\t<div class=\"elementor-gallery-item__overlay\"><\/div>\n\t\t\t\t\t\t\t\t\t\t\t\t\t\t<\/a>\n\t\t\t\t\t\t\t<a class=\"e-gallery-item elementor-gallery-item elementor-animated-content\" href=\"https:\/\/images.siedontech.com\/waste6-1.jpg\" data-elementor-open-lightbox=\"yes\" data-elementor-lightbox-slideshow=\"8eb188e\" data-elementor-lightbox-title=\"waste6 (1)\" data-e-action-hash=\"#elementor-action%3Aaction%3Dlightbox%26settings%3DeyJpZCI6MTQzMDQsInVybCI6Imh0dHBzOlwvXC9pbWFnZXMuc2llZG9udGVjaC5jb21cL3dhc3RlNi0xLmpwZyIsInNsaWRlc2hvdyI6IjhlYjE4OGUifQ%3D%3D\">\n\t\t\t\t\t<div class=\"e-gallery-image elementor-gallery-item__image\" data-thumbnail=\"https:\/\/images.siedontech.com\/waste6-1.jpg\" data-width=\"600\" data-height=\"400\" aria-label=\"residuos alimentarios\" role=\"img\" ><\/div>\n\t\t\t\t\t\t\t\t\t\t\t<div class=\"elementor-gallery-item__overlay\"><\/div>\n\t\t\t\t\t\t\t\t\t\t\t\t\t\t<\/a>\n\t\t\t\t\t<\/div>\n\t\t\t\t\t<\/div>\n\t\t\t\t<\/div>\n\t\t\t\t\t<\/div>\n\t\t<\/div>\n\t\t\t\t\t<\/div>\n\t\t<\/section>\n\t\t\t\t<section class=\"elementor-section elementor-top-section elementor-element elementor-element-80d8086 elementor-section-boxed elementor-section-height-default elementor-section-height-default\" data-id=\"80d8086\" data-element_type=\"section\">\n\t\t\t\t\t\t<div class=\"elementor-container elementor-column-gap-default\">\n\t\t\t\t\t<div class=\"elementor-column elementor-col-33 elementor-top-column elementor-element elementor-element-95e5ef9\" data-id=\"95e5ef9\" data-element_type=\"column\">\n\t\t\t<div class=\"elementor-widget-wrap elementor-element-populated\">\n\t\t\t\t\t\t<div class=\"elementor-element elementor-element-e46dc1a elementor-widget elementor-widget-image\" data-id=\"e46dc1a\" data-element_type=\"widget\" data-widget_type=\"image.default\">\n\t\t\t\t<div class=\"elementor-widget-container\">\n\t\t\t\t\t\t\t\t\t\t\t\t<figure class=\"wp-caption\">\n\t\t\t\t\t\t\t\t\t\t\t<a href=\"https:\/\/www.siedontech.com\/es\/shredder-dewatering-screw-press\/\" target=\"_blank\">\n\t\t\t\t\t\t\t<img fetchpriority=\"high\" decoding=\"async\" width=\"600\" height=\"450\" src=\"https:\/\/images.siedontech.com\/dewatering-screw-press2.jpg\" class=\"attachment-large size-large wp-image-16052\" alt=\"dewatering-screw-press\" \/>\t\t\t\t\t\t\t\t<\/a>\n\t\t\t\t\t\t\t\t\t\t\t<figcaption class=\"widget-image-caption wp-caption-text\">Prensa de tornillo de deshidrataci\u00f3n<\/figcaption>\n\t\t\t\t\t\t\t\t\t\t<\/figure>\n\t\t\t\t\t\t\t\t\t<\/div>\n\t\t\t\t<\/div>\n\t\t\t\t\t<\/div>\n\t\t<\/div>\n\t\t\t\t<div class=\"elementor-column elementor-col-33 elementor-top-column elementor-element elementor-element-4d6164b\" data-id=\"4d6164b\" data-element_type=\"column\">\n\t\t\t<div class=\"elementor-widget-wrap elementor-element-populated\">\n\t\t\t\t\t\t<div class=\"elementor-element elementor-element-2eb5521 elementor-widget elementor-widget-image\" data-id=\"2eb5521\" data-element_type=\"widget\" data-widget_type=\"image.default\">\n\t\t\t\t<div class=\"elementor-widget-container\">\n\t\t\t\t\t\t\t\t\t\t\t\t<figure class=\"wp-caption\">\n\t\t\t\t\t\t\t\t\t\t\t<a href=\"https:\/\/www.siedontech.com\/es\/food-waste-depackaging-machine-2\/\" target=\"_blank\">\n\t\t\t\t\t\t\t<img decoding=\"async\" width=\"600\" height=\"450\" src=\"https:\/\/images.siedontech.com\/depackermachine.jpg\" class=\"attachment-large size-large wp-image-16273\" alt=\"Food Waste Depacker\" \/>\t\t\t\t\t\t\t\t<\/a>\n\t\t\t\t\t\t\t\t\t\t\t<figcaption class=\"widget-image-caption wp-caption-text\">Dep\u00f3sito de residuos de alimentos<\/figcaption>\n\t\t\t\t\t\t\t\t\t\t<\/figure>\n\t\t\t\t\t\t\t\t\t<\/div>\n\t\t\t\t<\/div>\n\t\t\t\t\t<\/div>\n\t\t<\/div>\n\t\t\t\t<div class=\"elementor-column elementor-col-33 elementor-top-column elementor-element elementor-element-0bcd8fe\" data-id=\"0bcd8fe\" data-element_type=\"column\">\n\t\t\t<div class=\"elementor-widget-wrap elementor-element-populated\">\n\t\t\t\t\t\t<div class=\"elementor-element elementor-element-8bd53ee elementor-widget elementor-widget-image\" data-id=\"8bd53ee\" data-element_type=\"widget\" data-widget_type=\"image.default\">\n\t\t\t\t<div class=\"elementor-widget-container\">\n\t\t\t\t\t\t\t\t\t\t\t\t<figure class=\"wp-caption\">\n\t\t\t\t\t\t\t\t\t\t<img decoding=\"async\" src=\"https:\/\/images.siedontech.com\/elementor\/thumbs\/allinone01-qhgvocsk5it3xoj9s3srs873ls0cdz5zd7k90gdndg.jpg\" title=\"allinone01\" alt=\"Dewatering Press With Crusher\" loading=\"lazy\" \/>\t\t\t\t\t\t\t\t\t\t\t<figcaption class=\"widget-image-caption wp-caption-text\">Prensa de deshidrataci\u00f3n con trituradora<\/figcaption>\n\t\t\t\t\t\t\t\t\t\t<\/figure>\n\t\t\t\t\t\t\t\t\t<\/div>\n\t\t\t\t<\/div>\n\t\t\t\t\t<\/div>\n\t\t<\/div>\n\t\t\t\t\t<\/div>\n\t\t<\/section>\n\t\t\t\t<section class=\"elementor-section elementor-top-section elementor-element elementor-element-247f058 elementor-section-boxed elementor-section-height-default elementor-section-height-default\" data-id=\"247f058\" data-element_type=\"section\">\n\t\t\t\t\t\t<div class=\"elementor-container elementor-column-gap-default\">\n\t\t\t\t\t<div class=\"elementor-column elementor-col-50 elementor-top-column elementor-element elementor-element-5582959\" data-id=\"5582959\" data-element_type=\"column\">\n\t\t\t<div class=\"elementor-widget-wrap elementor-element-populated\">\n\t\t\t\t\t\t<div class=\"elementor-element elementor-element-dca5765 elementor-widget elementor-widget-gallery\" data-id=\"dca5765\" data-element_type=\"widget\" data-settings=\"{&quot;columns&quot;:2,&quot;lazyload&quot;:&quot;yes&quot;,&quot;gallery_layout&quot;:&quot;grid&quot;,&quot;columns_tablet&quot;:2,&quot;columns_mobile&quot;:1,&quot;gap&quot;:{&quot;unit&quot;:&quot;px&quot;,&quot;size&quot;:10,&quot;sizes&quot;:[]},&quot;gap_tablet&quot;:{&quot;unit&quot;:&quot;px&quot;,&quot;size&quot;:10,&quot;sizes&quot;:[]},&quot;gap_mobile&quot;:{&quot;unit&quot;:&quot;px&quot;,&quot;size&quot;:10,&quot;sizes&quot;:[]},&quot;link_to&quot;:&quot;file&quot;,&quot;aspect_ratio&quot;:&quot;3:2&quot;,&quot;overlay_background&quot;:&quot;yes&quot;,&quot;content_hover_animation&quot;:&quot;fade-in&quot;}\" data-widget_type=\"gallery.default\">\n\t\t\t\t<div class=\"elementor-widget-container\">\n\t\t\t\t\t\t\t<div class=\"elementor-gallery__container\">\n\t\t\t\t\t\t\t<a class=\"e-gallery-item elementor-gallery-item elementor-animated-content\" href=\"https:\/\/images.siedontech.com\/dapacker-case1.jpg\" data-elementor-open-lightbox=\"yes\" data-elementor-lightbox-slideshow=\"dca5765\" data-elementor-lightbox-title=\"depacker-case1\" data-e-action-hash=\"#elementor-action%3Aaction%3Dlightbox%26settings%3DeyJpZCI6MTU4MjUsInVybCI6Imh0dHBzOlwvXC9pbWFnZXMuc2llZG9udGVjaC5jb21cL2RhcGFja2VyLWNhc2UxLmpwZyIsInNsaWRlc2hvdyI6ImRjYTU3NjUifQ%3D%3D\">\n\t\t\t\t\t<div class=\"e-gallery-image elementor-gallery-item__image\" data-thumbnail=\"https:\/\/images.siedontech.com\/dapacker-case1.jpg\" data-width=\"600\" data-height=\"450\" aria-label=\"Dep\u00f3sito de residuos alimentarios\" role=\"img\" ><\/div>\n\t\t\t\t\t\t\t\t\t\t\t<div class=\"elementor-gallery-item__overlay\"><\/div>\n\t\t\t\t\t\t\t\t\t\t\t\t\t\t<\/a>\n\t\t\t\t\t\t\t<a class=\"e-gallery-item elementor-gallery-item elementor-animated-content\" href=\"https:\/\/images.siedontech.com\/depacker-case2.jpg\" data-elementor-open-lightbox=\"yes\" data-elementor-lightbox-slideshow=\"dca5765\" data-elementor-lightbox-title=\"depacker-case2\" data-e-action-hash=\"#elementor-action%3Aaction%3Dlightbox%26settings%3DeyJpZCI6MTU4MjYsInVybCI6Imh0dHBzOlwvXC9pbWFnZXMuc2llZG9udGVjaC5jb21cL2RlcGFja2VyLWNhc2UyLmpwZyIsInNsaWRlc2hvdyI6ImRjYTU3NjUifQ%3D%3D\">\n\t\t\t\t\t<div class=\"e-gallery-image elementor-gallery-item__image\" data-thumbnail=\"https:\/\/images.siedontech.com\/depacker-case2.jpg\" data-width=\"600\" data-height=\"450\" aria-label=\"Depuraci\u00f3n de residuos org\u00e1nicos\" role=\"img\" ><\/div>\n\t\t\t\t\t\t\t\t\t\t\t<div class=\"elementor-gallery-item__overlay\"><\/div>\n\t\t\t\t\t\t\t\t\t\t\t\t\t\t<\/a>\n\t\t\t\t\t\t\t<a class=\"e-gallery-item elementor-gallery-item elementor-animated-content\" href=\"https:\/\/images.siedontech.com\/85248-1.jpg\" data-elementor-open-lightbox=\"yes\" data-elementor-lightbox-slideshow=\"dca5765\" data-elementor-lightbox-title=\"85248-1\" data-e-action-hash=\"#elementor-action%3Aaction%3Dlightbox%26settings%3DeyJpZCI6MTc0MjYsInVybCI6Imh0dHBzOlwvXC9pbWFnZXMuc2llZG9udGVjaC5jb21cLzg1MjQ4LTEuanBnIiwic2xpZGVzaG93IjoiZGNhNTc2NSJ9\">\n\t\t\t\t\t<div class=\"e-gallery-image elementor-gallery-item__image\" data-thumbnail=\"https:\/\/images.siedontech.com\/85248-1.jpg\" data-width=\"1000\" data-height=\"750\" aria-label=\"\" role=\"img\" ><\/div>\n\t\t\t\t\t\t\t\t\t\t\t<div class=\"elementor-gallery-item__overlay\"><\/div>\n\t\t\t\t\t\t\t\t\t\t\t\t\t\t<\/a>\n\t\t\t\t\t\t\t<a class=\"e-gallery-item elementor-gallery-item elementor-animated-content\" href=\"https:\/\/images.siedontech.com\/depacker-recycling-1.jpg\" data-elementor-open-lightbox=\"yes\" data-elementor-lightbox-slideshow=\"dca5765\" data-elementor-lightbox-title=\"depacker-recycling-1\" data-e-action-hash=\"#elementor-action%3Aaction%3Dlightbox%26settings%3DeyJpZCI6MTc0MzMsInVybCI6Imh0dHBzOlwvXC9pbWFnZXMuc2llZG9udGVjaC5jb21cL2RlcGFja2VyLXJlY3ljbGluZy0xLmpwZyIsInNsaWRlc2hvdyI6ImRjYTU3NjUifQ%3D%3D\">\n\t\t\t\t\t<div class=\"e-gallery-image elementor-gallery-item__image\" data-thumbnail=\"https:\/\/images.siedontech.com\/depacker-recycling-1.jpg\" data-width=\"750\" data-height=\"500\" aria-label=\"\" role=\"img\" ><\/div>\n\t\t\t\t\t\t\t\t\t\t\t<div class=\"elementor-gallery-item__overlay\"><\/div>\n\t\t\t\t\t\t\t\t\t\t\t\t\t\t<\/a>\n\t\t\t\t\t<\/div>\n\t\t\t\t\t<\/div>\n\t\t\t\t<\/div>\n\t\t\t\t\t<\/div>\n\t\t<\/div>\n\t\t\t\t<div class=\"elementor-column elementor-col-50 elementor-top-column elementor-element elementor-element-ecf0673\" data-id=\"ecf0673\" data-element_type=\"column\">\n\t\t\t<div class=\"elementor-widget-wrap elementor-element-populated\">\n\t\t\t\t\t\t<div class=\"elementor-element elementor-element-b1eaf2a elementor-widget elementor-widget-heading\" data-id=\"b1eaf2a\" data-element_type=\"widget\" data-widget_type=\"heading.default\">\n\t\t\t\t<div class=\"elementor-widget-container\">\n\t\t\t\t\t<h2 class=\"elementor-heading-title elementor-size-default\">SEPARAR LOS RESIDUOS INORG\u00c1NICOS DE LOS ALIMENTARIOS<\/h2>\t\t\t\t<\/div>\n\t\t\t\t<\/div>\n\t\t\t\t<div class=\"elementor-element elementor-element-370b6f3 elementor-widget elementor-widget-text-editor\" data-id=\"370b6f3\" data-element_type=\"widget\" data-widget_type=\"text-editor.default\">\n\t\t\t\t<div class=\"elementor-widget-container\">\n\t\t\t\t\t\t\t\t\t<p>El Depacker DK de separaci\u00f3n es una m\u00e1quina de desenvasado de residuos para el reciclaje de alimentos. El proceso de la m\u00e1quina implica la preparaci\u00f3n de materiales h\u00famedos para el reciclaje de residuos de alimentos, residuos org\u00e1nicos u org\u00e1nicos separados en origen.<\/p><p>El Depacker &amp; Separador de Residuos de Alimentos permite separar los envases de los alimentos u otros materiales org\u00e1nicos y SSO (Source Separated Organics) antes de la digesti\u00f3n anaer\u00f3bica o el compostaje. Los ejemplos incluyen la separaci\u00f3n de org\u00e1nicos de latas, envoltorios, bolsas, espuma de poliestireno, yogur, botellas de pl\u00e1stico o envases de tarros de pl\u00e1stico. Los s\u00f3lidos inorg\u00e1nicos (por ejemplo, envases) se separan eficazmente en la desenvasadora. Los residuos org\u00e1nicos y alimentarios del desembalaje se utilizan para producir biog\u00e1s.<\/p>\t\t\t\t\t\t\t\t<\/div>\n\t\t\t\t<\/div>\n\t\t\t\t\t<\/div>\n\t\t<\/div>\n\t\t\t\t\t<\/div>\n\t\t<\/section>\n\t\t\t\t<\/div>","protected":false},"excerpt":{"rendered":"<p>Organic Waste Depackaging System SEPARATING FLUIDS FROM ORGANIC WASTE The high pressure Dewatering Screw Press is unsurpassed for separating liquids from organic waste.\u00a0Dewatering screw press is developed for dewatering of food waste from food industry or kitchen waste from\u00a0composting and Fermentation Center. These water containing reject from food industry or supermarket is both expensive to [&hellip;]<\/p>\n","protected":false},"author":1,"featured_media":0,"parent":0,"menu_order":0,"comment_status":"closed","ping_status":"closed","template":"elementor_header_footer","meta":{"site-sidebar-layout":"no-sidebar","site-content-layout":"page-builder","ast-site-content-layout":"full-width-container","site-content-style":"unboxed","site-sidebar-style":"unboxed","ast-global-header-display":"","ast-banner-title-visibility":"","ast-main-header-display":"","ast-hfb-above-header-display":"","ast-hfb-below-header-display":"","ast-hfb-mobile-header-display":"","site-post-title":"disabled","ast-breadcrumbs-content":"","ast-featured-img":"disabled","footer-sml-layout":"","theme-transparent-header-meta":"default","adv-header-id-meta":"","stick-header-meta":"","header-above-stick-meta":"","header-main-stick-meta":"","header-below-stick-meta":"","astra-migrate-meta-layouts":"set","ast-page-background-enabled":"default","ast-page-background-meta":{"desktop":{"background-color":"","background-image":"","background-repeat":"repeat","background-position":"center center","background-size":"auto","background-attachment":"scroll","background-type":"","background-media":"","overlay-type":"","overlay-color":"","overlay-opacity":"","overlay-gradient":""},"tablet":{"background-color":"","background-image":"","background-repeat":"repeat","background-position":"center center","background-size":"auto","background-attachment":"scroll","background-type":"","background-media":"","overlay-type":"","overlay-color":"","overlay-opacity":"","overlay-gradient":""},"mobile":{"background-color":"","background-image":"","background-repeat":"repeat","background-position":"center center","background-size":"auto","background-attachment":"scroll","background-type":"","background-media":"","overlay-type":"","overlay-color":"","overlay-opacity":"","overlay-gradient":""}},"ast-content-background-meta":{"desktop":{"background-color":"var(--ast-global-color-5)","background-image":"","background-repeat":"repeat","background-position":"center center","background-size":"auto","background-attachment":"scroll","background-type":"","background-media":"","overlay-type":"","overlay-color":"","overlay-opacity":"","overlay-gradient":""},"tablet":{"background-color":"var(--ast-global-color-5)","background-image":"","background-repeat":"repeat","background-position":"center center","background-size":"auto","background-attachment":"scroll","background-type":"","background-media":"","overlay-type":"","overlay-color":"","overlay-opacity":"","overlay-gradient":""},"mobile":{"background-color":"var(--ast-global-color-5)","background-image":"","background-repeat":"repeat","background-position":"center center","background-size":"auto","background-attachment":"scroll","background-type":"","background-media":"","overlay-type":"","overlay-color":"","overlay-opacity":"","overlay-gradient":""}},"footnotes":""},"_links":{"self":[{"href":"https:\/\/www.siedontech.com\/es\/wp-json\/wp\/v2\/pages\/15986"}],"collection":[{"href":"https:\/\/www.siedontech.com\/es\/wp-json\/wp\/v2\/pages"}],"about":[{"href":"https:\/\/www.siedontech.com\/es\/wp-json\/wp\/v2\/types\/page"}],"author":[{"embeddable":true,"href":"https:\/\/www.siedontech.com\/es\/wp-json\/wp\/v2\/users\/1"}],"replies":[{"embeddable":true,"href":"https:\/\/www.siedontech.com\/es\/wp-json\/wp\/v2\/comments?post=15986"}],"version-history":[{"count":0,"href":"https:\/\/www.siedontech.com\/es\/wp-json\/wp\/v2\/pages\/15986\/revisions"}],"wp:attachment":[{"href":"https:\/\/www.siedontech.com\/es\/wp-json\/wp\/v2\/media?parent=15986"}],"curies":[{"name":"wp","href":"https:\/\/api.w.org\/{rel}","templated":true}]}}