{"id":1297,"date":"2020-06-28T06:26:43","date_gmt":"2020-06-28T06:26:43","guid":{"rendered":"https:\/\/www.siedontech.com\/?page_id=1297"},"modified":"2024-03-29T11:58:16","modified_gmt":"2024-03-29T03:58:16","slug":"glass-bottle-shredder","status":"publish","type":"page","link":"https:\/\/www.siedontech.com\/fr\/solid-waste-shredder\/glass-bottle-shredder","title":{"rendered":"Broyeur industriel de bouteilles en verre"},"content":{"rendered":"<div data-elementor-type=\"wp-page\" data-elementor-id=\"1297\" class=\"elementor elementor-1297\" data-elementor-post-type=\"page\">\n\t\t\t\t\t\t<section class=\"elementor-section elementor-top-section elementor-element elementor-element-51183193 elementor-section-boxed elementor-section-height-default elementor-section-height-default\" data-id=\"51183193\" data-element_type=\"section\">\n\t\t\t\t\t\t<div class=\"elementor-container elementor-column-gap-extended\">\n\t\t\t\t\t<div class=\"elementor-column elementor-col-50 elementor-top-column elementor-element elementor-element-cfe3973\" data-id=\"cfe3973\" data-element_type=\"column\">\n\t\t\t<div class=\"elementor-widget-wrap elementor-element-populated\">\n\t\t\t\t\t\t<div class=\"elementor-element elementor-element-2353ec3a elementor-widget elementor-widget-image\" data-id=\"2353ec3a\" data-element_type=\"widget\" data-widget_type=\"image.default\">\n\t\t\t\t<div class=\"elementor-widget-container\">\n\t\t\t\t\t\t\t\t\t\t\t\t\t\t\t<img fetchpriority=\"high\" decoding=\"async\" width=\"600\" height=\"600\" src=\"https:\/\/images.siedontech.com\/GB103.jpg\" class=\"attachment-large size-large wp-image-13301\" alt=\"\" \/>\t\t\t\t\t\t\t\t\t\t\t\t\t\t\t<\/div>\n\t\t\t\t<\/div>\n\t\t\t\t\t<\/div>\n\t\t<\/div>\n\t\t\t\t<div class=\"elementor-column elementor-col-50 elementor-top-column elementor-element elementor-element-7feacf52\" data-id=\"7feacf52\" data-element_type=\"column\">\n\t\t\t<div class=\"elementor-widget-wrap elementor-element-populated\">\n\t\t\t\t\t\t<div class=\"elementor-element elementor-element-10f81194 elementor-widget elementor-widget-heading\" data-id=\"10f81194\" data-element_type=\"widget\" data-widget_type=\"heading.default\">\n\t\t\t\t<div class=\"elementor-widget-container\">\n\t\t\t\t\t<h2 class=\"elementor-heading-title elementor-size-default\">Broyeur industriel de bouteilles en verre<\/h2>\t\t\t\t<\/div>\n\t\t\t\t<\/div>\n\t\t\t\t<div class=\"elementor-element elementor-element-4ad771f0 elementor-widget elementor-widget-text-editor\" data-id=\"4ad771f0\" data-element_type=\"widget\" data-widget_type=\"text-editor.default\">\n\t\t\t\t<div class=\"elementor-widget-container\">\n\t\t\t\t\t\t\t\t\t<figure class=\"wp-block-table is-style-stripes\"><table><tbody><tr><td>Mod\u00e8le<\/td><td>GB103<\/td><\/tr><tr><td>Marque<\/td><td>SIEDON<\/td><\/tr><tr><td>Cat\u00e9gories<\/td><td>Broyeur<\/td><\/tr><tr><td>Port FOB<\/td><td>Guangzhou, Shenzhen<\/td><\/tr><\/tbody><\/table><\/figure>\t\t\t\t\t\t\t\t<\/div>\n\t\t\t\t<\/div>\n\t\t\t\t<div class=\"elementor-element elementor-element-7feedabb elementor-icon-list--layout-traditional elementor-list-item-link-full_width elementor-widget elementor-widget-icon-list\" data-id=\"7feedabb\" data-element_type=\"widget\" data-widget_type=\"icon-list.default\">\n\t\t\t\t<div class=\"elementor-widget-container\">\n\t\t\t\t\t\t\t<ul class=\"elementor-icon-list-items\">\n\t\t\t\t\t\t\t<li class=\"elementor-icon-list-item\">\n\t\t\t\t\t\t\t\t\t\t\t<span class=\"elementor-icon-list-icon\">\n\t\t\t\t\t\t\t<i aria-hidden=\"true\" class=\"fas fa-caret-right\"><\/i>\t\t\t\t\t\t<\/span>\n\t\t\t\t\t\t\t\t\t\t<span class=\"elementor-icon-list-text\">Certificat EURO-STANDARD et CE<\/span>\n\t\t\t\t\t\t\t\t\t<\/li>\n\t\t\t\t\t\t\t\t<li class=\"elementor-icon-list-item\">\n\t\t\t\t\t\t\t\t\t\t\t<span class=\"elementor-icon-list-icon\">\n\t\t\t\t\t\t\t<i aria-hidden=\"true\" class=\"fas fa-caret-right\"><\/i>\t\t\t\t\t\t<\/span>\n\t\t\t\t\t\t\t\t\t\t<span class=\"elementor-icon-list-text\">2 ans de garantie<\/span>\n\t\t\t\t\t\t\t\t\t<\/li>\n\t\t\t\t\t\t<\/ul>\n\t\t\t\t\t\t<\/div>\n\t\t\t\t<\/div>\n\t\t\t\t<div class=\"elementor-element elementor-element-1e9c0c7 elementor-widget elementor-widget-global elementor-global-14785 elementor-widget-button\" data-id=\"1e9c0c7\" data-element_type=\"widget\" data-widget_type=\"button.default\">\n\t\t\t\t<div class=\"elementor-widget-container\">\n\t\t\t\t\t\t\t\t\t<div class=\"elementor-button-wrapper\">\n\t\t\t\t\t<a class=\"elementor-button elementor-button-link elementor-size-sm\" href=\"https:\/\/api.whatsapp.com\/send?phone=8615920498084\" target=\"_blank\">\n\t\t\t\t\t\t<span class=\"elementor-button-content-wrapper\">\n\t\t\t\t\t\t\t\t\t<span class=\"elementor-button-text\">Whatsapp US !<\/span>\n\t\t\t\t\t<\/span>\n\t\t\t\t\t<\/a>\n\t\t\t\t<\/div>\n\t\t\t\t\t\t\t\t<\/div>\n\t\t\t\t<\/div>\n\t\t\t\t\t<\/div>\n\t\t<\/div>\n\t\t\t\t\t<\/div>\n\t\t<\/section>\n\t\t\t\t<section class=\"elementor-section elementor-top-section elementor-element elementor-element-7a93ce6f elementor-section-boxed elementor-section-height-default elementor-section-height-default\" data-id=\"7a93ce6f\" data-element_type=\"section\">\n\t\t\t\t\t\t<div class=\"elementor-container elementor-column-gap-default\">\n\t\t\t\t\t<div class=\"elementor-column elementor-col-100 elementor-top-column elementor-element elementor-element-183870d2\" data-id=\"183870d2\" data-element_type=\"column\">\n\t\t\t<div class=\"elementor-widget-wrap elementor-element-populated\">\n\t\t\t\t\t\t<div class=\"elementor-element elementor-element-3dfc16c0 elementor-widget elementor-widget-video\" data-id=\"3dfc16c0\" data-element_type=\"widget\" data-settings=\"{&quot;youtube_url&quot;:&quot;https:\\\/\\\/www.youtube.com\\\/watch?v=1dd4hgnqgCc&quot;,&quot;video_type&quot;:&quot;youtube&quot;,&quot;controls&quot;:&quot;yes&quot;}\" data-widget_type=\"video.default\">\n\t\t\t\t<div class=\"elementor-widget-container\">\n\t\t\t\t\t\t\t<div class=\"elementor-wrapper elementor-open-inline\">\n\t\t\t<div class=\"elementor-video\"><\/div>\t\t<\/div>\n\t\t\t\t\t\t<\/div>\n\t\t\t\t<\/div>\n\t\t\t\t\t<\/div>\n\t\t<\/div>\n\t\t\t\t\t<\/div>\n\t\t<\/section>\n\t\t\t\t<section class=\"elementor-section elementor-top-section elementor-element elementor-element-42ea96b6 elementor-section-boxed elementor-section-height-default elementor-section-height-default\" data-id=\"42ea96b6\" data-element_type=\"section\">\n\t\t\t\t\t\t<div class=\"elementor-container elementor-column-gap-default\">\n\t\t\t\t\t<div class=\"elementor-column elementor-col-100 elementor-top-column elementor-element elementor-element-31c969b6\" data-id=\"31c969b6\" data-element_type=\"column\">\n\t\t\t<div class=\"elementor-widget-wrap elementor-element-populated\">\n\t\t\t\t\t\t<div class=\"elementor-element elementor-element-581ad67 elementor-widget elementor-widget-text-editor\" data-id=\"581ad67\" data-element_type=\"widget\" data-widget_type=\"text-editor.default\">\n\t\t\t\t<div class=\"elementor-widget-container\">\n\t\t\t\t\t\t\t\t\t<p>\t\t<div data-elementor-type=\"wp-post\" data-elementor-id=\"13303\" class=\"elementor elementor-13303\" data-elementor-post-type=\"elementor-hf\">\n\t\t\t\t\t\t<section class=\"elementor-section elementor-top-section elementor-element elementor-element-400dc26f elementor-section-boxed elementor-section-height-default elementor-section-height-default\" data-id=\"400dc26f\" data-element_type=\"section\">\n\t\t\t\t\t\t<div class=\"elementor-container elementor-column-gap-default\">\n\t\t\t\t\t<div class=\"elementor-column elementor-col-33 elementor-top-column elementor-element elementor-element-6e4fdbe5\" data-id=\"6e4fdbe5\" data-element_type=\"column\">\n\t\t\t<div class=\"elementor-widget-wrap elementor-element-populated\">\n\t\t\t\t\t\t<div class=\"elementor-element elementor-element-2718bd89 elementor-position-top elementor-widget elementor-widget-image-box\" data-id=\"2718bd89\" data-element_type=\"widget\" data-widget_type=\"image-box.default\">\n\t\t\t\t<div class=\"elementor-widget-container\">\n\t\t\t\t\t<div class=\"elementor-image-box-wrapper\"><figure class=\"elementor-image-box-img\"><img decoding=\"async\" width=\"600\" height=\"450\" src=\"https:\/\/images.siedontech.com\/2020\/06\/glasscrusher02.jpg\" class=\"attachment-full size-full wp-image-1301\" alt=\"Industrial Glass Bottle Crusher detail\" srcset=\"https:\/\/images.siedontech.com\/2020\/06\/glasscrusher02.jpg 600w, https:\/\/images.siedontech.com\/2020\/06\/glasscrusher02.jpg?x-oss-process=image%2Fquality,q_50%2Fresize,m_fill,w_300,h_225 300w, https:\/\/images.siedontech.com\/2020\/06\/glasscrusher02.jpg?x-oss-process=image%2Fquality,q_50%2Fresize,m_fill,w_200,h_150 200w, https:\/\/images.siedontech.com\/2020\/06\/glasscrusher02.jpg?x-oss-process=image%2Fquality,q_50%2Fresize,m_fill,w_400,h_300 400w\" sizes=\"(max-width: 600px) 100vw, 600px\" \/><\/figure><div class=\"elementor-image-box-content\"><h4 class=\"elementor-image-box-title\">Basse vitesse et couple \u00e9lev\u00e9<\/h4><\/div><\/div>\t\t\t\t<\/div>\n\t\t\t\t<\/div>\n\t\t\t\t\t<\/div>\n\t\t<\/div>\n\t\t\t\t<div class=\"elementor-column elementor-col-33 elementor-top-column elementor-element elementor-element-451c704b\" data-id=\"451c704b\" data-element_type=\"column\">\n\t\t\t<div class=\"elementor-widget-wrap elementor-element-populated\">\n\t\t\t\t\t\t<div class=\"elementor-element elementor-element-40434870 elementor-position-top elementor-widget elementor-widget-image-box\" data-id=\"40434870\" data-element_type=\"widget\" data-widget_type=\"image-box.default\">\n\t\t\t\t<div class=\"elementor-widget-container\">\n\t\t\t\t\t<div class=\"elementor-image-box-wrapper\"><figure class=\"elementor-image-box-img\"><img decoding=\"async\" width=\"600\" height=\"450\" src=\"https:\/\/images.siedontech.com\/2020\/06\/glasscrusher03.jpg\" class=\"attachment-full size-full wp-image-1302\" alt=\"Industrial Glass Bottle Crushers\" srcset=\"https:\/\/images.siedontech.com\/2020\/06\/glasscrusher03.jpg 600w, https:\/\/images.siedontech.com\/2020\/06\/glasscrusher03.jpg?x-oss-process=image%2Fquality,q_50%2Fresize,m_fill,w_300,h_225 300w, https:\/\/images.siedontech.com\/2020\/06\/glasscrusher03.jpg?x-oss-process=image%2Fquality,q_50%2Fresize,m_fill,w_200,h_150 200w, https:\/\/images.siedontech.com\/2020\/06\/glasscrusher03.jpg?x-oss-process=image%2Fquality,q_50%2Fresize,m_fill,w_400,h_300 400w\" sizes=\"(max-width: 600px) 100vw, 600px\" \/><\/figure><div class=\"elementor-image-box-content\"><h4 class=\"elementor-image-box-title\">Durabilit\u00e9 et long\u00e9vit\u00e9 de la lame<\/h4><\/div><\/div>\t\t\t\t<\/div>\n\t\t\t\t<\/div>\n\t\t\t\t\t<\/div>\n\t\t<\/div>\n\t\t\t\t<div class=\"elementor-column elementor-col-33 elementor-top-column elementor-element elementor-element-4b46cfdd\" data-id=\"4b46cfdd\" data-element_type=\"column\">\n\t\t\t<div class=\"elementor-widget-wrap elementor-element-populated\">\n\t\t\t\t\t\t<div class=\"elementor-element elementor-element-1020e274 elementor-position-top elementor-widget elementor-widget-image-box\" data-id=\"1020e274\" data-element_type=\"widget\" data-widget_type=\"image-box.default\">\n\t\t\t\t<div class=\"elementor-widget-container\">\n\t\t\t\t\t<div class=\"elementor-image-box-wrapper\"><figure class=\"elementor-image-box-img\"><img loading=\"lazy\" decoding=\"async\" width=\"600\" height=\"450\" src=\"https:\/\/images.siedontech.com\/2020\/06\/glasscrusher.jpg\" class=\"attachment-full size-full wp-image-1303\" alt=\"Industrial Glass Bottle Crusher output\" srcset=\"https:\/\/images.siedontech.com\/2020\/06\/glasscrusher.jpg 600w, https:\/\/images.siedontech.com\/2020\/06\/glasscrusher.jpg?x-oss-process=image%2Fquality,q_50%2Fresize,m_fill,w_300,h_225 300w, https:\/\/images.siedontech.com\/2020\/06\/glasscrusher.jpg?x-oss-process=image%2Fquality,q_50%2Fresize,m_fill,w_200,h_150 200w, https:\/\/images.siedontech.com\/2020\/06\/glasscrusher.jpg?x-oss-process=image%2Fquality,q_50%2Fresize,m_fill,w_400,h_300 400w\" sizes=\"(max-width: 600px) 100vw, 600px\" \/><\/figure><div class=\"elementor-image-box-content\"><h4 class=\"elementor-image-box-title\">Taille de sortie : 10-30mm<\/h4><\/div><\/div>\t\t\t\t<\/div>\n\t\t\t\t<\/div>\n\t\t\t\t\t<\/div>\n\t\t<\/div>\n\t\t\t\t\t<\/div>\n\t\t<\/section>\n\t\t\t\t<\/div>\n\t\t<\/p>\t\t\t\t\t\t\t\t<\/div>\n\t\t\t\t<\/div>\n\t\t\t\t<div class=\"elementor-element elementor-element-0f223e6 elementor-widget elementor-widget-heading\" data-id=\"0f223e6\" data-element_type=\"widget\" data-widget_type=\"heading.default\">\n\t\t\t\t<div class=\"elementor-widget-container\">\n\t\t\t\t\t<h2 class=\"elementor-heading-title elementor-size-default\">Description<\/h2>\t\t\t\t<\/div>\n\t\t\t\t<\/div>\n\t\t\t\t<div class=\"elementor-element elementor-element-9831e4f elementor-widget elementor-widget-text-editor\" data-id=\"9831e4f\" data-element_type=\"widget\" data-widget_type=\"text-editor.default\">\n\t\t\t\t<div class=\"elementor-widget-container\">\n\t\t\t\t\t\t\t\t\tLe broyeur de bouteilles en verre SIEDON est sp\u00e9cialement con\u00e7u pour broyer les bouteilles en verre. Il peut r\u00e9duire le volume des bouteilles en verre de 75%, ce qui permet d'\u00e9conomiser de l'espace de stockage. Notre broyeur de bouteilles en verre est largement utilis\u00e9 dans les bars, les restaurants, les h\u00f4tels, les cuisines et les supermarch\u00e9s, sur les bateaux et autres installations offshore et en milieu marin.\n<h4>Caract\u00e9ristiques du broyeur de bouteilles en verre :<\/h4>\n<ul>\n \t<li><span lang=\"DE\">Syst\u00e8me de contr\u00f4le \u00e9lectronique :\u00a0<\/span><span lang=\"EN-US\">Les composants \u00e9lectriques sont utilis\u00e9s par ABB ou Schneider.<\/span><\/li>\n \t<li><span lang=\"DE\">Couteaux rotatifs :<\/span>\u00a0<span lang=\"DE\">Alliage de r\u00e9sistance \u00e0 l'usure CrNiMo<\/span><\/li>\n \t<li>Arbre : Arbre \u00e0 haute r\u00e9sistance (mat\u00e9riau : 42CrMov )<\/li>\n \t<li><span lang=\"DE\">Machine b<\/span><span lang=\"DE\">ody :\u00a0<\/span><span lang=\"DE\">Enti\u00e8rement en acier moul\u00e9<\/span><span lang=\"DE\">\u00a0pour garantir une plus grande r\u00e9sistance et\u00a0<\/span><span lang=\"DE\">dur<\/span><span lang=\"DE\">ness.<\/span><\/li>\n \t<li><span lang=\"DE\">Protection de la s\u00e9curit\u00e9 : L'appareil\u00a0<\/span><span lang=\"DE\">a<\/span><span lang=\"DE\">\u00a0Certification CE<\/span><span lang=\"DE\">,\u00a0<\/span><span lang=\"DE\">r\u00e9aliser<\/span><span lang=\"DE\">\u00a0Normes de s\u00e9curit\u00e9 europ\u00e9ennes<\/span><span lang=\"DE\">.<\/span><\/li>\n<\/ul>\n<h3>Donn\u00e9es techniques :<\/h3>\n<table width=\"70%\">\n<thead>\n<tr>\n<th align=\"left\">Puissance du moteur<\/th>\n<th align=\"left\">3kW\/4Hp<\/th>\n<\/tr>\n<\/thead>\n<tbody>\n<tr>\n<td align=\"left\">Ouverture d'alimentation (mm)<\/td>\n<td align=\"left\">370\u00d7220<\/td>\n<\/tr>\n<tr>\n<td align=\"left\">Taille de la machine (mm)<\/td>\n<td align=\"left\">660x590x1550<\/td>\n<\/tr>\n<tr>\n<td align=\"left\">Poids de la machine (kg)<\/td>\n<td align=\"left\">270<\/td>\n<\/tr>\n<tr>\n<td align=\"left\">R\u00e9duction du volume<\/td>\n<td align=\"left\">\u226575%<\/td>\n<\/tr>\n<tr>\n<td align=\"left\">Vitesse de l'arbre (rpm)<\/td>\n<td align=\"left\">800<\/td>\n<\/tr>\n<tr>\n<td align=\"left\">Taille de sortie (mm)<\/td>\n<td align=\"left\">\u226430<\/td>\n<\/tr>\n<tr>\n<td align=\"left\">Capacit\u00e9 (pcs\/min)*3<\/td>\n<td align=\"left\">20~30<\/td>\n<\/tr>\n<\/tbody>\n<\/table>\t\t\t\t\t\t\t\t<\/div>\n\t\t\t\t<\/div>\n\t\t\t\t\t<\/div>\n\t\t<\/div>\n\t\t\t\t\t<\/div>\n\t\t<\/section>\n\t\t\t\t<section class=\"elementor-section elementor-top-section elementor-element elementor-element-46c692ec elementor-section-boxed elementor-section-height-default elementor-section-height-default\" data-id=\"46c692ec\" data-element_type=\"section\">\n\t\t\t\t\t\t<div class=\"elementor-container elementor-column-gap-default\">\n\t\t\t\t\t<div class=\"elementor-column elementor-col-100 elementor-top-column elementor-element elementor-element-7cbca5e\" data-id=\"7cbca5e\" data-element_type=\"column\">\n\t\t\t<div class=\"elementor-widget-wrap elementor-element-populated\">\n\t\t\t\t\t\t<div class=\"elementor-element elementor-element-6917f0d3 elementor-share-buttons--view-icon-text elementor-share-buttons--skin-gradient elementor-share-buttons--shape-square elementor-grid-0 elementor-share-buttons--color-official elementor-widget elementor-widget-share-buttons\" data-id=\"6917f0d3\" data-element_type=\"widget\" data-widget_type=\"share-buttons.default\">\n\t\t\t\t<div class=\"elementor-widget-container\">\n\t\t\t\t\t\t\t<div class=\"elementor-grid\">\n\t\t\t\t\t\t\t\t<div class=\"elementor-grid-item\">\n\t\t\t\t\t\t<div\n\t\t\t\t\t\t\tclass=\"elementor-share-btn elementor-share-btn_facebook\"\n\t\t\t\t\t\t\trole=\"button\"\n\t\t\t\t\t\t\ttabindex=\"0\"\n\t\t\t\t\t\t\taria-label=\"Partager sur facebook\"\n\t\t\t\t\t\t>\n\t\t\t\t\t\t\t\t\t\t\t\t\t\t\t<span class=\"elementor-share-btn__icon\">\n\t\t\t\t\t\t\t\t<i class=\"fab fa-facebook\" aria-hidden=\"true\"><\/i>\t\t\t\t\t\t\t<\/span>\n\t\t\t\t\t\t\t\t\t\t\t\t\t\t\t\t\t\t\t\t<\/div>\n\t\t\t\t\t<\/div>\n\t\t\t\t\t\t\t\t\t<div class=\"elementor-grid-item\">\n\t\t\t\t\t\t<div\n\t\t\t\t\t\t\tclass=\"elementor-share-btn elementor-share-btn_twitter\"\n\t\t\t\t\t\t\trole=\"button\"\n\t\t\t\t\t\t\ttabindex=\"0\"\n\t\t\t\t\t\t\taria-label=\"Partager sur twitter\"\n\t\t\t\t\t\t>\n\t\t\t\t\t\t\t\t\t\t\t\t\t\t\t<span class=\"elementor-share-btn__icon\">\n\t\t\t\t\t\t\t\t<i class=\"fab fa-twitter\" aria-hidden=\"true\"><\/i>\t\t\t\t\t\t\t<\/span>\n\t\t\t\t\t\t\t\t\t\t\t\t\t\t\t\t\t\t\t\t<\/div>\n\t\t\t\t\t<\/div>\n\t\t\t\t\t\t\t\t\t<div class=\"elementor-grid-item\">\n\t\t\t\t\t\t<div\n\t\t\t\t\t\t\tclass=\"elementor-share-btn elementor-share-btn_linkedin\"\n\t\t\t\t\t\t\trole=\"button\"\n\t\t\t\t\t\t\ttabindex=\"0\"\n\t\t\t\t\t\t\taria-label=\"Partager sur linkedin\"\n\t\t\t\t\t\t>\n\t\t\t\t\t\t\t\t\t\t\t\t\t\t\t<span class=\"elementor-share-btn__icon\">\n\t\t\t\t\t\t\t\t<i class=\"fab fa-linkedin\" aria-hidden=\"true\"><\/i>\t\t\t\t\t\t\t<\/span>\n\t\t\t\t\t\t\t\t\t\t\t\t\t\t\t\t\t\t\t\t<\/div>\n\t\t\t\t\t<\/div>\n\t\t\t\t\t\t\t\t\t<div class=\"elementor-grid-item\">\n\t\t\t\t\t\t<div\n\t\t\t\t\t\t\tclass=\"elementor-share-btn elementor-share-btn_reddit\"\n\t\t\t\t\t\t\trole=\"button\"\n\t\t\t\t\t\t\ttabindex=\"0\"\n\t\t\t\t\t\t\taria-label=\"Partager sur reddit\"\n\t\t\t\t\t\t>\n\t\t\t\t\t\t\t\t\t\t\t\t\t\t\t<span class=\"elementor-share-btn__icon\">\n\t\t\t\t\t\t\t\t<i class=\"fab fa-reddit\" aria-hidden=\"true\"><\/i>\t\t\t\t\t\t\t<\/span>\n\t\t\t\t\t\t\t\t\t\t\t\t\t\t\t\t\t\t\t\t<\/div>\n\t\t\t\t\t<\/div>\n\t\t\t\t\t\t\t\t\t<div class=\"elementor-grid-item\">\n\t\t\t\t\t\t<div\n\t\t\t\t\t\t\tclass=\"elementor-share-btn elementor-share-btn_email\"\n\t\t\t\t\t\t\trole=\"button\"\n\t\t\t\t\t\t\ttabindex=\"0\"\n\t\t\t\t\t\t\taria-label=\"Partager sur email\"\n\t\t\t\t\t\t>\n\t\t\t\t\t\t\t\t\t\t\t\t\t\t\t<span class=\"elementor-share-btn__icon\">\n\t\t\t\t\t\t\t\t<i class=\"fas fa-envelope\" aria-hidden=\"true\"><\/i>\t\t\t\t\t\t\t<\/span>\n\t\t\t\t\t\t\t\t\t\t\t\t\t\t\t\t\t\t\t\t<\/div>\n\t\t\t\t\t<\/div>\n\t\t\t\t\t\t\t\t\t<div class=\"elementor-grid-item\">\n\t\t\t\t\t\t<div\n\t\t\t\t\t\t\tclass=\"elementor-share-btn elementor-share-btn_tumblr\"\n\t\t\t\t\t\t\trole=\"button\"\n\t\t\t\t\t\t\ttabindex=\"0\"\n\t\t\t\t\t\t\taria-label=\"Partager sur tumblr\"\n\t\t\t\t\t\t>\n\t\t\t\t\t\t\t\t\t\t\t\t\t\t\t<span class=\"elementor-share-btn__icon\">\n\t\t\t\t\t\t\t\t<i class=\"fab fa-tumblr\" aria-hidden=\"true\"><\/i>\t\t\t\t\t\t\t<\/span>\n\t\t\t\t\t\t\t\t\t\t\t\t\t\t\t\t\t\t\t\t<\/div>\n\t\t\t\t\t<\/div>\n\t\t\t\t\t\t<\/div>\n\t\t\t\t\t\t<\/div>\n\t\t\t\t<\/div>\n\t\t\t\t\t<\/div>\n\t\t<\/div>\n\t\t\t\t\t<\/div>\n\t\t<\/section>\n\t\t\t\t<\/div>","protected":false},"excerpt":{"rendered":"<p>Industrial Glass Bottle Shredder Model GB103 Brand SIEDON Categories Crusher FOB Port Guangzhou, Shenzhen EURO-STANDARD and CE certificate 2 Years Long Warranty Whatsapp US! https:\/\/www.youtube.com\/watch?v=1dd4hgnqgCc Description SIEDON Glass Bottle Shredder is special designed for shredding glass bottle, which can reduce the volume of glass bottles by 75%, thus greatly saving storage space. Our glass bottle [&hellip;]<\/p>\n","protected":false},"author":1,"featured_media":1300,"parent":1336,"menu_order":0,"comment_status":"closed","ping_status":"closed","template":"","meta":{"site-sidebar-layout":"left-sidebar","site-content-layout":"plain-container","ast-site-content-layout":"normal-width-container","site-content-style":"unboxed","site-sidebar-style":"unboxed","ast-global-header-display":"","ast-banner-title-visibility":"","ast-main-header-display":"","ast-hfb-above-header-display":"","ast-hfb-below-header-display":"","ast-hfb-mobile-header-display":"","site-post-title":"disabled","ast-breadcrumbs-content":"","ast-featured-img":"disabled","footer-sml-layout":"","theme-transparent-header-meta":"default","adv-header-id-meta":"","stick-header-meta":"","header-above-stick-meta":"","header-main-stick-meta":"","header-below-stick-meta":"","astra-migrate-meta-layouts":"set","ast-page-background-enabled":"default","ast-page-background-meta":{"desktop":{"background-color":"","background-image":"","background-repeat":"repeat","background-position":"center center","background-size":"auto","background-attachment":"scroll","background-type":"","background-media":"","overlay-type":"","overlay-color":"","overlay-opacity":"","overlay-gradient":""},"tablet":{"background-color":"","background-image":"","background-repeat":"repeat","background-position":"center center","background-size":"auto","background-attachment":"scroll","background-type":"","background-media":"","overlay-type":"","overlay-color":"","overlay-opacity":"","overlay-gradient":""},"mobile":{"background-color":"","background-image":"","background-repeat":"repeat","background-position":"center center","background-size":"auto","background-attachment":"scroll","background-type":"","background-media":"","overlay-type":"","overlay-color":"","overlay-opacity":"","overlay-gradient":""}},"ast-content-background-meta":{"desktop":{"background-color":"var(--ast-global-color-5)","background-image":"","background-repeat":"repeat","background-position":"center center","background-size":"auto","background-attachment":"scroll","background-type":"","background-media":"","overlay-type":"","overlay-color":"","overlay-opacity":"","overlay-gradient":""},"tablet":{"background-color":"var(--ast-global-color-5)","background-image":"","background-repeat":"repeat","background-position":"center center","background-size":"auto","background-attachment":"scroll","background-type":"","background-media":"","overlay-type":"","overlay-color":"","overlay-opacity":"","overlay-gradient":""},"mobile":{"background-color":"var(--ast-global-color-5)","background-image":"","background-repeat":"repeat","background-position":"center center","background-size":"auto","background-attachment":"scroll","background-type":"","background-media":"","overlay-type":"","overlay-color":"","overlay-opacity":"","overlay-gradient":""}},"footnotes":""},"_links":{"self":[{"href":"https:\/\/www.siedontech.com\/fr\/wp-json\/wp\/v2\/pages\/1297"}],"collection":[{"href":"https:\/\/www.siedontech.com\/fr\/wp-json\/wp\/v2\/pages"}],"about":[{"href":"https:\/\/www.siedontech.com\/fr\/wp-json\/wp\/v2\/types\/page"}],"author":[{"embeddable":true,"href":"https:\/\/www.siedontech.com\/fr\/wp-json\/wp\/v2\/users\/1"}],"replies":[{"embeddable":true,"href":"https:\/\/www.siedontech.com\/fr\/wp-json\/wp\/v2\/comments?post=1297"}],"version-history":[{"count":0,"href":"https:\/\/www.siedontech.com\/fr\/wp-json\/wp\/v2\/pages\/1297\/revisions"}],"up":[{"embeddable":true,"href":"https:\/\/www.siedontech.com\/fr\/wp-json\/wp\/v2\/pages\/1336"}],"wp:featuredmedia":[{"embeddable":true,"href":"https:\/\/www.siedontech.com\/fr\/wp-json\/wp\/v2\/media\/1300"}],"wp:attachment":[{"href":"https:\/\/www.siedontech.com\/fr\/wp-json\/wp\/v2\/media?parent=1297"}],"curies":[{"name":"wp","href":"https:\/\/api.w.org\/{rel}","templated":true}]}}