{"id":13563,"date":"2021-10-28T15:56:13","date_gmt":"2021-10-28T07:56:13","guid":{"rendered":"https:\/\/www.siedontech.com\/?page_id=13563"},"modified":"2024-08-14T11:44:36","modified_gmt":"2024-08-14T03:44:36","slug":"privacy-notice","status":"publish","type":"page","link":"https:\/\/www.siedontech.com\/fr\/privacy-notice","title":{"rendered":"Avis de confidentialit\u00e9"},"content":{"rendered":"<p>Siedontech.com est conscient que la s\u00e9curit\u00e9 de vos informations priv\u00e9es provenant de l'utilisation de notre site web est une pr\u00e9occupation importante. Nous prenons la protection de vos donn\u00e9es personnelles tr\u00e8s au s\u00e9rieux. C'est pourquoi nous aimerions que vous sachiez quelles donn\u00e9es nous conservons et quelles donn\u00e9es nous \u00e9liminons. Par le biais de cet avis de confidentialit\u00e9, nous souhaitons vous informer de nos mesures de s\u00e9curit\u00e9.<\/p>\n\n\n\n<p><strong>Collecte et traitement des donn\u00e9es \u00e0 caract\u00e8re personnel<\/strong><\/p>\n\n\n\n<p>Nous ne recueillons des donn\u00e9es personnelles que lorsque vous nous les fournissez, par le biais d'une inscription, en remplissant des formulaires ou en envoyant des courriers \u00e9lectroniques, dans le cadre d'une commande de produits ou de services, de demandes de renseignements ou de demandes concernant des mat\u00e9riaux command\u00e9s et d'autres situations similaires dans lesquelles vous avez choisi de nous fournir des informations. La base de donn\u00e9es et son contenu restent dans notre entreprise et sont conserv\u00e9s par des processeurs de donn\u00e9es ou des serveurs qui agissent en notre nom et sont responsables devant nous. Nous ne transmettrons pas vos donn\u00e9es personnelles \u00e0 des tiers pour qu'ils les utilisent sous quelque forme que ce soit, sauf si nous avons obtenu votre consentement ou si nous sommes l\u00e9galement tenus de le faire. Nous conservons le contr\u00f4le et la responsabilit\u00e9 de l'utilisation de toutes les donn\u00e9es personnelles que vous nous communiquez. Certaines de ces donn\u00e9es peuvent \u00eatre stock\u00e9es ou trait\u00e9es sur des ordinateurs situ\u00e9s dans d'autres juridictions, telles que les \u00c9tats-Unis, dont les lois sur la protection des donn\u00e9es peuvent diff\u00e9rer de la juridiction dans laquelle vous vivez. Dans ce cas, nous veillerons \u00e0 ce que des protections appropri\u00e9es soient mises en place pour exiger du responsable du traitement des donn\u00e9es dans ce pays qu'il maintienne des protections sur les donn\u00e9es \u00e9quivalentes \u00e0 celles qui s'appliquent dans le pays o\u00f9 vous vivez.<\/p>\n\n\n\n<p><strong>Objectifs de l'utilisation<\/strong><\/p>\n\n\n\n<p>Les donn\u00e9es que nous recueillons ne seront utilis\u00e9es que dans le but de vous fournir les produits ou services demand\u00e9s ou \u00e0 d'autres fins pour lesquelles vous avez donn\u00e9 votre consentement, sauf disposition contraire de la loi.<\/p>\n\n\n\n<p><strong>\u00c0 quelles fins utilisons-nous vos informations ?<\/strong><\/p>\n\n\n\n<p>Les informations que nous recueillons aupr\u00e8s de vous peuvent \u00eatre utilis\u00e9es de l'une des mani\u00e8res suivantes :<\/p>\n\n\n\n<p>-Pour personnaliser votre exp\u00e9rience<\/p>\n\n\n\n<p>(vos informations nous aident \u00e0 mieux r\u00e9pondre \u00e0 vos besoins individuels)<\/p>\n\n\n\n<p>-Am\u00e9liorer notre site web<\/p>\n\n\n\n<p>(nous nous effor\u00e7ons continuellement d'am\u00e9liorer les offres de notre site web sur la base des informations et des commentaires que nous recevons de votre part)<\/p>\n\n\n\n<p>-Am\u00e9liorer le service \u00e0 la client\u00e8le<\/p>\n\n\n\n<p>(vos informations nous aident \u00e0 r\u00e9pondre plus efficacement \u00e0 vos demandes de service \u00e0 la client\u00e8le et \u00e0 vos besoins d'assistance)<\/p>\n\n\n\n<p>-Traiter les transactions<\/p>\n\n\n\n<p>Vos informations, qu'elles soient publiques ou priv\u00e9es, ne seront pas vendues, \u00e9chang\u00e9es, transf\u00e9r\u00e9es ou donn\u00e9es \u00e0 une autre soci\u00e9t\u00e9 pour quelque raison que ce soit, sans votre consentement, sauf dans le but expr\u00e8s de livrer le produit achet\u00e9 ou le service demand\u00e9 par le client.<\/p>\n\n\n\n<p>-Pour envoyer des courriels p\u00e9riodiques<\/p>\n\n\n\n<p>L'adresse \u00e9lectronique que vous fournissez pour le traitement de votre commande peut \u00eatre utilis\u00e9e pour vous envoyer des informations et des mises \u00e0 jour concernant votre commande, ainsi que pour recevoir occasionnellement des nouvelles de l'entreprise, des mises \u00e0 jour, des informations sur des produits ou des services connexes, etc.<\/p>\n\n\n\n<p>Remarque : si vous souhaitez \u00e0 tout moment vous d\u00e9sinscrire pour ne plus recevoir de courriers \u00e9lectroniques, nous incluons des instructions d\u00e9taill\u00e9es de d\u00e9sinscription au bas de chaque courrier \u00e9lectronique.<\/p>\n\n\n\n<p>-pour g\u00e9rer un concours, une promotion, une enqu\u00eate ou une autre fonction du site<\/p>","protected":false},"excerpt":{"rendered":"<p>Siedontech.com&nbsp;is aware that the security of your private information from the use of our website is an important concern. We take the protection of your personal data very seriously. Therefore we would like you to know what data we maintain and what data we discard. With this privacy notice, we would like to inform you [&hellip;]<\/p>\n","protected":false},"author":1,"featured_media":0,"parent":0,"menu_order":0,"comment_status":"closed","ping_status":"closed","template":"","meta":{"site-sidebar-layout":"default","site-content-layout":"default","ast-site-content-layout":"default","site-content-style":"default","site-sidebar-style":"default","ast-global-header-display":"","ast-banner-title-visibility":"","ast-main-header-display":"","ast-hfb-above-header-display":"","ast-hfb-below-header-display":"","ast-hfb-mobile-header-display":"","site-post-title":"","ast-breadcrumbs-content":"","ast-featured-img":"","footer-sml-layout":"","theme-transparent-header-meta":"default","adv-header-id-meta":"","stick-header-meta":"","header-above-stick-meta":"","header-main-stick-meta":"","header-below-stick-meta":"","astra-migrate-meta-layouts":"set","ast-page-background-enabled":"default","ast-page-background-meta":{"desktop":{"background-color":"","background-image":"","background-repeat":"repeat","background-position":"center center","background-size":"auto","background-attachment":"scroll","background-type":"","background-media":"","overlay-type":"","overlay-color":"","overlay-opacity":"","overlay-gradient":""},"tablet":{"background-color":"","background-image":"","background-repeat":"repeat","background-position":"center center","background-size":"auto","background-attachment":"scroll","background-type":"","background-media":"","overlay-type":"","overlay-color":"","overlay-opacity":"","overlay-gradient":""},"mobile":{"background-color":"","background-image":"","background-repeat":"repeat","background-position":"center center","background-size":"auto","background-attachment":"scroll","background-type":"","background-media":"","overlay-type":"","overlay-color":"","overlay-opacity":"","overlay-gradient":""}},"ast-content-background-meta":{"desktop":{"background-color":"var(--ast-global-color-5)","background-image":"","background-repeat":"repeat","background-position":"center center","background-size":"auto","background-attachment":"scroll","background-type":"","background-media":"","overlay-type":"","overlay-color":"","overlay-opacity":"","overlay-gradient":""},"tablet":{"background-color":"var(--ast-global-color-5)","background-image":"","background-repeat":"repeat","background-position":"center center","background-size":"auto","background-attachment":"scroll","background-type":"","background-media":"","overlay-type":"","overlay-color":"","overlay-opacity":"","overlay-gradient":""},"mobile":{"background-color":"var(--ast-global-color-5)","background-image":"","background-repeat":"repeat","background-position":"center center","background-size":"auto","background-attachment":"scroll","background-type":"","background-media":"","overlay-type":"","overlay-color":"","overlay-opacity":"","overlay-gradient":""}},"footnotes":""},"_links":{"self":[{"href":"https:\/\/www.siedontech.com\/fr\/wp-json\/wp\/v2\/pages\/13563"}],"collection":[{"href":"https:\/\/www.siedontech.com\/fr\/wp-json\/wp\/v2\/pages"}],"about":[{"href":"https:\/\/www.siedontech.com\/fr\/wp-json\/wp\/v2\/types\/page"}],"author":[{"embeddable":true,"href":"https:\/\/www.siedontech.com\/fr\/wp-json\/wp\/v2\/users\/1"}],"replies":[{"embeddable":true,"href":"https:\/\/www.siedontech.com\/fr\/wp-json\/wp\/v2\/comments?post=13563"}],"version-history":[{"count":0,"href":"https:\/\/www.siedontech.com\/fr\/wp-json\/wp\/v2\/pages\/13563\/revisions"}],"wp:attachment":[{"href":"https:\/\/www.siedontech.com\/fr\/wp-json\/wp\/v2\/media?parent=13563"}],"curies":[{"name":"wp","href":"https:\/\/api.w.org\/{rel}","templated":true}]}}