{"id":1377,"date":"2020-06-29T09:27:58","date_gmt":"2020-06-29T09:27:58","guid":{"rendered":"https:\/\/www.siedontech.com\/?page_id=1377"},"modified":"2025-11-24T14:01:29","modified_gmt":"2025-11-24T06:01:29","slug":"two-shaft-shredder","status":"publish","type":"page","link":"https:\/\/www.siedontech.com\/fr\/solid-waste-shredder\/two-shaft-shredder","title":{"rendered":"D\u00e9chiqueteur \u00e0 deux arbres \u00e0 usage moyen"},"content":{"rendered":"<div data-elementor-type=\"wp-page\" data-elementor-id=\"1377\" class=\"elementor elementor-1377\" data-elementor-post-type=\"page\">\n\t\t\t\t\t\t<section class=\"elementor-section elementor-top-section elementor-element elementor-element-7b989f5d elementor-section-boxed elementor-section-height-default elementor-section-height-default\" data-id=\"7b989f5d\" data-element_type=\"section\">\n\t\t\t\t\t\t<div class=\"elementor-container elementor-column-gap-extended\">\n\t\t\t\t\t<div class=\"elementor-column elementor-col-50 elementor-top-column elementor-element elementor-element-57723c7b\" data-id=\"57723c7b\" data-element_type=\"column\">\n\t\t\t<div class=\"elementor-widget-wrap elementor-element-populated\">\n\t\t\t\t\t\t<div class=\"elementor-element elementor-element-55b49754 elementor-widget elementor-widget-image\" data-id=\"55b49754\" data-element_type=\"widget\" data-widget_type=\"image.default\">\n\t\t\t\t<div class=\"elementor-widget-container\">\n\t\t\t\t\t\t\t\t\t\t\t\t\t\t\t<img fetchpriority=\"high\" decoding=\"async\" width=\"600\" height=\"600\" src=\"https:\/\/images.siedontech.com\/2020\/06\/shredder02.jpg\" class=\"attachment-large size-large wp-image-1380\" alt=\"\" srcset=\"https:\/\/images.siedontech.com\/2020\/06\/shredder02.jpg 600w, https:\/\/images.siedontech.com\/2020\/06\/shredder02.jpg?x-oss-process=image%2Fquality,q_50%2Fresize,m_fill,w_300,h_300 300w, https:\/\/images.siedontech.com\/2020\/06\/shredder02.jpg?x-oss-process=image%2Fquality,q_50%2Fresize,m_fill,w_150,h_150 150w, https:\/\/images.siedontech.com\/2020\/06\/shredder02.jpg?x-oss-process=image%2Fquality,q_50%2Fresize,m_fill,w_66,h_66 66w, https:\/\/images.siedontech.com\/2020\/06\/shredder02.jpg?x-oss-process=image%2Fquality,q_50%2Fresize,m_fill,w_200,h_200 200w, https:\/\/images.siedontech.com\/2020\/06\/shredder02.jpg?x-oss-process=image%2Fquality,q_50%2Fresize,m_fill,w_400,h_400 400w\" sizes=\"(max-width: 600px) 100vw, 600px\" \/>\t\t\t\t\t\t\t\t\t\t\t\t\t\t\t<\/div>\n\t\t\t\t<\/div>\n\t\t\t\t\t<\/div>\n\t\t<\/div>\n\t\t\t\t<div class=\"elementor-column elementor-col-50 elementor-top-column elementor-element elementor-element-27c1cb62\" data-id=\"27c1cb62\" data-element_type=\"column\">\n\t\t\t<div class=\"elementor-widget-wrap elementor-element-populated\">\n\t\t\t\t\t\t<div class=\"elementor-element elementor-element-15a4288c elementor-widget elementor-widget-heading\" data-id=\"15a4288c\" data-element_type=\"widget\" data-widget_type=\"heading.default\">\n\t\t\t\t<div class=\"elementor-widget-container\">\n\t\t\t\t\t<h2 class=\"elementor-heading-title elementor-size-default\">D\u00e9chiqueteuse \u00e0 deux arbres de service moyen<\/h2>\t\t\t\t<\/div>\n\t\t\t\t<\/div>\n\t\t\t\t<div class=\"elementor-element elementor-element-d8e27b5 elementor-widget elementor-widget-text-editor\" data-id=\"d8e27b5\" data-element_type=\"widget\" data-widget_type=\"text-editor.default\">\n\t\t\t\t<div class=\"elementor-widget-container\">\n\t\t\t\t\t\t\t\t\t<figure class=\"wp-block-table is-style-stripes\"><table><tbody><tr><td>Mod\u00e8le<\/td><td>S\u00e9rie TS<\/td><\/tr><tr><td>Marque<\/td><td>SIEDON<\/td><\/tr><tr><td>Cat\u00e9gories<\/td><td>Broyeur<\/td><\/tr><tr><td>Port FOB<\/td><td>Guangzhou, Shenzhen<\/td><\/tr><\/tbody><\/table><\/figure>\t\t\t\t\t\t\t\t<\/div>\n\t\t\t\t<\/div>\n\t\t\t\t<div class=\"elementor-element elementor-element-4ad806f0 elementor-icon-list--layout-traditional elementor-list-item-link-full_width elementor-widget elementor-widget-icon-list\" data-id=\"4ad806f0\" data-element_type=\"widget\" data-widget_type=\"icon-list.default\">\n\t\t\t\t<div class=\"elementor-widget-container\">\n\t\t\t\t\t\t\t<ul class=\"elementor-icon-list-items\">\n\t\t\t\t\t\t\t<li class=\"elementor-icon-list-item\">\n\t\t\t\t\t\t\t\t\t\t\t<span class=\"elementor-icon-list-icon\">\n\t\t\t\t\t\t\t<i aria-hidden=\"true\" class=\"fas fa-caret-right\"><\/i>\t\t\t\t\t\t<\/span>\n\t\t\t\t\t\t\t\t\t\t<span class=\"elementor-icon-list-text\">Certificat EURO-STANDARD et CE<\/span>\n\t\t\t\t\t\t\t\t\t<\/li>\n\t\t\t\t\t\t\t\t<li class=\"elementor-icon-list-item\">\n\t\t\t\t\t\t\t\t\t\t\t<span class=\"elementor-icon-list-icon\">\n\t\t\t\t\t\t\t<i aria-hidden=\"true\" class=\"fas fa-caret-right\"><\/i>\t\t\t\t\t\t<\/span>\n\t\t\t\t\t\t\t\t\t\t<span class=\"elementor-icon-list-text\">2 ans de garantie<\/span>\n\t\t\t\t\t\t\t\t\t<\/li>\n\t\t\t\t\t\t<\/ul>\n\t\t\t\t\t\t<\/div>\n\t\t\t\t<\/div>\n\t\t\t\t<div class=\"elementor-element elementor-element-8ed56e1 elementor-widget elementor-widget-global elementor-global-14785 elementor-widget-button\" data-id=\"8ed56e1\" data-element_type=\"widget\" data-widget_type=\"button.default\">\n\t\t\t\t<div class=\"elementor-widget-container\">\n\t\t\t\t\t\t\t\t\t<div class=\"elementor-button-wrapper\">\n\t\t\t\t\t<a class=\"elementor-button elementor-button-link elementor-size-sm\" href=\"https:\/\/api.whatsapp.com\/send?phone=8615920498084\" target=\"_blank\">\n\t\t\t\t\t\t<span class=\"elementor-button-content-wrapper\">\n\t\t\t\t\t\t\t\t\t<span class=\"elementor-button-text\">Whatsapp US !<\/span>\n\t\t\t\t\t<\/span>\n\t\t\t\t\t<\/a>\n\t\t\t\t<\/div>\n\t\t\t\t\t\t\t\t<\/div>\n\t\t\t\t<\/div>\n\t\t\t\t\t<\/div>\n\t\t<\/div>\n\t\t\t\t\t<\/div>\n\t\t<\/section>\n\t\t\t\t<section class=\"elementor-section elementor-top-section elementor-element elementor-element-6d2052d1 elementor-section-boxed elementor-section-height-default elementor-section-height-default\" data-id=\"6d2052d1\" data-element_type=\"section\">\n\t\t\t\t\t\t<div class=\"elementor-container elementor-column-gap-default\">\n\t\t\t\t\t<div class=\"elementor-column elementor-col-100 elementor-top-column elementor-element elementor-element-8e91f4c\" data-id=\"8e91f4c\" data-element_type=\"column\">\n\t\t\t<div class=\"elementor-widget-wrap elementor-element-populated\">\n\t\t\t\t\t\t<div class=\"elementor-element elementor-element-5051cd9 elementor-widget elementor-widget-text-editor\" data-id=\"5051cd9\" data-element_type=\"widget\" data-widget_type=\"text-editor.default\">\n\t\t\t\t<div class=\"elementor-widget-container\">\n\t\t\t\t\t\t\t\t\t<p>\t\t<div data-elementor-type=\"wp-post\" data-elementor-id=\"13329\" class=\"elementor elementor-13329\" data-elementor-post-type=\"elementor-hf\">\n\t\t\t\t\t\t<section class=\"elementor-section elementor-top-section elementor-element elementor-element-6517b2f elementor-section-boxed elementor-section-height-default elementor-section-height-default\" data-id=\"6517b2f\" data-element_type=\"section\">\n\t\t\t\t\t\t<div class=\"elementor-container elementor-column-gap-default\">\n\t\t\t\t\t<div class=\"elementor-column elementor-col-33 elementor-top-column elementor-element elementor-element-2629b607\" data-id=\"2629b607\" data-element_type=\"column\">\n\t\t\t<div class=\"elementor-widget-wrap elementor-element-populated\">\n\t\t\t\t\t\t<div class=\"elementor-element elementor-element-35eb0617 elementor-position-top elementor-widget elementor-widget-image-box\" data-id=\"35eb0617\" data-element_type=\"widget\" data-widget_type=\"image-box.default\">\n\t\t\t\t<div class=\"elementor-widget-container\">\n\t\t\t\t\t<div class=\"elementor-image-box-wrapper\"><figure class=\"elementor-image-box-img\"><img decoding=\"async\" width=\"600\" height=\"450\" src=\"https:\/\/images.siedontech.com\/2020\/06\/shredderdetail03.jpg\" class=\"attachment-full size-full wp-image-1381\" alt=\"\" srcset=\"https:\/\/images.siedontech.com\/2020\/06\/shredderdetail03.jpg 600w, https:\/\/images.siedontech.com\/2020\/06\/shredderdetail03.jpg?x-oss-process=image%2Fquality,q_50%2Fresize,m_fill,w_300,h_225 300w, https:\/\/images.siedontech.com\/2020\/06\/shredderdetail03.jpg?x-oss-process=image%2Fquality,q_50%2Fresize,m_fill,w_200,h_150 200w, https:\/\/images.siedontech.com\/2020\/06\/shredderdetail03.jpg?x-oss-process=image%2Fquality,q_50%2Fresize,m_fill,w_400,h_300 400w\" sizes=\"(max-width: 600px) 100vw, 600px\" \/><\/figure><div class=\"elementor-image-box-content\"><h4 class=\"elementor-image-box-title\">Double joint d'\u00e9tanch\u00e9it\u00e9 pour la protection des roulements.<\/h4><\/div><\/div>\t\t\t\t<\/div>\n\t\t\t\t<\/div>\n\t\t\t\t\t<\/div>\n\t\t<\/div>\n\t\t\t\t<div class=\"elementor-column elementor-col-33 elementor-top-column elementor-element elementor-element-3e37a3d5\" data-id=\"3e37a3d5\" data-element_type=\"column\">\n\t\t\t<div class=\"elementor-widget-wrap elementor-element-populated\">\n\t\t\t\t\t\t<div class=\"elementor-element elementor-element-223d587f elementor-position-top elementor-widget elementor-widget-image-box\" data-id=\"223d587f\" data-element_type=\"widget\" data-widget_type=\"image-box.default\">\n\t\t\t\t<div class=\"elementor-widget-container\">\n\t\t\t\t\t<div class=\"elementor-image-box-wrapper\"><figure class=\"elementor-image-box-img\"><img decoding=\"async\" width=\"500\" height=\"375\" src=\"https:\/\/images.siedontech.com\/2shredder1.jpg\" class=\"attachment-full size-full wp-image-14662\" alt=\"\" \/><\/figure><div class=\"elementor-image-box-content\"><h4 class=\"elementor-image-box-title\">Couteau en alliage tr\u00e8s r\u00e9sistant \u00e0 l'usure<\/h4><\/div><\/div>\t\t\t\t<\/div>\n\t\t\t\t<\/div>\n\t\t\t\t\t<\/div>\n\t\t<\/div>\n\t\t\t\t<div class=\"elementor-column elementor-col-33 elementor-top-column elementor-element elementor-element-1748f552\" data-id=\"1748f552\" data-element_type=\"column\">\n\t\t\t<div class=\"elementor-widget-wrap elementor-element-populated\">\n\t\t\t\t\t\t<div class=\"elementor-element elementor-element-65bfacfe elementor-position-top elementor-widget elementor-widget-image-box\" data-id=\"65bfacfe\" data-element_type=\"widget\" data-widget_type=\"image-box.default\">\n\t\t\t\t<div class=\"elementor-widget-container\">\n\t\t\t\t\t<div class=\"elementor-image-box-wrapper\"><figure class=\"elementor-image-box-img\"><img loading=\"lazy\" decoding=\"async\" width=\"500\" height=\"375\" src=\"https:\/\/images.siedontech.com\/TSdetail2.jpg\" class=\"attachment-full size-full wp-image-14663\" alt=\"\" \/><\/figure><div class=\"elementor-image-box-content\"><h4 class=\"elementor-image-box-title\">Le si\u00e8ge du palier cannel\u00e9 brevet\u00e9 supporte une force uniforme<\/h4><\/div><\/div>\t\t\t\t<\/div>\n\t\t\t\t<\/div>\n\t\t\t\t\t<\/div>\n\t\t<\/div>\n\t\t\t\t\t<\/div>\n\t\t<\/section>\n\t\t\t\t<\/div>\n\t\t<\/p>\t\t\t\t\t\t\t\t<\/div>\n\t\t\t\t<\/div>\n\t\t\t\t<div class=\"elementor-element elementor-element-183666c elementor-widget elementor-widget-heading\" data-id=\"183666c\" data-element_type=\"widget\" data-widget_type=\"heading.default\">\n\t\t\t\t<div class=\"elementor-widget-container\">\n\t\t\t\t\t<h2 class=\"elementor-heading-title elementor-size-default\">Description :<\/h2>\t\t\t\t<\/div>\n\t\t\t\t<\/div>\n\t\t\t\t<div class=\"elementor-element elementor-element-bb1c1bc elementor-widget elementor-widget-text-editor\" data-id=\"bb1c1bc\" data-element_type=\"widget\" data-widget_type=\"text-editor.default\">\n\t\t\t\t<div class=\"elementor-widget-container\">\n\t\t\t\t\t\t\t\t\t<p>Le broyeur \u00e0 deux arbres de Siedon se caract\u00e9rise par une conception m\u00fbre, une structure robuste et un r\u00e9sultat de broyage tr\u00e8s efficace. Les broyeurs \u00e0 deux arbres sont normalement utilis\u00e9s comme premi\u00e8re \u00e9tape de broyage pour des mat\u00e9riaux tels que les ordures m\u00e9nag\u00e8res, les pneus de camion, les f\u00fbts en acier, les d\u00e9chets organiques et les d\u00e9chets solides municipaux.<\/p><h4>Caract\u00e9ristiques du broyeur \u00e0 deux arbres :<\/h4><ul><li>Alliage de haute qualit\u00e9 <a href=\"https:\/\/bladesg.com\/shredder-blade-guide\/\" target=\"_blank\" rel=\"noopener\">lames de broyeur<\/a>La r\u00e9sistance \u00e0 l'impact est forte, elle peut \u00eatre utilis\u00e9e pour couper du m\u00e9tal et n'est jamais fractur\u00e9e.<\/li><li>Les couteaux du rotor peuvent \u00eatre r\u00e9par\u00e9s par soudage et polissage, ce qui permet d'effectuer des r\u00e9parations r\u00e9p\u00e9t\u00e9es et de r\u00e9duire consid\u00e9rablement les co\u00fbts de maintenance.<\/li><li>L'al\u00e9sage int\u00e9rieur des couteaux rotatifs et de l'arbre rotatif est de conception hexagonale, la force peut \u00eatre r\u00e9partie uniform\u00e9ment entre les couteaux rotatifs.<\/li><li>Espaces rectifi\u00e9s et arbres tremp\u00e9s \u00e0 haute r\u00e9sistance<\/li><li>Les engrenages tremp\u00e9s sont des engrenages \u00e0 surface tremp\u00e9e \u00e0 haute fr\u00e9quence.<\/li><\/ul><h2>Donn\u00e9es techniques :<\/h2><table width=\"100%\"><thead><tr><th align=\"left\">Mod\u00e8le<\/th><th align=\"left\">TS3030<\/th><th align=\"left\">TS4030<\/th><th align=\"left\">TS5060<\/th><th align=\"left\">TS60120<\/th><\/tr><\/thead><tbody><tr><td align=\"left\">Puissance du moteur (kW)<\/td><td align=\"left\">3.0<\/td><td align=\"left\">5.5<\/td><td align=\"left\">11<\/td><td align=\"left\">55<\/td><\/tr><tr><td align=\"left\">Taille de la chambre (mm)<\/td><td align=\"left\">300*300<\/td><td align=\"left\">400*300<\/td><td align=\"left\">500*600<\/td><td align=\"left\">650*1250<\/td><\/tr><tr><td align=\"left\">\u00c9paisseur des lames (mm)<\/td><td align=\"left\">12\/20\/30\/50<\/td><td align=\"left\">12\/20\/30\/50<\/td><td align=\"left\">12\/20\/30\/50<\/td><td align=\"left\">12\/20\/30\/50<\/td><\/tr><tr><td align=\"left\">Vitesse de rotation (rmp)<\/td><td align=\"left\">18\/20\/22<\/td><td align=\"left\">18\/20\/22<\/td><td align=\"left\">18\/20\/22<\/td><td align=\"left\">18\/20\/22<\/td><\/tr><tr><td align=\"left\">Tr\u00e9mie ouverte (mm)<\/td><td align=\"left\">290*340<\/td><td align=\"left\">450*450<\/td><td align=\"left\">700*600<\/td><td align=\"left\">1600*1150<\/td><\/tr><tr><td align=\"left\">Taille de la machine (mm)<\/td><td align=\"left\">860*600*1800<\/td><td align=\"left\">1350*740*1800<\/td><td align=\"left\">1850*950*1800<\/td><td align=\"left\">3800*2175*2600<\/td><\/tr><tr><td align=\"left\">Poids de la machine (kg)<\/td><td align=\"left\">500<\/td><td align=\"left\">800<\/td><td align=\"left\">1000<\/td><td align=\"left\">3000<\/td><\/tr><tr><td align=\"left\">Plage de sortie (kg\/h)<\/td><td align=\"left\">300-500<\/td><td align=\"left\">500-1000<\/td><td align=\"left\">1000-2000<\/td><td align=\"left\">3000-50000<\/td><\/tr><\/tbody><\/table>\t\t\t\t\t\t\t\t<\/div>\n\t\t\t\t<\/div>\n\t\t\t\t<div class=\"elementor-element elementor-element-2165457 elementor-widget elementor-widget-html\" data-id=\"2165457\" data-element_type=\"widget\" data-widget_type=\"html.default\">\n\t\t\t\t<div class=\"elementor-widget-container\">\n\t\t\t\t\t<iframe width=\"560\" height=\"315\" src=\"https:\/\/www.youtube.com\/embed\/OFGzcz8nwrw?si=z01Xoy07L0bFhVN_\" title=\"Lecteur vid\u00e9o YouTube\" frameborder=\"0\" allow=\"accelerometer; autoplay; clipboard-write; encrypted-media; gyroscope; picture-in-picture; web-share\" allowfullscreen><\/iframe>\t\t\t\t<\/div>\n\t\t\t\t<\/div>\n\t\t\t\t\t<\/div>\n\t\t<\/div>\n\t\t\t\t\t<\/div>\n\t\t<\/section>\n\t\t\t\t<section class=\"elementor-section elementor-top-section elementor-element elementor-element-1c3c5669 elementor-section-boxed elementor-section-height-default elementor-section-height-default\" data-id=\"1c3c5669\" data-element_type=\"section\">\n\t\t\t\t\t\t<div class=\"elementor-container elementor-column-gap-default\">\n\t\t\t\t\t<div class=\"elementor-column elementor-col-100 elementor-top-column elementor-element elementor-element-6da12d0\" data-id=\"6da12d0\" data-element_type=\"column\">\n\t\t\t<div class=\"elementor-widget-wrap elementor-element-populated\">\n\t\t\t\t\t\t<div class=\"elementor-element elementor-element-6e7d02d0 elementor-share-buttons--view-icon-text elementor-share-buttons--skin-gradient elementor-share-buttons--shape-square elementor-grid-0 elementor-share-buttons--color-official elementor-widget elementor-widget-share-buttons\" data-id=\"6e7d02d0\" data-element_type=\"widget\" data-widget_type=\"share-buttons.default\">\n\t\t\t\t<div class=\"elementor-widget-container\">\n\t\t\t\t\t\t\t<div class=\"elementor-grid\">\n\t\t\t\t\t\t\t\t<div class=\"elementor-grid-item\">\n\t\t\t\t\t\t<div\n\t\t\t\t\t\t\tclass=\"elementor-share-btn elementor-share-btn_facebook\"\n\t\t\t\t\t\t\trole=\"button\"\n\t\t\t\t\t\t\ttabindex=\"0\"\n\t\t\t\t\t\t\taria-label=\"Partager sur facebook\"\n\t\t\t\t\t\t>\n\t\t\t\t\t\t\t\t\t\t\t\t\t\t\t<span class=\"elementor-share-btn__icon\">\n\t\t\t\t\t\t\t\t<i class=\"fab fa-facebook\" aria-hidden=\"true\"><\/i>\t\t\t\t\t\t\t<\/span>\n\t\t\t\t\t\t\t\t\t\t\t\t\t\t\t\t\t\t\t\t<\/div>\n\t\t\t\t\t<\/div>\n\t\t\t\t\t\t\t\t\t<div class=\"elementor-grid-item\">\n\t\t\t\t\t\t<div\n\t\t\t\t\t\t\tclass=\"elementor-share-btn elementor-share-btn_twitter\"\n\t\t\t\t\t\t\trole=\"button\"\n\t\t\t\t\t\t\ttabindex=\"0\"\n\t\t\t\t\t\t\taria-label=\"Partager sur twitter\"\n\t\t\t\t\t\t>\n\t\t\t\t\t\t\t\t\t\t\t\t\t\t\t<span class=\"elementor-share-btn__icon\">\n\t\t\t\t\t\t\t\t<i class=\"fab fa-twitter\" aria-hidden=\"true\"><\/i>\t\t\t\t\t\t\t<\/span>\n\t\t\t\t\t\t\t\t\t\t\t\t\t\t\t\t\t\t\t\t<\/div>\n\t\t\t\t\t<\/div>\n\t\t\t\t\t\t\t\t\t<div class=\"elementor-grid-item\">\n\t\t\t\t\t\t<div\n\t\t\t\t\t\t\tclass=\"elementor-share-btn elementor-share-btn_linkedin\"\n\t\t\t\t\t\t\trole=\"button\"\n\t\t\t\t\t\t\ttabindex=\"0\"\n\t\t\t\t\t\t\taria-label=\"Partager sur linkedin\"\n\t\t\t\t\t\t>\n\t\t\t\t\t\t\t\t\t\t\t\t\t\t\t<span class=\"elementor-share-btn__icon\">\n\t\t\t\t\t\t\t\t<i class=\"fab fa-linkedin\" aria-hidden=\"true\"><\/i>\t\t\t\t\t\t\t<\/span>\n\t\t\t\t\t\t\t\t\t\t\t\t\t\t\t\t\t\t\t\t<\/div>\n\t\t\t\t\t<\/div>\n\t\t\t\t\t\t\t\t\t<div class=\"elementor-grid-item\">\n\t\t\t\t\t\t<div\n\t\t\t\t\t\t\tclass=\"elementor-share-btn elementor-share-btn_reddit\"\n\t\t\t\t\t\t\trole=\"button\"\n\t\t\t\t\t\t\ttabindex=\"0\"\n\t\t\t\t\t\t\taria-label=\"Partager sur reddit\"\n\t\t\t\t\t\t>\n\t\t\t\t\t\t\t\t\t\t\t\t\t\t\t<span class=\"elementor-share-btn__icon\">\n\t\t\t\t\t\t\t\t<i class=\"fab fa-reddit\" aria-hidden=\"true\"><\/i>\t\t\t\t\t\t\t<\/span>\n\t\t\t\t\t\t\t\t\t\t\t\t\t\t\t\t\t\t\t\t<\/div>\n\t\t\t\t\t<\/div>\n\t\t\t\t\t\t\t\t\t<div class=\"elementor-grid-item\">\n\t\t\t\t\t\t<div\n\t\t\t\t\t\t\tclass=\"elementor-share-btn elementor-share-btn_email\"\n\t\t\t\t\t\t\trole=\"button\"\n\t\t\t\t\t\t\ttabindex=\"0\"\n\t\t\t\t\t\t\taria-label=\"Partager sur email\"\n\t\t\t\t\t\t>\n\t\t\t\t\t\t\t\t\t\t\t\t\t\t\t<span class=\"elementor-share-btn__icon\">\n\t\t\t\t\t\t\t\t<i class=\"fas fa-envelope\" aria-hidden=\"true\"><\/i>\t\t\t\t\t\t\t<\/span>\n\t\t\t\t\t\t\t\t\t\t\t\t\t\t\t\t\t\t\t\t<\/div>\n\t\t\t\t\t<\/div>\n\t\t\t\t\t\t\t\t\t<div class=\"elementor-grid-item\">\n\t\t\t\t\t\t<div\n\t\t\t\t\t\t\tclass=\"elementor-share-btn elementor-share-btn_tumblr\"\n\t\t\t\t\t\t\trole=\"button\"\n\t\t\t\t\t\t\ttabindex=\"0\"\n\t\t\t\t\t\t\taria-label=\"Partager sur tumblr\"\n\t\t\t\t\t\t>\n\t\t\t\t\t\t\t\t\t\t\t\t\t\t\t<span class=\"elementor-share-btn__icon\">\n\t\t\t\t\t\t\t\t<i class=\"fab fa-tumblr\" aria-hidden=\"true\"><\/i>\t\t\t\t\t\t\t<\/span>\n\t\t\t\t\t\t\t\t\t\t\t\t\t\t\t\t\t\t\t\t<\/div>\n\t\t\t\t\t<\/div>\n\t\t\t\t\t\t<\/div>\n\t\t\t\t\t\t<\/div>\n\t\t\t\t<\/div>\n\t\t\t\t\t<\/div>\n\t\t<\/div>\n\t\t\t\t\t<\/div>\n\t\t<\/section>\n\t\t\t\t<\/div>","protected":false},"excerpt":{"rendered":"<p>Middle-Duty Two Shaft Shredder Model TS Series Brand SIEDON Categories Crusher FOB Port Guangzhou, Shenzhen EURO-STANDARD and CE certificate 2 Years Long Warranty Whatsapp US! Description: Siedon Two Shaft Shredder is featured of mature design, robust structure, and high efficient shredding result. Two shaft shredders are normally used first stage shredder for materials like domestic [&hellip;]<\/p>\n","protected":false},"author":1,"featured_media":1209,"parent":1336,"menu_order":0,"comment_status":"closed","ping_status":"closed","template":"","meta":{"site-sidebar-layout":"left-sidebar","site-content-layout":"plain-container","ast-site-content-layout":"normal-width-container","site-content-style":"unboxed","site-sidebar-style":"unboxed","ast-global-header-display":"","ast-banner-title-visibility":"","ast-main-header-display":"","ast-hfb-above-header-display":"","ast-hfb-below-header-display":"","ast-hfb-mobile-header-display":"","site-post-title":"disabled","ast-breadcrumbs-content":"","ast-featured-img":"disabled","footer-sml-layout":"","theme-transparent-header-meta":"default","adv-header-id-meta":"","stick-header-meta":"","header-above-stick-meta":"","header-main-stick-meta":"","header-below-stick-meta":"","astra-migrate-meta-layouts":"set","ast-page-background-enabled":"default","ast-page-background-meta":{"desktop":{"background-color":"","background-image":"","background-repeat":"repeat","background-position":"center center","background-size":"auto","background-attachment":"scroll","background-type":"","background-media":"","overlay-type":"","overlay-color":"","overlay-opacity":"","overlay-gradient":""},"tablet":{"background-color":"","background-image":"","background-repeat":"repeat","background-position":"center center","background-size":"auto","background-attachment":"scroll","background-type":"","background-media":"","overlay-type":"","overlay-color":"","overlay-opacity":"","overlay-gradient":""},"mobile":{"background-color":"","background-image":"","background-repeat":"repeat","background-position":"center center","background-size":"auto","background-attachment":"scroll","background-type":"","background-media":"","overlay-type":"","overlay-color":"","overlay-opacity":"","overlay-gradient":""}},"ast-content-background-meta":{"desktop":{"background-color":"var(--ast-global-color-5)","background-image":"","background-repeat":"repeat","background-position":"center center","background-size":"auto","background-attachment":"scroll","background-type":"","background-media":"","overlay-type":"","overlay-color":"","overlay-opacity":"","overlay-gradient":""},"tablet":{"background-color":"var(--ast-global-color-5)","background-image":"","background-repeat":"repeat","background-position":"center center","background-size":"auto","background-attachment":"scroll","background-type":"","background-media":"","overlay-type":"","overlay-color":"","overlay-opacity":"","overlay-gradient":""},"mobile":{"background-color":"var(--ast-global-color-5)","background-image":"","background-repeat":"repeat","background-position":"center center","background-size":"auto","background-attachment":"scroll","background-type":"","background-media":"","overlay-type":"","overlay-color":"","overlay-opacity":"","overlay-gradient":""}},"footnotes":""},"_links":{"self":[{"href":"https:\/\/www.siedontech.com\/fr\/wp-json\/wp\/v2\/pages\/1377"}],"collection":[{"href":"https:\/\/www.siedontech.com\/fr\/wp-json\/wp\/v2\/pages"}],"about":[{"href":"https:\/\/www.siedontech.com\/fr\/wp-json\/wp\/v2\/types\/page"}],"author":[{"embeddable":true,"href":"https:\/\/www.siedontech.com\/fr\/wp-json\/wp\/v2\/users\/1"}],"replies":[{"embeddable":true,"href":"https:\/\/www.siedontech.com\/fr\/wp-json\/wp\/v2\/comments?post=1377"}],"version-history":[{"count":6,"href":"https:\/\/www.siedontech.com\/fr\/wp-json\/wp\/v2\/pages\/1377\/revisions"}],"predecessor-version":[{"id":18247,"href":"https:\/\/www.siedontech.com\/fr\/wp-json\/wp\/v2\/pages\/1377\/revisions\/18247"}],"up":[{"embeddable":true,"href":"https:\/\/www.siedontech.com\/fr\/wp-json\/wp\/v2\/pages\/1336"}],"wp:featuredmedia":[{"embeddable":true,"href":"https:\/\/www.siedontech.com\/fr\/wp-json\/wp\/v2\/media\/1209"}],"wp:attachment":[{"href":"https:\/\/www.siedontech.com\/fr\/wp-json\/wp\/v2\/media?parent=1377"}],"curies":[{"name":"wp","href":"https:\/\/api.w.org\/{rel}","templated":true}]}}