{"id":1235,"date":"2020-06-23T07:29:33","date_gmt":"2020-06-23T07:29:33","guid":{"rendered":"https:\/\/www.siedontech.com\/?page_id=1235"},"modified":"2024-01-30T14:56:19","modified_gmt":"2024-01-30T06:56:19","slug":"about-us","status":"publish","type":"page","link":"https:\/\/www.siedontech.com\/vi\/about-us","title":{"rendered":"Gi\u1edbi thi\u1ec7u v\u1ec1 ch\u00fang t\u00f4i"},"content":{"rendered":"<div data-elementor-type=\"wp-page\" data-elementor-id=\"1235\" class=\"elementor elementor-1235\" data-elementor-post-type=\"page\">\n\t\t\t\t\t\t<section class=\"elementor-section elementor-top-section elementor-element elementor-element-fe4f5e4 elementor-section-boxed elementor-section-height-default elementor-section-height-default\" data-id=\"fe4f5e4\" data-element_type=\"section\" data-settings=\"{&quot;background_background&quot;:&quot;classic&quot;}\">\n\t\t\t\t\t\t<div class=\"elementor-container elementor-column-gap-default\">\n\t\t\t\t\t<div class=\"elementor-column elementor-col-100 elementor-top-column elementor-element elementor-element-a1775a0\" data-id=\"a1775a0\" data-element_type=\"column\">\n\t\t\t<div class=\"elementor-widget-wrap elementor-element-populated\">\n\t\t\t\t\t\t<div class=\"elementor-element elementor-element-a2a0a1f elementor-widget elementor-widget-heading\" data-id=\"a2a0a1f\" data-element_type=\"widget\" data-widget_type=\"heading.default\">\n\t\t\t\t<div class=\"elementor-widget-container\">\n\t\t\t\t\t<h2 class=\"elementor-heading-title elementor-size-large\">Gi\u1edbi thi\u1ec7u v\u1ec1 ch\u00fang t\u00f4i<\/h2>\t\t\t\t<\/div>\n\t\t\t\t<\/div>\n\t\t\t\t<div class=\"elementor-element elementor-element-0776660 elementor-widget-divider--view-line elementor-widget elementor-widget-divider\" data-id=\"0776660\" data-element_type=\"widget\" data-widget_type=\"divider.default\">\n\t\t\t\t<div class=\"elementor-widget-container\">\n\t\t\t\t\t\t\t<div class=\"elementor-divider\">\n\t\t\t<span class=\"elementor-divider-separator\">\n\t\t\t\t\t\t<\/span>\n\t\t<\/div>\n\t\t\t\t\t\t<\/div>\n\t\t\t\t<\/div>\n\t\t\t\t<section class=\"elementor-section elementor-inner-section elementor-element elementor-element-4a3849d elementor-section-boxed elementor-section-height-default elementor-section-height-default\" data-id=\"4a3849d\" data-element_type=\"section\">\n\t\t\t\t\t\t<div class=\"elementor-container elementor-column-gap-default\">\n\t\t\t\t\t<div class=\"elementor-column elementor-col-50 elementor-inner-column elementor-element elementor-element-7f6d986\" data-id=\"7f6d986\" data-element_type=\"column\">\n\t\t\t<div class=\"elementor-widget-wrap elementor-element-populated\">\n\t\t\t\t\t\t<div class=\"elementor-element elementor-element-6746522 elementor-widget elementor-widget-image\" data-id=\"6746522\" data-element_type=\"widget\" data-widget_type=\"image.default\">\n\t\t\t\t<div class=\"elementor-widget-container\">\n\t\t\t\t\t\t\t\t\t\t\t\t\t\t\t<img fetchpriority=\"high\" decoding=\"async\" width=\"600\" height=\"332\" src=\"https:\/\/images.siedontech.com\/2021032608171423.jpg\" class=\"attachment-large size-large wp-image-12948\" alt=\"factory\" srcset=\"https:\/\/images.siedontech.com\/2021032608171423.jpg 600w, https:\/\/images.siedontech.com\/2021032608171423.jpg?x-oss-process=image%2Fquality,q_50%2Fresize,m_fill,w_200,h_111 200w, https:\/\/images.siedontech.com\/2021032608171423.jpg?x-oss-process=image%2Fquality,q_50%2Fresize,m_fill,w_400,h_221 400w\" sizes=\"(max-width: 600px) 100vw, 600px\" \/>\t\t\t\t\t\t\t\t\t\t\t\t\t\t\t<\/div>\n\t\t\t\t<\/div>\n\t\t\t\t\t<\/div>\n\t\t<\/div>\n\t\t\t\t<div class=\"elementor-column elementor-col-50 elementor-inner-column elementor-element elementor-element-00f9366\" data-id=\"00f9366\" data-element_type=\"column\">\n\t\t\t<div class=\"elementor-widget-wrap elementor-element-populated\">\n\t\t\t\t\t\t<div class=\"elementor-element elementor-element-cf34549 elementor-widget elementor-widget-text-editor\" data-id=\"cf34549\" data-element_type=\"widget\" data-widget_type=\"text-editor.default\">\n\t\t\t\t<div class=\"elementor-widget-container\">\n\t\t\t\t\t\t\t\t\t<p>SIEDONTECH LTD. , China manufacturer, introduces the advanced European designing idea and excellent manufacturing technology, focusing on developing efficient, stable performance machine like <strong>solid waste shredder<\/strong>,\u00a0 waste baler, and orgainc food waste disposal systems.<br \/>Customized industrial shredders, depackaging machine, waste balers and EPS foam compactors are available in our recycling technology. Believe there are some ideas meet your need!<\/p>\t\t\t\t\t\t\t\t<\/div>\n\t\t\t\t<\/div>\n\t\t\t\t\t<\/div>\n\t\t<\/div>\n\t\t\t\t\t<\/div>\n\t\t<\/section>\n\t\t\t\t<div class=\"elementor-element elementor-element-bc44c3f elementor-arrows-position-inside elementor-pagination-position-outside elementor-widget elementor-widget-image-carousel\" data-id=\"bc44c3f\" data-element_type=\"widget\" data-settings=\"{&quot;slides_to_show&quot;:&quot;4&quot;,&quot;navigation&quot;:&quot;both&quot;,&quot;autoplay&quot;:&quot;yes&quot;,&quot;pause_on_hover&quot;:&quot;yes&quot;,&quot;pause_on_interaction&quot;:&quot;yes&quot;,&quot;autoplay_speed&quot;:5000,&quot;infinite&quot;:&quot;yes&quot;,&quot;speed&quot;:500}\" data-widget_type=\"image-carousel.default\">\n\t\t\t\t<div class=\"elementor-widget-container\">\n\t\t\t\t\t\t\t<div class=\"elementor-image-carousel-wrapper swiper\" role=\"region\" aria-roledescription=\"carousel\" aria-label=\"B\u0103ng chuy\u1ec1n h\u00ecnh \u1ea3nh\" dir=\"ltr\">\n\t\t\t<div class=\"elementor-image-carousel swiper-wrapper\" aria-live=\"off\">\n\t\t\t\t\t\t\t\t<div class=\"swiper-slide\" role=\"group\" aria-roledescription=\"slide\" aria-label=\"1 tr\u00ean 8\"><figure class=\"swiper-slide-inner\"><img decoding=\"async\" class=\"swiper-slide-image\" src=\"https:\/\/images.siedontech.com\/2021032608331870.jpg\" alt=\"2021032608331870\" \/><\/figure><\/div><div class=\"swiper-slide\" role=\"group\" aria-roledescription=\"slide\" aria-label=\"2 tr\u00ean 8\"><figure class=\"swiper-slide-inner\"><img decoding=\"async\" class=\"swiper-slide-image\" src=\"https:\/\/images.siedontech.com\/2021032608331858.jpg\" alt=\"2021032608331858\" \/><\/figure><\/div><div class=\"swiper-slide\" role=\"group\" aria-roledescription=\"slide\" aria-label=\"3 tr\u00ean 8\"><figure class=\"swiper-slide-inner\"><img decoding=\"async\" class=\"swiper-slide-image\" src=\"https:\/\/images.siedontech.com\/202103260833179.jpg\" alt=\"202103260833179\" \/><\/figure><\/div><div class=\"swiper-slide\" role=\"group\" aria-roledescription=\"slide\" aria-label=\"4 tr\u00ean 8\"><figure class=\"swiper-slide-inner\"><img decoding=\"async\" class=\"swiper-slide-image\" src=\"https:\/\/images.siedontech.com\/2021032608331693.jpg\" alt=\"2021032608331693\" \/><\/figure><\/div><div class=\"swiper-slide\" role=\"group\" aria-roledescription=\"slide\" aria-label=\"5 tr\u00ean 8\"><figure class=\"swiper-slide-inner\"><img decoding=\"async\" class=\"swiper-slide-image\" src=\"https:\/\/images.siedontech.com\/2021032608331637.jpg\" alt=\"2021032608331637\" \/><\/figure><\/div><div class=\"swiper-slide\" role=\"group\" aria-roledescription=\"slide\" aria-label=\"6 tr\u00ean 8\"><figure class=\"swiper-slide-inner\"><img decoding=\"async\" class=\"swiper-slide-image\" src=\"https:\/\/images.siedontech.com\/2021032608331519.jpg\" alt=\"2021032608331519\" \/><\/figure><\/div><div class=\"swiper-slide\" role=\"group\" aria-roledescription=\"slide\" aria-label=\"7 tr\u00ean 8\"><figure class=\"swiper-slide-inner\"><img decoding=\"async\" class=\"swiper-slide-image\" src=\"https:\/\/images.siedontech.com\/2021032608331460.jpg\" alt=\"2021032608331460\" \/><\/figure><\/div><div class=\"swiper-slide\" role=\"group\" aria-roledescription=\"slide\" aria-label=\"8 tr\u00ean 8\"><figure class=\"swiper-slide-inner\"><img decoding=\"async\" class=\"swiper-slide-image\" src=\"https:\/\/images.siedontech.com\/2021032608331479.jpg\" alt=\"2021032608331479\" \/><\/figure><\/div>\t\t\t<\/div>\n\t\t\t\t\t\t\t\t\t\t\t\t<div class=\"elementor-swiper-button elementor-swiper-button-prev\" role=\"button\" tabindex=\"0\">\n\t\t\t\t\t\t<i aria-hidden=\"true\" class=\"eicon-chevron-left\"><\/i>\t\t\t\t\t<\/div>\n\t\t\t\t\t<div class=\"elementor-swiper-button elementor-swiper-button-next\" role=\"button\" tabindex=\"0\">\n\t\t\t\t\t\t<i aria-hidden=\"true\" class=\"eicon-chevron-right\"><\/i>\t\t\t\t\t<\/div>\n\t\t\t\t\n\t\t\t\t\t\t\t\t\t<div class=\"swiper-pagination\"><\/div>\n\t\t\t\t\t\t\t\t\t<\/div>\n\t\t\t\t\t\t<\/div>\n\t\t\t\t<\/div>\n\t\t\t\t\t<\/div>\n\t\t<\/div>\n\t\t\t\t\t<\/div>\n\t\t<\/section>\n\t\t\t\t<section class=\"elementor-section elementor-top-section elementor-element elementor-element-8506a2e elementor-section-boxed elementor-section-height-default elementor-section-height-default\" data-id=\"8506a2e\" data-element_type=\"section\">\n\t\t\t\t\t\t<div class=\"elementor-container elementor-column-gap-default\">\n\t\t\t\t\t<div class=\"elementor-column elementor-col-100 elementor-top-column elementor-element elementor-element-ac15b51\" data-id=\"ac15b51\" data-element_type=\"column\">\n\t\t\t<div class=\"elementor-widget-wrap elementor-element-populated\">\n\t\t\t\t\t\t<div class=\"elementor-element elementor-element-4123cad elementor-widget elementor-widget-heading\" data-id=\"4123cad\" data-element_type=\"widget\" data-widget_type=\"heading.default\">\n\t\t\t\t<div class=\"elementor-widget-container\">\n\t\t\t\t\t<h2 class=\"elementor-heading-title elementor-size-default\">14 Years of Experience<\/h2>\t\t\t\t<\/div>\n\t\t\t\t<\/div>\n\t\t\t\t<div class=\"elementor-element elementor-element-990701e elementor-widget-divider--view-line elementor-widget elementor-widget-divider\" data-id=\"990701e\" data-element_type=\"widget\" data-widget_type=\"divider.default\">\n\t\t\t\t<div class=\"elementor-widget-container\">\n\t\t\t\t\t\t\t<div class=\"elementor-divider\">\n\t\t\t<span class=\"elementor-divider-separator\">\n\t\t\t\t\t\t<\/span>\n\t\t<\/div>\n\t\t\t\t\t\t<\/div>\n\t\t\t\t<\/div>\n\t\t\t\t<div class=\"elementor-element elementor-element-b12d02b elementor-widget elementor-widget-text-editor\" data-id=\"b12d02b\" data-element_type=\"widget\" data-widget_type=\"text-editor.default\">\n\t\t\t\t<div class=\"elementor-widget-container\">\n\t\t\t\t\t\t\t\t\t<p>With 14 years experience in the recycling industry, SIEDON has received great reliance from customers worldwide. Our customers included the global waste specialist Veolia, the international cement manufacture Lafarge as well as some other waste disposal manufactuers and environment protection companies and government unit in China.<\/p>\t\t\t\t\t\t\t\t<\/div>\n\t\t\t\t<\/div>\n\t\t\t\t<div class=\"elementor-element elementor-element-af3b82b elementor-align-center elementor-widget elementor-widget-button\" data-id=\"af3b82b\" data-element_type=\"widget\" data-widget_type=\"button.default\">\n\t\t\t\t<div class=\"elementor-widget-container\">\n\t\t\t\t\t\t\t\t\t<div class=\"elementor-button-wrapper\">\n\t\t\t\t\t<a class=\"elementor-button elementor-button-link elementor-size-sm\" href=\"https:\/\/www.siedontech.com\/vi\/size-reduction-projects\/\">\n\t\t\t\t\t\t<span class=\"elementor-button-content-wrapper\">\n\t\t\t\t\t\t\t\t\t<span class=\"elementor-button-text\">Project Show<\/span>\n\t\t\t\t\t<\/span>\n\t\t\t\t\t<\/a>\n\t\t\t\t<\/div>\n\t\t\t\t\t\t\t\t<\/div>\n\t\t\t\t<\/div>\n\t\t\t\t\t<\/div>\n\t\t<\/div>\n\t\t\t\t\t<\/div>\n\t\t<\/section>\n\t\t\t\t<section class=\"elementor-section elementor-top-section elementor-element elementor-element-b2e8b58 elementor-section-boxed elementor-section-height-default elementor-section-height-default\" data-id=\"b2e8b58\" data-element_type=\"section\">\n\t\t\t\t\t\t<div class=\"elementor-container elementor-column-gap-default\">\n\t\t\t\t\t<div class=\"elementor-column elementor-col-25 elementor-top-column elementor-element elementor-element-667f9a7\" data-id=\"667f9a7\" data-element_type=\"column\" data-settings=\"{&quot;background_background&quot;:&quot;classic&quot;}\">\n\t\t\t<div class=\"elementor-widget-wrap elementor-element-populated\">\n\t\t\t\t\t\t<div class=\"elementor-element elementor-element-bdef867 elementor-position-top elementor-widget elementor-widget-image-box\" data-id=\"bdef867\" data-element_type=\"widget\" data-widget_type=\"image-box.default\">\n\t\t\t\t<div class=\"elementor-widget-container\">\n\t\t\t\t\t<div class=\"elementor-image-box-wrapper\"><figure class=\"elementor-image-box-img\"><img decoding=\"async\" width=\"500\" height=\"500\" src=\"https:\/\/images.siedontech.com\/2021032608374177.jpg\" class=\"attachment-full size-full wp-image-12959\" alt=\"\" srcset=\"https:\/\/images.siedontech.com\/2021032608374177.jpg 500w, https:\/\/images.siedontech.com\/2021032608374177.jpg?x-oss-process=image%2Fquality,q_50%2Fresize,m_fill,w_66,h_66 66w, https:\/\/images.siedontech.com\/2021032608374177.jpg?x-oss-process=image%2Fquality,q_50%2Fresize,m_fill,w_200,h_200 200w, https:\/\/images.siedontech.com\/2021032608374177.jpg?x-oss-process=image%2Fquality,q_50%2Fresize,m_fill,w_400,h_400 400w\" sizes=\"(max-width: 500px) 100vw, 500px\" \/><\/figure><div class=\"elementor-image-box-content\"><h4 class=\"elementor-image-box-title\">High Reliability<\/h4><p class=\"elementor-image-box-description\">H\u01a1n 200 d\u1ef1 \u00e1n th\u00e0nh c\u00f4ng<\/p><\/div><\/div>\t\t\t\t<\/div>\n\t\t\t\t<\/div>\n\t\t\t\t\t<\/div>\n\t\t<\/div>\n\t\t\t\t<div class=\"elementor-column elementor-col-25 elementor-top-column elementor-element elementor-element-fb6e7d7\" data-id=\"fb6e7d7\" data-element_type=\"column\" data-settings=\"{&quot;background_background&quot;:&quot;classic&quot;}\">\n\t\t\t<div class=\"elementor-widget-wrap elementor-element-populated\">\n\t\t\t\t\t\t<div class=\"elementor-element elementor-element-5f3bc0b elementor-position-top elementor-widget elementor-widget-image-box\" data-id=\"5f3bc0b\" data-element_type=\"widget\" data-widget_type=\"image-box.default\">\n\t\t\t\t<div class=\"elementor-widget-container\">\n\t\t\t\t\t<div class=\"elementor-image-box-wrapper\"><figure class=\"elementor-image-box-img\"><img decoding=\"async\" width=\"500\" height=\"500\" src=\"https:\/\/images.siedontech.com\/2021032608381220.jpg\" class=\"attachment-full size-full wp-image-12960\" alt=\"solid waste shredder\" srcset=\"https:\/\/images.siedontech.com\/2021032608381220.jpg 500w, https:\/\/images.siedontech.com\/2021032608381220.jpg?x-oss-process=image%2Fquality,q_50%2Fresize,m_fill,w_66,h_66 66w, https:\/\/images.siedontech.com\/2021032608381220.jpg?x-oss-process=image%2Fquality,q_50%2Fresize,m_fill,w_200,h_200 200w, https:\/\/images.siedontech.com\/2021032608381220.jpg?x-oss-process=image%2Fquality,q_50%2Fresize,m_fill,w_400,h_400 400w\" sizes=\"(max-width: 500px) 100vw, 500px\" \/><\/figure><div class=\"elementor-image-box-content\"><h4 class=\"elementor-image-box-title\">Trusty Brand<\/h4><p class=\"elementor-image-box-description\">T\u1ea5t c\u1ea3 c\u00e1c b\u1ed9 ph\u1eadn c\u1ee7a c\u00e1c th\u01b0\u01a1ng hi\u1ec7u n\u1ed5i ti\u1ebfng tr\u00ean th\u1ebf gi\u1edbi<\/p><\/div><\/div>\t\t\t\t<\/div>\n\t\t\t\t<\/div>\n\t\t\t\t\t<\/div>\n\t\t<\/div>\n\t\t\t\t<div class=\"elementor-column elementor-col-25 elementor-top-column elementor-element elementor-element-c931022\" data-id=\"c931022\" data-element_type=\"column\" data-settings=\"{&quot;background_background&quot;:&quot;classic&quot;}\">\n\t\t\t<div class=\"elementor-widget-wrap elementor-element-populated\">\n\t\t\t\t\t\t<div class=\"elementor-element elementor-element-fc0c7f6 elementor-position-top elementor-widget elementor-widget-image-box\" data-id=\"fc0c7f6\" data-element_type=\"widget\" data-widget_type=\"image-box.default\">\n\t\t\t\t<div class=\"elementor-widget-container\">\n\t\t\t\t\t<div class=\"elementor-image-box-wrapper\"><figure class=\"elementor-image-box-img\"><img loading=\"lazy\" decoding=\"async\" width=\"500\" height=\"500\" src=\"https:\/\/images.siedontech.com\/2021032608383742.jpg\" class=\"attachment-full size-full wp-image-12961\" alt=\"\" srcset=\"https:\/\/images.siedontech.com\/2021032608383742.jpg 500w, https:\/\/images.siedontech.com\/2021032608383742.jpg?x-oss-process=image%2Fquality,q_50%2Fresize,m_fill,w_66,h_66 66w, https:\/\/images.siedontech.com\/2021032608383742.jpg?x-oss-process=image%2Fquality,q_50%2Fresize,m_fill,w_200,h_200 200w, https:\/\/images.siedontech.com\/2021032608383742.jpg?x-oss-process=image%2Fquality,q_50%2Fresize,m_fill,w_400,h_400 400w\" sizes=\"(max-width: 500px) 100vw, 500px\" \/><\/figure><div class=\"elementor-image-box-content\"><h4 class=\"elementor-image-box-title\">Professional Skills<\/h4><p class=\"elementor-image-box-description\">Focus on recycling all the time<\/p><\/div><\/div>\t\t\t\t<\/div>\n\t\t\t\t<\/div>\n\t\t\t\t\t<\/div>\n\t\t<\/div>\n\t\t\t\t<div class=\"elementor-column elementor-col-25 elementor-top-column elementor-element elementor-element-b713b7c\" data-id=\"b713b7c\" data-element_type=\"column\" data-settings=\"{&quot;background_background&quot;:&quot;classic&quot;}\">\n\t\t\t<div class=\"elementor-widget-wrap elementor-element-populated\">\n\t\t\t\t\t\t<div class=\"elementor-element elementor-element-e966cbe elementor-position-top elementor-widget elementor-widget-image-box\" data-id=\"e966cbe\" data-element_type=\"widget\" data-widget_type=\"image-box.default\">\n\t\t\t\t<div class=\"elementor-widget-container\">\n\t\t\t\t\t<div class=\"elementor-image-box-wrapper\"><figure class=\"elementor-image-box-img\"><img loading=\"lazy\" decoding=\"async\" width=\"500\" height=\"500\" src=\"https:\/\/images.siedontech.com\/2021032608385541.jpg\" class=\"attachment-full size-full wp-image-12962\" alt=\"\" srcset=\"https:\/\/images.siedontech.com\/2021032608385541.jpg 500w, https:\/\/images.siedontech.com\/2021032608385541.jpg?x-oss-process=image%2Fquality,q_50%2Fresize,m_fill,w_66,h_66 66w, https:\/\/images.siedontech.com\/2021032608385541.jpg?x-oss-process=image%2Fquality,q_50%2Fresize,m_fill,w_200,h_200 200w, https:\/\/images.siedontech.com\/2021032608385541.jpg?x-oss-process=image%2Fquality,q_50%2Fresize,m_fill,w_400,h_400 400w\" sizes=\"(max-width: 500px) 100vw, 500px\" \/><\/figure><div class=\"elementor-image-box-content\"><h4 class=\"elementor-image-box-title\">Aim the best ROI<\/h4><p class=\"elementor-image-box-description\">Technology Continually Updated<\/p><\/div><\/div>\t\t\t\t<\/div>\n\t\t\t\t<\/div>\n\t\t\t\t\t<\/div>\n\t\t<\/div>\n\t\t\t\t\t<\/div>\n\t\t<\/section>\n\t\t\t\t<section class=\"elementor-section elementor-top-section elementor-element elementor-element-cc2e1a5 elementor-section-boxed elementor-section-height-default elementor-section-height-default\" data-id=\"cc2e1a5\" data-element_type=\"section\" data-settings=\"{&quot;background_background&quot;:&quot;classic&quot;}\">\n\t\t\t\t\t\t<div class=\"elementor-container elementor-column-gap-default\">\n\t\t\t\t\t<div class=\"elementor-column elementor-col-100 elementor-top-column elementor-element elementor-element-dfd619f\" data-id=\"dfd619f\" data-element_type=\"column\">\n\t\t\t<div class=\"elementor-widget-wrap elementor-element-populated\">\n\t\t\t\t\t\t<div class=\"elementor-element elementor-element-84c8652 elementor-widget elementor-widget-heading\" data-id=\"84c8652\" data-element_type=\"widget\" data-widget_type=\"heading.default\">\n\t\t\t\t<div class=\"elementor-widget-container\">\n\t\t\t\t\t<h2 class=\"elementor-heading-title elementor-size-default\">Certificate<\/h2>\t\t\t\t<\/div>\n\t\t\t\t<\/div>\n\t\t\t\t<div class=\"elementor-element elementor-element-f10e055 elementor-widget-divider--view-line elementor-widget elementor-widget-divider\" data-id=\"f10e055\" data-element_type=\"widget\" data-widget_type=\"divider.default\">\n\t\t\t\t<div class=\"elementor-widget-container\">\n\t\t\t\t\t\t\t<div class=\"elementor-divider\">\n\t\t\t<span class=\"elementor-divider-separator\">\n\t\t\t\t\t\t<\/span>\n\t\t<\/div>\n\t\t\t\t\t\t<\/div>\n\t\t\t\t<\/div>\n\t\t\t\t<div class=\"elementor-element elementor-element-6080c82 elementor-widget elementor-widget-text-editor\" data-id=\"6080c82\" data-element_type=\"widget\" data-widget_type=\"text-editor.default\">\n\t\t\t\t<div class=\"elementor-widget-container\">\n\t\t\t\t\t\t\t\t\t<p>We really strive to listen to you in order to suggust the right shredding equipment that is the best fit for your operation. Whether it is a stand-alone solution or a complete system, we can customize our crushing machines to fit your specific application.<\/p>\t\t\t\t\t\t\t\t<\/div>\n\t\t\t\t<\/div>\n\t\t\t\t<section class=\"elementor-section elementor-inner-section elementor-element elementor-element-9de8859 elementor-section-boxed elementor-section-height-default elementor-section-height-default\" data-id=\"9de8859\" data-element_type=\"section\">\n\t\t\t\t\t\t<div class=\"elementor-container elementor-column-gap-wider\">\n\t\t\t\t\t<div class=\"elementor-column elementor-col-50 elementor-inner-column elementor-element elementor-element-8cd2171\" data-id=\"8cd2171\" data-element_type=\"column\">\n\t\t\t<div class=\"elementor-widget-wrap elementor-element-populated\">\n\t\t\t\t\t\t<div class=\"elementor-element elementor-element-697c171 elementor-widget elementor-widget-image\" data-id=\"697c171\" data-element_type=\"widget\" data-widget_type=\"image.default\">\n\t\t\t\t<div class=\"elementor-widget-container\">\n\t\t\t\t\t\t\t\t\t\t\t\t\t\t\t<img loading=\"lazy\" decoding=\"async\" width=\"500\" height=\"723\" src=\"https:\/\/images.siedontech.com\/ISO9001-22.jpg\" class=\"attachment-large size-large wp-image-14447\" alt=\"\" \/>\t\t\t\t\t\t\t\t\t\t\t\t\t\t\t<\/div>\n\t\t\t\t<\/div>\n\t\t\t\t\t<\/div>\n\t\t<\/div>\n\t\t\t\t<div class=\"elementor-column elementor-col-50 elementor-inner-column elementor-element elementor-element-69f634f\" data-id=\"69f634f\" data-element_type=\"column\">\n\t\t\t<div class=\"elementor-widget-wrap elementor-element-populated\">\n\t\t\t\t\t\t<div class=\"elementor-element elementor-element-cfcc560 elementor-widget elementor-widget-image\" data-id=\"cfcc560\" data-element_type=\"widget\" data-widget_type=\"image.default\">\n\t\t\t\t<div class=\"elementor-widget-container\">\n\t\t\t\t\t\t\t\t\t\t\t\t\t\t\t<img loading=\"lazy\" decoding=\"async\" width=\"698\" height=\"984\" src=\"https:\/\/images.siedontech.com\/2021031609123771.jpg\" class=\"attachment-large size-large wp-image-12908\" alt=\"\" srcset=\"https:\/\/images.siedontech.com\/2021031609123771.jpg 698w, https:\/\/images.siedontech.com\/2021031609123771.jpg?x-oss-process=image%2Fquality,q_50%2Fresize,m_fill,w_200,h_282 200w, https:\/\/images.siedontech.com\/2021031609123771.jpg?x-oss-process=image%2Fquality,q_50%2Fresize,m_fill,w_400,h_564 400w, https:\/\/images.siedontech.com\/2021031609123771.jpg?x-oss-process=image%2Fquality,q_50%2Fresize,m_fill,w_600,h_846 600w\" sizes=\"(max-width: 698px) 100vw, 698px\" \/>\t\t\t\t\t\t\t\t\t\t\t\t\t\t\t<\/div>\n\t\t\t\t<\/div>\n\t\t\t\t\t<\/div>\n\t\t<\/div>\n\t\t\t\t\t<\/div>\n\t\t<\/section>\n\t\t\t\t\t<\/div>\n\t\t<\/div>\n\t\t\t\t\t<\/div>\n\t\t<\/section>\n\t\t\t\t<\/div>","protected":false},"excerpt":{"rendered":"<p>About Us SIEDONTECH LTD. , China manufacturer, introduces the advanced European designing idea and excellent manufacturing technology, focusing on developing efficient, stable performance machine like solid waste shredder,\u00a0 waste baler, and orgainc food waste disposal systems.Customized industrial shredders, depackaging machine, waste balers and EPS foam compactors are available in our recycling technology. Believe there are [&hellip;]<\/p>\n","protected":false},"author":1,"featured_media":0,"parent":0,"menu_order":0,"comment_status":"closed","ping_status":"closed","template":"","meta":{"site-sidebar-layout":"no-sidebar","site-content-layout":"page-builder","ast-site-content-layout":"default","site-content-style":"default","site-sidebar-style":"default","ast-global-header-display":"","ast-banner-title-visibility":"","ast-main-header-display":"","ast-hfb-above-header-display":"","ast-hfb-below-header-display":"","ast-hfb-mobile-header-display":"","site-post-title":"disabled","ast-breadcrumbs-content":"","ast-featured-img":"disabled","footer-sml-layout":"","theme-transparent-header-meta":"default","adv-header-id-meta":"","stick-header-meta":"","header-above-stick-meta":"","header-main-stick-meta":"","header-below-stick-meta":"","astra-migrate-meta-layouts":"default","ast-page-background-enabled":"default","ast-page-background-meta":{"desktop":{"background-color":"","background-image":"","background-repeat":"repeat","background-position":"center center","background-size":"auto","background-attachment":"scroll","background-type":"","background-media":"","overlay-type":"","overlay-color":"","overlay-opacity":"","overlay-gradient":""},"tablet":{"background-color":"","background-image":"","background-repeat":"repeat","background-position":"center center","background-size":"auto","background-attachment":"scroll","background-type":"","background-media":"","overlay-type":"","overlay-color":"","overlay-opacity":"","overlay-gradient":""},"mobile":{"background-color":"","background-image":"","background-repeat":"repeat","background-position":"center center","background-size":"auto","background-attachment":"scroll","background-type":"","background-media":"","overlay-type":"","overlay-color":"","overlay-opacity":"","overlay-gradient":""}},"ast-content-background-meta":{"desktop":{"background-color":"var(--ast-global-color-5)","background-image":"","background-repeat":"repeat","background-position":"center center","background-size":"auto","background-attachment":"scroll","background-type":"","background-media":"","overlay-type":"","overlay-color":"","overlay-opacity":"","overlay-gradient":""},"tablet":{"background-color":"var(--ast-global-color-5)","background-image":"","background-repeat":"repeat","background-position":"center center","background-size":"auto","background-attachment":"scroll","background-type":"","background-media":"","overlay-type":"","overlay-color":"","overlay-opacity":"","overlay-gradient":""},"mobile":{"background-color":"var(--ast-global-color-5)","background-image":"","background-repeat":"repeat","background-position":"center center","background-size":"auto","background-attachment":"scroll","background-type":"","background-media":"","overlay-type":"","overlay-color":"","overlay-opacity":"","overlay-gradient":""}},"footnotes":""},"_links":{"self":[{"href":"https:\/\/www.siedontech.com\/vi\/wp-json\/wp\/v2\/pages\/1235"}],"collection":[{"href":"https:\/\/www.siedontech.com\/vi\/wp-json\/wp\/v2\/pages"}],"about":[{"href":"https:\/\/www.siedontech.com\/vi\/wp-json\/wp\/v2\/types\/page"}],"author":[{"embeddable":true,"href":"https:\/\/www.siedontech.com\/vi\/wp-json\/wp\/v2\/users\/1"}],"replies":[{"embeddable":true,"href":"https:\/\/www.siedontech.com\/vi\/wp-json\/wp\/v2\/comments?post=1235"}],"version-history":[{"count":0,"href":"https:\/\/www.siedontech.com\/vi\/wp-json\/wp\/v2\/pages\/1235\/revisions"}],"wp:attachment":[{"href":"https:\/\/www.siedontech.com\/vi\/wp-json\/wp\/v2\/media?parent=1235"}],"curies":[{"name":"wp","href":"https:\/\/api.w.org\/{rel}","templated":true}]}}