{"id":1320,"date":"2020-06-28T09:11:54","date_gmt":"2020-06-28T09:11:54","guid":{"rendered":"https:\/\/www.siedontech.com\/?page_id=1320"},"modified":"2024-03-29T11:57:30","modified_gmt":"2024-03-29T03:57:30","slug":"marine-waste-shredder","status":"publish","type":"page","link":"https:\/\/www.siedontech.com\/vi\/solid-waste-shredder\/marine-waste-shredder","title":{"rendered":"M\u00e1y nghi\u1ec1n r\u00e1c th\u1ea3i bi\u1ec3n"},"content":{"rendered":"<div data-elementor-type=\"wp-page\" data-elementor-id=\"1320\" class=\"elementor elementor-1320\" data-elementor-post-type=\"page\">\n\t\t\t\t\t\t<section class=\"elementor-section elementor-top-section elementor-element elementor-element-14570f8b elementor-section-boxed elementor-section-height-default elementor-section-height-default\" data-id=\"14570f8b\" data-element_type=\"section\">\n\t\t\t\t\t\t<div class=\"elementor-container elementor-column-gap-extended\">\n\t\t\t\t\t<div class=\"elementor-column elementor-col-50 elementor-top-column elementor-element elementor-element-31e68068\" data-id=\"31e68068\" data-element_type=\"column\">\n\t\t\t<div class=\"elementor-widget-wrap elementor-element-populated\">\n\t\t\t\t\t\t<div class=\"elementor-element elementor-element-1286b87d elementor-widget elementor-widget-image\" data-id=\"1286b87d\" data-element_type=\"widget\" data-widget_type=\"image.default\">\n\t\t\t\t<div class=\"elementor-widget-container\">\n\t\t\t\t\t\t\t\t\t\t\t\t\t\t\t<img fetchpriority=\"high\" decoding=\"async\" width=\"700\" height=\"700\" src=\"https:\/\/images.siedontech.com\/2020\/06\/SR301.jpg\" class=\"attachment-large size-large wp-image-1321\" alt=\"Marine Waste Shredder\" srcset=\"https:\/\/images.siedontech.com\/2020\/06\/SR301.jpg 700w, https:\/\/images.siedontech.com\/2020\/06\/SR301.jpg?x-oss-process=image%2Fquality,q_50%2Fresize,m_fill,w_300,h_300 300w, https:\/\/images.siedontech.com\/2020\/06\/SR301.jpg?x-oss-process=image%2Fquality,q_50%2Fresize,m_fill,w_150,h_150 150w, https:\/\/images.siedontech.com\/2020\/06\/SR301.jpg?x-oss-process=image%2Fquality,q_50%2Fresize,m_fill,w_66,h_66 66w, https:\/\/images.siedontech.com\/2020\/06\/SR301.jpg?x-oss-process=image%2Fquality,q_50%2Fresize,m_fill,w_200,h_200 200w, https:\/\/images.siedontech.com\/2020\/06\/SR301.jpg?x-oss-process=image%2Fquality,q_50%2Fresize,m_fill,w_400,h_400 400w, https:\/\/images.siedontech.com\/2020\/06\/SR301.jpg?x-oss-process=image%2Fquality,q_50%2Fresize,m_fill,w_600,h_600 600w\" sizes=\"(max-width: 700px) 100vw, 700px\" \/>\t\t\t\t\t\t\t\t\t\t\t\t\t\t\t<\/div>\n\t\t\t\t<\/div>\n\t\t\t\t\t<\/div>\n\t\t<\/div>\n\t\t\t\t<div class=\"elementor-column elementor-col-50 elementor-top-column elementor-element elementor-element-4c4d78bd\" data-id=\"4c4d78bd\" data-element_type=\"column\">\n\t\t\t<div class=\"elementor-widget-wrap elementor-element-populated\">\n\t\t\t\t\t\t<div class=\"elementor-element elementor-element-1e068fbf elementor-widget elementor-widget-heading\" data-id=\"1e068fbf\" data-element_type=\"widget\" data-widget_type=\"heading.default\">\n\t\t\t\t<div class=\"elementor-widget-container\">\n\t\t\t\t\t<h2 class=\"elementor-heading-title elementor-size-default\">M\u00e1y nghi\u1ec1n r\u00e1c th\u1ea3i bi\u1ec3n<\/h2>\t\t\t\t<\/div>\n\t\t\t\t<\/div>\n\t\t\t\t<div class=\"elementor-element elementor-element-19c14de3 elementor-widget elementor-widget-text-editor\" data-id=\"19c14de3\" data-element_type=\"widget\" data-widget_type=\"text-editor.default\">\n\t\t\t\t<div class=\"elementor-widget-container\">\n\t\t\t\t\t\t\t\t\t<figure class=\"wp-block-table is-style-stripes\"><table><tbody><tr><td>M\u00f4 h\u00ecnh<\/td><td>SR30<\/td><\/tr><tr><td>Th\u01b0\u01a1ng hi\u1ec7u<\/td><td>SIEDON<\/td><\/tr><tr><td>C\u00e1c danh m\u1ee5c<\/td><td>M\u00e1y nghi\u1ec1n<\/td><\/tr><tr><td>C\u1ea3ng FOB<\/td><td>Qu\u1ea3ng Ch\u00e2u, Th\u00e2m Quy\u1ebfn<\/td><\/tr><\/tbody><\/table><\/figure>\t\t\t\t\t\t\t\t<\/div>\n\t\t\t\t<\/div>\n\t\t\t\t<div class=\"elementor-element elementor-element-791e344e elementor-icon-list--layout-traditional elementor-list-item-link-full_width elementor-widget elementor-widget-icon-list\" data-id=\"791e344e\" data-element_type=\"widget\" data-widget_type=\"icon-list.default\">\n\t\t\t\t<div class=\"elementor-widget-container\">\n\t\t\t\t\t\t\t<ul class=\"elementor-icon-list-items\">\n\t\t\t\t\t\t\t<li class=\"elementor-icon-list-item\">\n\t\t\t\t\t\t\t\t\t\t\t<span class=\"elementor-icon-list-icon\">\n\t\t\t\t\t\t\t<i aria-hidden=\"true\" class=\"fas fa-caret-right\"><\/i>\t\t\t\t\t\t<\/span>\n\t\t\t\t\t\t\t\t\t\t<span class=\"elementor-icon-list-text\">Ch\u1ee9ng nh\u1eadn EURO-STANDARD v\u00e0 CE<\/span>\n\t\t\t\t\t\t\t\t\t<\/li>\n\t\t\t\t\t\t\t\t<li class=\"elementor-icon-list-item\">\n\t\t\t\t\t\t\t\t\t\t\t<span class=\"elementor-icon-list-icon\">\n\t\t\t\t\t\t\t<i aria-hidden=\"true\" class=\"fas fa-caret-right\"><\/i>\t\t\t\t\t\t<\/span>\n\t\t\t\t\t\t\t\t\t\t<span class=\"elementor-icon-list-text\">B\u1ea3o h\u00e0nh 2 n\u0103m<\/span>\n\t\t\t\t\t\t\t\t\t<\/li>\n\t\t\t\t\t\t<\/ul>\n\t\t\t\t\t\t<\/div>\n\t\t\t\t<\/div>\n\t\t\t\t<div class=\"elementor-element elementor-element-16d2ad4 elementor-widget elementor-widget-global elementor-global-14785 elementor-widget-button\" data-id=\"16d2ad4\" data-element_type=\"widget\" data-widget_type=\"button.default\">\n\t\t\t\t<div class=\"elementor-widget-container\">\n\t\t\t\t\t\t\t\t\t<div class=\"elementor-button-wrapper\">\n\t\t\t\t\t<a class=\"elementor-button elementor-button-link elementor-size-sm\" href=\"https:\/\/api.whatsapp.com\/send?phone=8615920498084\" target=\"_blank\">\n\t\t\t\t\t\t<span class=\"elementor-button-content-wrapper\">\n\t\t\t\t\t\t\t\t\t<span class=\"elementor-button-text\">WhatsApp M\u1ef9!<\/span>\n\t\t\t\t\t<\/span>\n\t\t\t\t\t<\/a>\n\t\t\t\t<\/div>\n\t\t\t\t\t\t\t\t<\/div>\n\t\t\t\t<\/div>\n\t\t\t\t\t<\/div>\n\t\t<\/div>\n\t\t\t\t\t<\/div>\n\t\t<\/section>\n\t\t\t\t<section class=\"elementor-section elementor-top-section elementor-element elementor-element-ac640fa elementor-section-boxed elementor-section-height-default elementor-section-height-default\" data-id=\"ac640fa\" data-element_type=\"section\">\n\t\t\t\t\t\t<div class=\"elementor-container elementor-column-gap-default\">\n\t\t\t\t\t<div class=\"elementor-column elementor-col-100 elementor-top-column elementor-element elementor-element-1a9f259f\" data-id=\"1a9f259f\" data-element_type=\"column\">\n\t\t\t<div class=\"elementor-widget-wrap elementor-element-populated\">\n\t\t\t\t\t\t<div class=\"elementor-element elementor-element-daee1b6 elementor-widget elementor-widget-text-editor\" data-id=\"daee1b6\" data-element_type=\"widget\" data-widget_type=\"text-editor.default\">\n\t\t\t\t<div class=\"elementor-widget-container\">\n\t\t\t\t\t\t\t\t\t<p>\t\t<div data-elementor-type=\"wp-post\" data-elementor-id=\"13317\" class=\"elementor elementor-13317\" data-elementor-post-type=\"elementor-hf\">\n\t\t\t\t\t\t<section class=\"elementor-section elementor-top-section elementor-element elementor-element-48dcd053 elementor-section-boxed elementor-section-height-default elementor-section-height-default\" data-id=\"48dcd053\" data-element_type=\"section\">\n\t\t\t\t\t\t<div class=\"elementor-container elementor-column-gap-default\">\n\t\t\t\t\t<div class=\"elementor-column elementor-col-33 elementor-top-column elementor-element elementor-element-35717528\" data-id=\"35717528\" data-element_type=\"column\">\n\t\t\t<div class=\"elementor-widget-wrap elementor-element-populated\">\n\t\t\t\t\t\t<div class=\"elementor-element elementor-element-7a1df8b elementor-position-top elementor-widget elementor-widget-image-box\" data-id=\"7a1df8b\" data-element_type=\"widget\" data-widget_type=\"image-box.default\">\n\t\t\t\t<div class=\"elementor-widget-container\">\n\t\t\t\t\t<div class=\"elementor-image-box-wrapper\"><figure class=\"elementor-image-box-img\"><img decoding=\"async\" width=\"600\" height=\"450\" src=\"https:\/\/images.siedontech.com\/2020\/06\/SR30001.jpg\" class=\"attachment-full size-full wp-image-1323\" alt=\"Marine Waste Shredder detail\" srcset=\"https:\/\/images.siedontech.com\/2020\/06\/SR30001.jpg 600w, https:\/\/images.siedontech.com\/2020\/06\/SR30001.jpg?x-oss-process=image%2Fquality,q_50%2Fresize,m_fill,w_300,h_225 300w, https:\/\/images.siedontech.com\/2020\/06\/SR30001.jpg?x-oss-process=image%2Fquality,q_50%2Fresize,m_fill,w_200,h_150 200w, https:\/\/images.siedontech.com\/2020\/06\/SR30001.jpg?x-oss-process=image%2Fquality,q_50%2Fresize,m_fill,w_400,h_300 400w\" sizes=\"(max-width: 600px) 100vw, 600px\" \/><\/figure><div class=\"elementor-image-box-content\"><h4 class=\"elementor-image-box-title\">Th\u01b0\u01a1ng hi\u1ec7u h\u00e0ng \u0111\u1ea7u v\u1ec1 linh ki\u1ec7n \u0111i\u1ec7n t\u1eed<\/h4><\/div><\/div>\t\t\t\t<\/div>\n\t\t\t\t<\/div>\n\t\t\t\t\t<\/div>\n\t\t<\/div>\n\t\t\t\t<div class=\"elementor-column elementor-col-33 elementor-top-column elementor-element elementor-element-e7ca64f\" data-id=\"e7ca64f\" data-element_type=\"column\">\n\t\t\t<div class=\"elementor-widget-wrap elementor-element-populated\">\n\t\t\t\t\t\t<div class=\"elementor-element elementor-element-6e35086d elementor-position-top elementor-widget elementor-widget-image-box\" data-id=\"6e35086d\" data-element_type=\"widget\" data-widget_type=\"image-box.default\">\n\t\t\t\t<div class=\"elementor-widget-container\">\n\t\t\t\t\t<div class=\"elementor-image-box-wrapper\"><figure class=\"elementor-image-box-img\"><img decoding=\"async\" width=\"600\" height=\"450\" src=\"https:\/\/images.siedontech.com\/2020\/06\/marine-waste-shredder02.jpg\" class=\"attachment-full size-full wp-image-1393\" alt=\"\" srcset=\"https:\/\/images.siedontech.com\/2020\/06\/marine-waste-shredder02.jpg 600w, https:\/\/images.siedontech.com\/2020\/06\/marine-waste-shredder02.jpg?x-oss-process=image%2Fquality,q_50%2Fresize,m_fill,w_300,h_225 300w, https:\/\/images.siedontech.com\/2020\/06\/marine-waste-shredder02.jpg?x-oss-process=image%2Fquality,q_50%2Fresize,m_fill,w_200,h_150 200w, https:\/\/images.siedontech.com\/2020\/06\/marine-waste-shredder02.jpg?x-oss-process=image%2Fquality,q_50%2Fresize,m_fill,w_400,h_300 400w\" sizes=\"(max-width: 600px) 100vw, 600px\" \/><\/figure><div class=\"elementor-image-box-content\"><h4 class=\"elementor-image-box-title\">M\u00f4-men xo\u1eafn cao<\/h4><\/div><\/div>\t\t\t\t<\/div>\n\t\t\t\t<\/div>\n\t\t\t\t\t<\/div>\n\t\t<\/div>\n\t\t\t\t<div class=\"elementor-column elementor-col-33 elementor-top-column elementor-element elementor-element-5d7126bc\" data-id=\"5d7126bc\" data-element_type=\"column\">\n\t\t\t<div class=\"elementor-widget-wrap elementor-element-populated\">\n\t\t\t\t\t\t<div class=\"elementor-element elementor-element-52831cd6 elementor-position-top elementor-widget elementor-widget-image-box\" data-id=\"52831cd6\" data-element_type=\"widget\" data-widget_type=\"image-box.default\">\n\t\t\t\t<div class=\"elementor-widget-container\">\n\t\t\t\t\t<div class=\"elementor-image-box-wrapper\"><figure class=\"elementor-image-box-img\"><img loading=\"lazy\" decoding=\"async\" width=\"600\" height=\"450\" src=\"https:\/\/images.siedontech.com\/2020\/06\/SR30002.jpg\" class=\"attachment-full size-full wp-image-1324\" alt=\"Marine Waste Shredder output\" srcset=\"https:\/\/images.siedontech.com\/2020\/06\/SR30002.jpg 600w, https:\/\/images.siedontech.com\/2020\/06\/SR30002.jpg?x-oss-process=image%2Fquality,q_50%2Fresize,m_fill,w_300,h_225 300w, https:\/\/images.siedontech.com\/2020\/06\/SR30002.jpg?x-oss-process=image%2Fquality,q_50%2Fresize,m_fill,w_200,h_150 200w, https:\/\/images.siedontech.com\/2020\/06\/SR30002.jpg?x-oss-process=image%2Fquality,q_50%2Fresize,m_fill,w_400,h_300 400w\" sizes=\"(max-width: 600px) 100vw, 600px\" \/><\/figure><div class=\"elementor-image-box-content\"><h4 class=\"elementor-image-box-title\">K\u00edch th\u01b0\u1edbc \u0111\u1ea7u ra<\/h4><\/div><\/div>\t\t\t\t<\/div>\n\t\t\t\t<\/div>\n\t\t\t\t\t<\/div>\n\t\t<\/div>\n\t\t\t\t\t<\/div>\n\t\t<\/section>\n\t\t\t\t<\/div>\n\t\t<\/p>\t\t\t\t\t\t\t\t<\/div>\n\t\t\t\t<\/div>\n\t\t\t\t<div class=\"elementor-element elementor-element-478b7fe elementor-widget elementor-widget-heading\" data-id=\"478b7fe\" data-element_type=\"widget\" data-widget_type=\"heading.default\">\n\t\t\t\t<div class=\"elementor-widget-container\">\n\t\t\t\t\t<h2 class=\"elementor-heading-title elementor-size-default\">M\u00f4 t\u1ea3<\/h2>\t\t\t\t<\/div>\n\t\t\t\t<\/div>\n\t\t\t\t<div class=\"elementor-element elementor-element-ba9a7dc elementor-widget elementor-widget-text-editor\" data-id=\"ba9a7dc\" data-element_type=\"widget\" data-widget_type=\"text-editor.default\">\n\t\t\t\t<div class=\"elementor-widget-container\">\n\t\t\t\t\t\t\t\t\tM\u00e1y nghi\u1ec1n r\u00e1c th\u1ea3i bi\u1ec3n Siedon \u0111\u01b0\u1ee3c s\u1eed d\u1ee5ng r\u1ed9ng r\u00e3i \u0111\u1ec3 gi\u1ea3m k\u00edch th\u01b0\u1edbc r\u00e1c th\u1ea3i tr\u00ean t\u00e0u bi\u1ec3n v\u00e0 c\u00e1c n\u1ec1n t\u1ea3ng ngo\u00e0i kh\u01a1i. M\u00e1y c\u00f3 th\u1ec3 \u0111\u01b0\u1ee3c \u00e1p d\u1ee5ng cho r\u00e1c th\u1ea3i nh\u00e0 b\u1ebfp, ph\u1ebf li\u1ec7u nh\u1ef1a, r\u00e1c th\u1ea3i gi\u1ea5y\/b\u00eca c\u1ee9ng, v.v.\n<h4>\u0110\u1eb7c \u0111i\u1ec3m c\u1ee7a m\u00e1y nghi\u1ec1n r\u00e1c th\u1ea3i bi\u1ec3n:<\/h4>\n<ul>\n \t<li>Ti\u1ebft ki\u1ec7m n\u0103ng l\u01b0\u1ee3ng<\/li>\n \t<li>Ti\u1ebfng \u1ed3n th\u1ea5p, m\u00f4-men xo\u1eafn cao<\/li>\n \t<li>Ho\u1ea1t \u0111\u1ed9ng d\u1ec5 d\u00e0ng v\u00e0 an to\u00e0n<\/li>\n \t<li>K\u00edch th\u01b0\u1edbc nh\u1ecf g\u1ecdn, tr\u1ecdng l\u01b0\u1ee3ng nh\u1eb9<\/li>\n<\/ul>\n<h3>D\u1eef li\u1ec7u k\u1ef9 thu\u1eadt:<\/h3>\n<table width=\"70%\">\n<thead>\n<tr>\n<th align=\"left\">C\u00f4ng su\u1ea5t \u0111\u1ed9ng c\u01a1<\/th>\n<th align=\"left\">3 kW<\/th>\n<\/tr>\n<\/thead>\n<tbody>\n<tr>\n<td align=\"left\">K\u00edch th\u01b0\u1edbc m\u1edf (mm)<\/td>\n<td align=\"left\">300*300<\/td>\n<\/tr>\n<tr>\n<td align=\"left\">K\u00edch th\u01b0\u1edbc m\u00e1y (mm)<\/td>\n<td align=\"left\">1020*890*1820<\/td>\n<\/tr>\n<tr>\n<td align=\"left\">Tr\u1ecdng l\u01b0\u1ee3ng m\u00e1y (kg)<\/td>\n<td align=\"left\">350<\/td>\n<\/tr>\n<tr>\n<td align=\"left\">\u0110\u1ed9 d\u00e0y dao (mm)<\/td>\n<td align=\"left\">12<\/td>\n<\/tr>\n<tr>\n<td align=\"left\">S\u1ed1 l\u01b0\u1ee3ng dao (chi\u1ebfc)<\/td>\n<td align=\"left\">24<\/td>\n<\/tr>\n<tr>\n<td align=\"left\">K\u00edch th\u01b0\u1edbc \u0111\u1ea7u ra (mm)<\/td>\n<td align=\"left\">\u226425<\/td>\n<\/tr>\n<tr>\n<td align=\"left\">C\u00f4ng su\u1ea5t (kg\/h)<\/td>\n<td align=\"left\">200<\/td>\n<\/tr>\n<\/tbody>\n<\/table>\t\t\t\t\t\t\t\t<\/div>\n\t\t\t\t<\/div>\n\t\t\t\t\t<\/div>\n\t\t<\/div>\n\t\t\t\t\t<\/div>\n\t\t<\/section>\n\t\t\t\t<section class=\"elementor-section elementor-top-section elementor-element elementor-element-1562ec10 elementor-section-boxed elementor-section-height-default elementor-section-height-default\" data-id=\"1562ec10\" data-element_type=\"section\">\n\t\t\t\t\t\t<div class=\"elementor-container elementor-column-gap-default\">\n\t\t\t\t\t<div class=\"elementor-column elementor-col-100 elementor-top-column elementor-element elementor-element-a27d764\" data-id=\"a27d764\" data-element_type=\"column\">\n\t\t\t<div class=\"elementor-widget-wrap elementor-element-populated\">\n\t\t\t\t\t\t<div class=\"elementor-element elementor-element-3fbbfec elementor-widget elementor-widget-video\" data-id=\"3fbbfec\" data-element_type=\"widget\" data-settings=\"{&quot;youtube_url&quot;:&quot;https:\\\/\\\/youtu.be\\\/OFGzcz8nwrw&quot;,&quot;video_type&quot;:&quot;youtube&quot;,&quot;controls&quot;:&quot;yes&quot;}\" data-widget_type=\"video.default\">\n\t\t\t\t<div class=\"elementor-widget-container\">\n\t\t\t\t\t\t\t<div class=\"elementor-wrapper elementor-open-inline\">\n\t\t\t<div class=\"elementor-video\"><\/div>\t\t<\/div>\n\t\t\t\t\t\t<\/div>\n\t\t\t\t<\/div>\n\t\t\t\t<div class=\"elementor-element elementor-element-2aee2281 elementor-share-buttons--view-icon-text elementor-share-buttons--skin-gradient elementor-share-buttons--shape-square elementor-grid-0 elementor-share-buttons--color-official elementor-widget elementor-widget-share-buttons\" data-id=\"2aee2281\" data-element_type=\"widget\" data-widget_type=\"share-buttons.default\">\n\t\t\t\t<div class=\"elementor-widget-container\">\n\t\t\t\t\t\t\t<div class=\"elementor-grid\">\n\t\t\t\t\t\t\t\t<div class=\"elementor-grid-item\">\n\t\t\t\t\t\t<div\n\t\t\t\t\t\t\tclass=\"elementor-share-btn elementor-share-btn_facebook\"\n\t\t\t\t\t\t\trole=\"button\"\n\t\t\t\t\t\t\ttabindex=\"0\"\n\t\t\t\t\t\t\taria-label=\"Share on facebook\"\n\t\t\t\t\t\t>\n\t\t\t\t\t\t\t\t\t\t\t\t\t\t\t<span class=\"elementor-share-btn__icon\">\n\t\t\t\t\t\t\t\t<i class=\"fab fa-facebook\" aria-hidden=\"true\"><\/i>\t\t\t\t\t\t\t<\/span>\n\t\t\t\t\t\t\t\t\t\t\t\t\t\t\t\t\t\t\t\t<\/div>\n\t\t\t\t\t<\/div>\n\t\t\t\t\t\t\t\t\t<div class=\"elementor-grid-item\">\n\t\t\t\t\t\t<div\n\t\t\t\t\t\t\tclass=\"elementor-share-btn elementor-share-btn_twitter\"\n\t\t\t\t\t\t\trole=\"button\"\n\t\t\t\t\t\t\ttabindex=\"0\"\n\t\t\t\t\t\t\taria-label=\"Share on twitter\"\n\t\t\t\t\t\t>\n\t\t\t\t\t\t\t\t\t\t\t\t\t\t\t<span class=\"elementor-share-btn__icon\">\n\t\t\t\t\t\t\t\t<i class=\"fab fa-twitter\" aria-hidden=\"true\"><\/i>\t\t\t\t\t\t\t<\/span>\n\t\t\t\t\t\t\t\t\t\t\t\t\t\t\t\t\t\t\t\t<\/div>\n\t\t\t\t\t<\/div>\n\t\t\t\t\t\t\t\t\t<div class=\"elementor-grid-item\">\n\t\t\t\t\t\t<div\n\t\t\t\t\t\t\tclass=\"elementor-share-btn elementor-share-btn_linkedin\"\n\t\t\t\t\t\t\trole=\"button\"\n\t\t\t\t\t\t\ttabindex=\"0\"\n\t\t\t\t\t\t\taria-label=\"Share on linkedin\"\n\t\t\t\t\t\t>\n\t\t\t\t\t\t\t\t\t\t\t\t\t\t\t<span class=\"elementor-share-btn__icon\">\n\t\t\t\t\t\t\t\t<i class=\"fab fa-linkedin\" aria-hidden=\"true\"><\/i>\t\t\t\t\t\t\t<\/span>\n\t\t\t\t\t\t\t\t\t\t\t\t\t\t\t\t\t\t\t\t<\/div>\n\t\t\t\t\t<\/div>\n\t\t\t\t\t\t\t\t\t<div class=\"elementor-grid-item\">\n\t\t\t\t\t\t<div\n\t\t\t\t\t\t\tclass=\"elementor-share-btn elementor-share-btn_reddit\"\n\t\t\t\t\t\t\trole=\"button\"\n\t\t\t\t\t\t\ttabindex=\"0\"\n\t\t\t\t\t\t\taria-label=\"Share on reddit\"\n\t\t\t\t\t\t>\n\t\t\t\t\t\t\t\t\t\t\t\t\t\t\t<span class=\"elementor-share-btn__icon\">\n\t\t\t\t\t\t\t\t<i class=\"fab fa-reddit\" aria-hidden=\"true\"><\/i>\t\t\t\t\t\t\t<\/span>\n\t\t\t\t\t\t\t\t\t\t\t\t\t\t\t\t\t\t\t\t<\/div>\n\t\t\t\t\t<\/div>\n\t\t\t\t\t\t\t\t\t<div class=\"elementor-grid-item\">\n\t\t\t\t\t\t<div\n\t\t\t\t\t\t\tclass=\"elementor-share-btn elementor-share-btn_email\"\n\t\t\t\t\t\t\trole=\"button\"\n\t\t\t\t\t\t\ttabindex=\"0\"\n\t\t\t\t\t\t\taria-label=\"Share on email\"\n\t\t\t\t\t\t>\n\t\t\t\t\t\t\t\t\t\t\t\t\t\t\t<span class=\"elementor-share-btn__icon\">\n\t\t\t\t\t\t\t\t<i class=\"fas fa-envelope\" aria-hidden=\"true\"><\/i>\t\t\t\t\t\t\t<\/span>\n\t\t\t\t\t\t\t\t\t\t\t\t\t\t\t\t\t\t\t\t<\/div>\n\t\t\t\t\t<\/div>\n\t\t\t\t\t\t\t\t\t<div class=\"elementor-grid-item\">\n\t\t\t\t\t\t<div\n\t\t\t\t\t\t\tclass=\"elementor-share-btn elementor-share-btn_tumblr\"\n\t\t\t\t\t\t\trole=\"button\"\n\t\t\t\t\t\t\ttabindex=\"0\"\n\t\t\t\t\t\t\taria-label=\"Share on tumblr\"\n\t\t\t\t\t\t>\n\t\t\t\t\t\t\t\t\t\t\t\t\t\t\t<span class=\"elementor-share-btn__icon\">\n\t\t\t\t\t\t\t\t<i class=\"fab fa-tumblr\" aria-hidden=\"true\"><\/i>\t\t\t\t\t\t\t<\/span>\n\t\t\t\t\t\t\t\t\t\t\t\t\t\t\t\t\t\t\t\t<\/div>\n\t\t\t\t\t<\/div>\n\t\t\t\t\t\t<\/div>\n\t\t\t\t\t\t<\/div>\n\t\t\t\t<\/div>\n\t\t\t\t\t<\/div>\n\t\t<\/div>\n\t\t\t\t\t<\/div>\n\t\t<\/section>\n\t\t\t\t<\/div>","protected":false},"excerpt":{"rendered":"<p>Marine Waste Shredder Model SR30 Brand SIEDON Categories Crusher FOB Port Guangzhou, Shenzhen EURO-STANDARD and CE certificate 2 Years Long Warranty Whatsapp US! Description Siedon marine waste crusher is widely used for waste size reduction on marine vessels and offshore plateforms. It can be applied on kitchen waste, plastic scrap, paper\/cardboard waste, ect. Feature Of\u00a0 [&hellip;]<\/p>\n","protected":false},"author":1,"featured_media":1206,"parent":1336,"menu_order":0,"comment_status":"closed","ping_status":"closed","template":"","meta":{"site-sidebar-layout":"left-sidebar","site-content-layout":"plain-container","ast-site-content-layout":"normal-width-container","site-content-style":"unboxed","site-sidebar-style":"unboxed","ast-global-header-display":"","ast-banner-title-visibility":"","ast-main-header-display":"","ast-hfb-above-header-display":"","ast-hfb-below-header-display":"","ast-hfb-mobile-header-display":"","site-post-title":"disabled","ast-breadcrumbs-content":"","ast-featured-img":"disabled","footer-sml-layout":"","theme-transparent-header-meta":"default","adv-header-id-meta":"","stick-header-meta":"","header-above-stick-meta":"","header-main-stick-meta":"","header-below-stick-meta":"","astra-migrate-meta-layouts":"set","ast-page-background-enabled":"default","ast-page-background-meta":{"desktop":{"background-color":"","background-image":"","background-repeat":"repeat","background-position":"center center","background-size":"auto","background-attachment":"scroll","background-type":"","background-media":"","overlay-type":"","overlay-color":"","overlay-opacity":"","overlay-gradient":""},"tablet":{"background-color":"","background-image":"","background-repeat":"repeat","background-position":"center center","background-size":"auto","background-attachment":"scroll","background-type":"","background-media":"","overlay-type":"","overlay-color":"","overlay-opacity":"","overlay-gradient":""},"mobile":{"background-color":"","background-image":"","background-repeat":"repeat","background-position":"center center","background-size":"auto","background-attachment":"scroll","background-type":"","background-media":"","overlay-type":"","overlay-color":"","overlay-opacity":"","overlay-gradient":""}},"ast-content-background-meta":{"desktop":{"background-color":"var(--ast-global-color-5)","background-image":"","background-repeat":"repeat","background-position":"center center","background-size":"auto","background-attachment":"scroll","background-type":"","background-media":"","overlay-type":"","overlay-color":"","overlay-opacity":"","overlay-gradient":""},"tablet":{"background-color":"var(--ast-global-color-5)","background-image":"","background-repeat":"repeat","background-position":"center center","background-size":"auto","background-attachment":"scroll","background-type":"","background-media":"","overlay-type":"","overlay-color":"","overlay-opacity":"","overlay-gradient":""},"mobile":{"background-color":"var(--ast-global-color-5)","background-image":"","background-repeat":"repeat","background-position":"center center","background-size":"auto","background-attachment":"scroll","background-type":"","background-media":"","overlay-type":"","overlay-color":"","overlay-opacity":"","overlay-gradient":""}},"footnotes":""},"_links":{"self":[{"href":"https:\/\/www.siedontech.com\/vi\/wp-json\/wp\/v2\/pages\/1320"}],"collection":[{"href":"https:\/\/www.siedontech.com\/vi\/wp-json\/wp\/v2\/pages"}],"about":[{"href":"https:\/\/www.siedontech.com\/vi\/wp-json\/wp\/v2\/types\/page"}],"author":[{"embeddable":true,"href":"https:\/\/www.siedontech.com\/vi\/wp-json\/wp\/v2\/users\/1"}],"replies":[{"embeddable":true,"href":"https:\/\/www.siedontech.com\/vi\/wp-json\/wp\/v2\/comments?post=1320"}],"version-history":[{"count":0,"href":"https:\/\/www.siedontech.com\/vi\/wp-json\/wp\/v2\/pages\/1320\/revisions"}],"up":[{"embeddable":true,"href":"https:\/\/www.siedontech.com\/vi\/wp-json\/wp\/v2\/pages\/1336"}],"wp:featuredmedia":[{"embeddable":true,"href":"https:\/\/www.siedontech.com\/vi\/wp-json\/wp\/v2\/media\/1206"}],"wp:attachment":[{"href":"https:\/\/www.siedontech.com\/vi\/wp-json\/wp\/v2\/media?parent=1320"}],"curies":[{"name":"wp","href":"https:\/\/api.w.org\/{rel}","templated":true}]}}