{"id":13563,"date":"2021-10-28T15:56:13","date_gmt":"2021-10-28T07:56:13","guid":{"rendered":"https:\/\/www.siedontech.com\/?page_id=13563"},"modified":"2024-08-14T11:44:36","modified_gmt":"2024-08-14T03:44:36","slug":"privacy-notice","status":"publish","type":"page","link":"https:\/\/www.siedontech.com\/vi\/privacy-notice","title":{"rendered":"Th\u00f4ng b\u00e1o v\u1ec1 quy\u1ec1n ri\u00eang t\u01b0"},"content":{"rendered":"<p>Siedontech.com nh\u1eadn th\u1ee9c \u0111\u01b0\u1ee3c r\u1eb1ng vi\u1ec7c b\u1ea3o v\u1ec7 th\u00f4ng tin c\u00e1 nh\u00e2n c\u1ee7a b\u1ea1n khi s\u1eed d\u1ee5ng trang web c\u1ee7a ch\u00fang t\u00f4i l\u00e0 m\u1ed9t v\u1ea5n \u0111\u1ec1 quan tr\u1ecdng. Ch\u00fang t\u00f4i coi tr\u1ecdng vi\u1ec7c b\u1ea3o v\u1ec7 d\u1eef li\u1ec7u c\u00e1 nh\u00e2n c\u1ee7a b\u1ea1n. Do \u0111\u00f3, ch\u00fang t\u00f4i mu\u1ed1n th\u00f4ng b\u00e1o cho b\u1ea1n bi\u1ebft v\u1ec1 c\u00e1c lo\u1ea1i d\u1eef li\u1ec7u m\u00e0 ch\u00fang t\u00f4i l\u01b0u tr\u1eef v\u00e0 c\u00e1c lo\u1ea1i d\u1eef li\u1ec7u m\u00e0 ch\u00fang t\u00f4i x\u00f3a b\u1ecf. V\u1edbi th\u00f4ng b\u00e1o b\u1ea3o m\u1eadt n\u00e0y, ch\u00fang t\u00f4i mu\u1ed1n th\u00f4ng tin cho b\u1ea1n v\u1ec1 c\u00e1c bi\u1ec7n ph\u00e1p b\u1ea3o m\u1eadt c\u1ee7a ch\u00fang t\u00f4i.<\/p>\n\n\n\n<p><strong>Thu th\u1eadp v\u00e0 x\u1eed l\u00fd d\u1eef li\u1ec7u c\u00e1 nh\u00e2n<\/strong><\/p>\n\n\n\n<p>Ch\u00fang t\u00f4i ch\u1ec9 thu th\u1eadp d\u1eef li\u1ec7u c\u00e1 nh\u00e2n khi b\u1ea1n cung c\u1ea5p cho ch\u00fang t\u00f4i, th\u00f4ng qua vi\u1ec7c \u0111\u0103ng k\u00fd, \u0111i\u1ec1n v\u00e0o bi\u1ec3u m\u1eabu ho\u1eb7c email, trong qu\u00e1 tr\u00ecnh \u0111\u1eb7t h\u00e0ng s\u1ea3n ph\u1ea9m ho\u1eb7c d\u1ecbch v\u1ee5, c\u00e1c c\u00e2u h\u1ecfi ho\u1eb7c y\u00eau c\u1ea7u v\u1ec1 v\u1eadt li\u1ec7u \u0111\u01b0\u1ee3c \u0111\u1eb7t h\u00e0ng v\u00e0 c\u00e1c t\u00ecnh hu\u1ed1ng t\u01b0\u01a1ng t\u1ef1 kh\u00e1c m\u00e0 b\u1ea1n \u0111\u00e3 ch\u1ecdn cung c\u1ea5p th\u00f4ng tin cho ch\u00fang t\u00f4i. C\u01a1 s\u1edf d\u1eef li\u1ec7u v\u00e0 n\u1ed9i dung c\u1ee7a n\u00f3 \u0111\u01b0\u1ee3c l\u01b0u tr\u1eef t\u1ea1i c\u00f4ng ty ch\u00fang t\u00f4i v\u00e0 \u0111\u01b0\u1ee3c qu\u1ea3n l\u00fd b\u1edfi c\u00e1c nh\u00e0 cung c\u1ea5p d\u1ecbch v\u1ee5 x\u1eed l\u00fd d\u1eef li\u1ec7u ho\u1eb7c m\u00e1y ch\u1ee7 ho\u1ea1t \u0111\u1ed9ng thay m\u1eb7t ch\u00fang t\u00f4i v\u00e0 ch\u1ecbu tr\u00e1ch nhi\u1ec7m tr\u01b0\u1edbc ch\u00fang t\u00f4i. D\u1eef li\u1ec7u c\u00e1 nh\u00e2n c\u1ee7a b\u1ea1n s\u1ebd kh\u00f4ng \u0111\u01b0\u1ee3c ch\u00fang t\u00f4i chuy\u1ec3n giao cho b\u00ean th\u1ee9 ba d\u01b0\u1edbi b\u1ea5t k\u1ef3 h\u00ecnh th\u1ee9c n\u00e0o, tr\u1eeb khi ch\u00fang t\u00f4i \u0111\u00e3 nh\u1eadn \u0111\u01b0\u1ee3c s\u1ef1 \u0111\u1ed3ng \u00fd c\u1ee7a b\u1ea1n ho\u1eb7c b\u1ecb ph\u00e1p lu\u1eadt y\u00eau c\u1ea7u. Ch\u00fang t\u00f4i s\u1ebd duy tr\u00ec quy\u1ec1n ki\u1ec3m so\u00e1t v\u00e0 tr\u00e1ch nhi\u1ec7m \u0111\u1ed1i v\u1edbi vi\u1ec7c s\u1eed d\u1ee5ng b\u1ea5t k\u1ef3 d\u1eef li\u1ec7u c\u00e1 nh\u00e2n n\u00e0o b\u1ea1n cung c\u1ea5p cho ch\u00fang t\u00f4i. M\u1ed9t s\u1ed1 d\u1eef li\u1ec7u n\u00e0y c\u00f3 th\u1ec3 \u0111\u01b0\u1ee3c l\u01b0u tr\u1eef ho\u1eb7c x\u1eed l\u00fd tr\u00ean c\u00e1c m\u00e1y t\u00ednh \u0111\u1eb7t t\u1ea1i c\u00e1c khu v\u1ef1c ph\u00e1p l\u00fd kh\u00e1c, ch\u1eb3ng h\u1ea1n nh\u01b0 Hoa K\u1ef3, n\u01a1i c\u00e1c lu\u1eadt b\u1ea3o v\u1ec7 d\u1eef li\u1ec7u c\u00f3 th\u1ec3 kh\u00e1c v\u1edbi khu v\u1ef1c ph\u00e1p l\u00fd n\u01a1i b\u1ea1n sinh s\u1ed1ng. Trong tr\u01b0\u1eddng h\u1ee3p \u0111\u00f3, ch\u00fang t\u00f4i s\u1ebd \u0111\u1ea3m b\u1ea3o r\u1eb1ng c\u00e1c bi\u1ec7n ph\u00e1p b\u1ea3o v\u1ec7 th\u00edch h\u1ee3p \u0111\u01b0\u1ee3c \u00e1p d\u1ee5ng \u0111\u1ec3 y\u00eau c\u1ea7u nh\u00e0 cung c\u1ea5p d\u1ecbch v\u1ee5 x\u1eed l\u00fd d\u1eef li\u1ec7u t\u1ea1i qu\u1ed1c gia \u0111\u00f3 duy tr\u00ec c\u00e1c bi\u1ec7n ph\u00e1p b\u1ea3o v\u1ec7 d\u1eef li\u1ec7u t\u01b0\u01a1ng \u0111\u01b0\u01a1ng v\u1edbi nh\u1eefng bi\u1ec7n ph\u00e1p \u00e1p d\u1ee5ng t\u1ea1i qu\u1ed1c gia n\u01a1i b\u1ea1n sinh s\u1ed1ng.<\/p>\n\n\n\n<p><strong>M\u1ee5c \u0111\u00edch s\u1eed d\u1ee5ng<\/strong><\/p>\n\n\n\n<p>D\u1eef li\u1ec7u m\u00e0 ch\u00fang t\u00f4i thu th\u1eadp ch\u1ec9 \u0111\u01b0\u1ee3c s\u1eed d\u1ee5ng cho m\u1ee5c \u0111\u00edch cung c\u1ea5p cho b\u1ea1n c\u00e1c s\u1ea3n ph\u1ea9m ho\u1eb7c d\u1ecbch v\u1ee5 m\u00e0 b\u1ea1n y\u00eau c\u1ea7u ho\u1eb7c cho c\u00e1c m\u1ee5c \u0111\u00edch kh\u00e1c m\u00e0 b\u1ea1n \u0111\u00e3 \u0111\u1ed3ng \u00fd, tr\u1eeb khi lu\u1eadt ph\u00e1p c\u00f3 quy \u0111\u1ecbnh kh\u00e1c.<\/p>\n\n\n\n<p><strong>Ch\u00fang t\u00f4i s\u1eed d\u1ee5ng th\u00f4ng tin c\u1ee7a b\u1ea1n \u0111\u1ec3 l\u00e0m g\u00ec?<\/strong><\/p>\n\n\n\n<p>B\u1ea5t k\u1ef3 th\u00f4ng tin n\u00e0o ch\u00fang t\u00f4i thu th\u1eadp t\u1eeb b\u1ea1n c\u00f3 th\u1ec3 \u0111\u01b0\u1ee3c s\u1eed d\u1ee5ng theo m\u1ed9t trong c\u00e1c c\u00e1ch sau:<\/p>\n\n\n\n<p>\u2022\u0110\u1ec3 c\u00e1 nh\u00e2n h\u00f3a tr\u1ea3i nghi\u1ec7m c\u1ee7a b\u1ea1n<\/p>\n\n\n\n<p>(Th\u00f4ng tin c\u1ee7a b\u1ea1n gi\u00fap ch\u00fang t\u00f4i \u0111\u00e1p \u1ee9ng t\u1ed1t h\u01a1n c\u00e1c nhu c\u1ea7u c\u00e1 nh\u00e2n c\u1ee7a b\u1ea1n)<\/p>\n\n\n\n<p>\u2022\u0110\u1ec3 c\u1ea3i thi\u1ec7n trang web c\u1ee7a ch\u00fang t\u00f4i<\/p>\n\n\n\n<p>(Ch\u00fang t\u00f4i lu\u00f4n n\u1ed7 l\u1ef1c c\u1ea3i thi\u1ec7n c\u00e1c d\u1ecbch v\u1ee5 tr\u00ean trang web c\u1ee7a m\u00ecnh d\u1ef1a tr\u00ean th\u00f4ng tin v\u00e0 ph\u1ea3n h\u1ed3i m\u00e0 ch\u00fang t\u00f4i nh\u1eadn \u0111\u01b0\u1ee3c t\u1eeb qu\u00fd v\u1ecb)<\/p>\n\n\n\n<p>\u2022\u0110\u1ec3 n\u00e2ng cao ch\u1ea5t l\u01b0\u1ee3ng d\u1ecbch v\u1ee5 kh\u00e1ch h\u00e0ng<\/p>\n\n\n\n<p>(Th\u00f4ng tin c\u1ee7a b\u1ea1n gi\u00fap ch\u00fang t\u00f4i ph\u1ea3n h\u1ed3i hi\u1ec7u qu\u1ea3 h\u01a1n c\u00e1c y\u00eau c\u1ea7u d\u1ecbch v\u1ee5 kh\u00e1ch h\u00e0ng v\u00e0 nhu c\u1ea7u h\u1ed7 tr\u1ee3 c\u1ee7a b\u1ea1n)<\/p>\n\n\n\n<p>\u2022X\u1eed l\u00fd giao d\u1ecbch<\/p>\n\n\n\n<p>Th\u00f4ng tin c\u1ee7a b\u1ea1n, d\u00f9 l\u00e0 th\u00f4ng tin c\u00f4ng khai hay ri\u00eang t\u01b0, s\u1ebd kh\u00f4ng \u0111\u01b0\u1ee3c b\u00e1n, trao \u0111\u1ed5i, chuy\u1ec3n nh\u01b0\u1ee3ng ho\u1eb7c cung c\u1ea5p cho b\u1ea5t k\u1ef3 c\u00f4ng ty n\u00e0o kh\u00e1c v\u00ec b\u1ea5t k\u1ef3 l\u00fd do g\u00ec, m\u00e0 kh\u00f4ng c\u00f3 s\u1ef1 \u0111\u1ed3ng \u00fd c\u1ee7a b\u1ea1n, tr\u1eeb khi m\u1ee5c \u0111\u00edch duy nh\u1ea5t l\u00e0 \u0111\u1ec3 giao h\u00e0ng ho\u1eb7c cung c\u1ea5p d\u1ecbch v\u1ee5 m\u00e0 kh\u00e1ch h\u00e0ng \u0111\u00e3 y\u00eau c\u1ea7u.<\/p>\n\n\n\n<p>\u2022G\u1eedi email \u0111\u1ecbnh k\u1ef3<\/p>\n\n\n\n<p>\u0110\u1ecba ch\u1ec9 email m\u00e0 b\u1ea1n cung c\u1ea5p cho vi\u1ec7c x\u1eed l\u00fd \u0111\u01a1n h\u00e0ng c\u00f3 th\u1ec3 \u0111\u01b0\u1ee3c s\u1eed d\u1ee5ng \u0111\u1ec3 g\u1eedi cho b\u1ea1n th\u00f4ng tin v\u00e0 c\u1eadp nh\u1eadt li\u00ean quan \u0111\u1ebfn \u0111\u01a1n h\u00e0ng c\u1ee7a b\u1ea1n, c\u0169ng nh\u01b0 nh\u1eadn c\u00e1c tin t\u1ee9c c\u00f4ng ty, c\u1eadp nh\u1eadt, th\u00f4ng tin v\u1ec1 s\u1ea3n ph\u1ea9m ho\u1eb7c d\u1ecbch v\u1ee5 li\u00ean quan, v.v.<\/p>\n\n\n\n<p>L\u01b0u \u00fd: N\u1ebfu b\u1ea1n mu\u1ed1n h\u1ee7y \u0111\u0103ng k\u00fd nh\u1eadn email trong t\u01b0\u01a1ng lai, ch\u00fang t\u00f4i \u0111\u00e3 cung c\u1ea5p h\u01b0\u1edbng d\u1eabn h\u1ee7y \u0111\u0103ng k\u00fd chi ti\u1ebft \u1edf ph\u1ea7n cu\u1ed1i c\u1ee7a m\u1ed7i email.<\/p>\n\n\n\n<p>\u2022\u0110\u1ec3 t\u1ed5 ch\u1ee9c m\u1ed9t cu\u1ed9c thi, ch\u01b0\u01a1ng tr\u00ecnh khuy\u1ebfn m\u00e3i, cu\u1ed9c kh\u1ea3o s\u00e1t ho\u1eb7c c\u00e1c t\u00ednh n\u0103ng kh\u00e1c tr\u00ean trang web.<\/p>","protected":false},"excerpt":{"rendered":"<p>Siedontech.com&nbsp;is aware that the security of your private information from the use of our website is an important concern. We take the protection of your personal data very seriously. Therefore we would like you to know what data we maintain and what data we discard. With this privacy notice, we would like to inform you [&hellip;]<\/p>\n","protected":false},"author":1,"featured_media":0,"parent":0,"menu_order":0,"comment_status":"closed","ping_status":"closed","template":"","meta":{"site-sidebar-layout":"default","site-content-layout":"default","ast-site-content-layout":"default","site-content-style":"default","site-sidebar-style":"default","ast-global-header-display":"","ast-banner-title-visibility":"","ast-main-header-display":"","ast-hfb-above-header-display":"","ast-hfb-below-header-display":"","ast-hfb-mobile-header-display":"","site-post-title":"","ast-breadcrumbs-content":"","ast-featured-img":"","footer-sml-layout":"","theme-transparent-header-meta":"default","adv-header-id-meta":"","stick-header-meta":"","header-above-stick-meta":"","header-main-stick-meta":"","header-below-stick-meta":"","astra-migrate-meta-layouts":"set","ast-page-background-enabled":"default","ast-page-background-meta":{"desktop":{"background-color":"","background-image":"","background-repeat":"repeat","background-position":"center center","background-size":"auto","background-attachment":"scroll","background-type":"","background-media":"","overlay-type":"","overlay-color":"","overlay-opacity":"","overlay-gradient":""},"tablet":{"background-color":"","background-image":"","background-repeat":"repeat","background-position":"center center","background-size":"auto","background-attachment":"scroll","background-type":"","background-media":"","overlay-type":"","overlay-color":"","overlay-opacity":"","overlay-gradient":""},"mobile":{"background-color":"","background-image":"","background-repeat":"repeat","background-position":"center center","background-size":"auto","background-attachment":"scroll","background-type":"","background-media":"","overlay-type":"","overlay-color":"","overlay-opacity":"","overlay-gradient":""}},"ast-content-background-meta":{"desktop":{"background-color":"var(--ast-global-color-5)","background-image":"","background-repeat":"repeat","background-position":"center center","background-size":"auto","background-attachment":"scroll","background-type":"","background-media":"","overlay-type":"","overlay-color":"","overlay-opacity":"","overlay-gradient":""},"tablet":{"background-color":"var(--ast-global-color-5)","background-image":"","background-repeat":"repeat","background-position":"center center","background-size":"auto","background-attachment":"scroll","background-type":"","background-media":"","overlay-type":"","overlay-color":"","overlay-opacity":"","overlay-gradient":""},"mobile":{"background-color":"var(--ast-global-color-5)","background-image":"","background-repeat":"repeat","background-position":"center center","background-size":"auto","background-attachment":"scroll","background-type":"","background-media":"","overlay-type":"","overlay-color":"","overlay-opacity":"","overlay-gradient":""}},"footnotes":""},"_links":{"self":[{"href":"https:\/\/www.siedontech.com\/vi\/wp-json\/wp\/v2\/pages\/13563"}],"collection":[{"href":"https:\/\/www.siedontech.com\/vi\/wp-json\/wp\/v2\/pages"}],"about":[{"href":"https:\/\/www.siedontech.com\/vi\/wp-json\/wp\/v2\/types\/page"}],"author":[{"embeddable":true,"href":"https:\/\/www.siedontech.com\/vi\/wp-json\/wp\/v2\/users\/1"}],"replies":[{"embeddable":true,"href":"https:\/\/www.siedontech.com\/vi\/wp-json\/wp\/v2\/comments?post=13563"}],"version-history":[{"count":0,"href":"https:\/\/www.siedontech.com\/vi\/wp-json\/wp\/v2\/pages\/13563\/revisions"}],"wp:attachment":[{"href":"https:\/\/www.siedontech.com\/vi\/wp-json\/wp\/v2\/media?parent=13563"}],"curies":[{"name":"wp","href":"https:\/\/api.w.org\/{rel}","templated":true}]}}