{"id":1377,"date":"2020-06-29T09:27:58","date_gmt":"2020-06-29T09:27:58","guid":{"rendered":"https:\/\/www.siedontech.com\/?page_id=1377"},"modified":"2025-11-24T14:01:29","modified_gmt":"2025-11-24T06:01:29","slug":"two-shaft-shredder","status":"publish","type":"page","link":"https:\/\/www.siedontech.com\/vi\/solid-waste-shredder\/two-shaft-shredder","title":{"rendered":"M\u00e1y nghi\u1ec1n hai tr\u1ee5c c\u00f4ng su\u1ea5t trung b\u00ecnh"},"content":{"rendered":"<div data-elementor-type=\"wp-page\" data-elementor-id=\"1377\" class=\"elementor elementor-1377\" data-elementor-post-type=\"page\">\n\t\t\t\t\t\t<section class=\"elementor-section elementor-top-section elementor-element elementor-element-7b989f5d elementor-section-boxed elementor-section-height-default elementor-section-height-default\" data-id=\"7b989f5d\" data-element_type=\"section\">\n\t\t\t\t\t\t<div class=\"elementor-container elementor-column-gap-extended\">\n\t\t\t\t\t<div class=\"elementor-column elementor-col-50 elementor-top-column elementor-element elementor-element-57723c7b\" data-id=\"57723c7b\" data-element_type=\"column\">\n\t\t\t<div class=\"elementor-widget-wrap elementor-element-populated\">\n\t\t\t\t\t\t<div class=\"elementor-element elementor-element-55b49754 elementor-widget elementor-widget-image\" data-id=\"55b49754\" data-element_type=\"widget\" data-widget_type=\"image.default\">\n\t\t\t\t<div class=\"elementor-widget-container\">\n\t\t\t\t\t\t\t\t\t\t\t\t\t\t\t<img fetchpriority=\"high\" decoding=\"async\" width=\"600\" height=\"600\" src=\"https:\/\/images.siedontech.com\/2020\/06\/shredder02.jpg\" class=\"attachment-large size-large wp-image-1380\" alt=\"\" srcset=\"https:\/\/images.siedontech.com\/2020\/06\/shredder02.jpg 600w, https:\/\/images.siedontech.com\/2020\/06\/shredder02.jpg?x-oss-process=image%2Fquality,q_50%2Fresize,m_fill,w_300,h_300 300w, https:\/\/images.siedontech.com\/2020\/06\/shredder02.jpg?x-oss-process=image%2Fquality,q_50%2Fresize,m_fill,w_150,h_150 150w, https:\/\/images.siedontech.com\/2020\/06\/shredder02.jpg?x-oss-process=image%2Fquality,q_50%2Fresize,m_fill,w_66,h_66 66w, https:\/\/images.siedontech.com\/2020\/06\/shredder02.jpg?x-oss-process=image%2Fquality,q_50%2Fresize,m_fill,w_200,h_200 200w, https:\/\/images.siedontech.com\/2020\/06\/shredder02.jpg?x-oss-process=image%2Fquality,q_50%2Fresize,m_fill,w_400,h_400 400w\" sizes=\"(max-width: 600px) 100vw, 600px\" \/>\t\t\t\t\t\t\t\t\t\t\t\t\t\t\t<\/div>\n\t\t\t\t<\/div>\n\t\t\t\t\t<\/div>\n\t\t<\/div>\n\t\t\t\t<div class=\"elementor-column elementor-col-50 elementor-top-column elementor-element elementor-element-27c1cb62\" data-id=\"27c1cb62\" data-element_type=\"column\">\n\t\t\t<div class=\"elementor-widget-wrap elementor-element-populated\">\n\t\t\t\t\t\t<div class=\"elementor-element elementor-element-15a4288c elementor-widget elementor-widget-heading\" data-id=\"15a4288c\" data-element_type=\"widget\" data-widget_type=\"heading.default\">\n\t\t\t\t<div class=\"elementor-widget-container\">\n\t\t\t\t\t<h2 class=\"elementor-heading-title elementor-size-default\">M\u00e1y nghi\u1ec1n hai tr\u1ee5c c\u00f4ng su\u1ea5t trung b\u00ecnh<\/h2>\t\t\t\t<\/div>\n\t\t\t\t<\/div>\n\t\t\t\t<div class=\"elementor-element elementor-element-d8e27b5 elementor-widget elementor-widget-text-editor\" data-id=\"d8e27b5\" data-element_type=\"widget\" data-widget_type=\"text-editor.default\">\n\t\t\t\t<div class=\"elementor-widget-container\">\n\t\t\t\t\t\t\t\t\t<figure class=\"wp-block-table is-style-stripes\"><table><tbody><tr><td>M\u00f4 h\u00ecnh<\/td><td>D\u00f2ng TS<\/td><\/tr><tr><td>Th\u01b0\u01a1ng hi\u1ec7u<\/td><td>SIEDON<\/td><\/tr><tr><td>C\u00e1c danh m\u1ee5c<\/td><td>M\u00e1y nghi\u1ec1n<\/td><\/tr><tr><td>C\u1ea3ng FOB<\/td><td>Qu\u1ea3ng Ch\u00e2u, Th\u00e2m Quy\u1ebfn<\/td><\/tr><\/tbody><\/table><\/figure>\t\t\t\t\t\t\t\t<\/div>\n\t\t\t\t<\/div>\n\t\t\t\t<div class=\"elementor-element elementor-element-4ad806f0 elementor-icon-list--layout-traditional elementor-list-item-link-full_width elementor-widget elementor-widget-icon-list\" data-id=\"4ad806f0\" data-element_type=\"widget\" data-widget_type=\"icon-list.default\">\n\t\t\t\t<div class=\"elementor-widget-container\">\n\t\t\t\t\t\t\t<ul class=\"elementor-icon-list-items\">\n\t\t\t\t\t\t\t<li class=\"elementor-icon-list-item\">\n\t\t\t\t\t\t\t\t\t\t\t<span class=\"elementor-icon-list-icon\">\n\t\t\t\t\t\t\t<i aria-hidden=\"true\" class=\"fas fa-caret-right\"><\/i>\t\t\t\t\t\t<\/span>\n\t\t\t\t\t\t\t\t\t\t<span class=\"elementor-icon-list-text\">Ch\u1ee9ng nh\u1eadn EURO-STANDARD v\u00e0 CE<\/span>\n\t\t\t\t\t\t\t\t\t<\/li>\n\t\t\t\t\t\t\t\t<li class=\"elementor-icon-list-item\">\n\t\t\t\t\t\t\t\t\t\t\t<span class=\"elementor-icon-list-icon\">\n\t\t\t\t\t\t\t<i aria-hidden=\"true\" class=\"fas fa-caret-right\"><\/i>\t\t\t\t\t\t<\/span>\n\t\t\t\t\t\t\t\t\t\t<span class=\"elementor-icon-list-text\">B\u1ea3o h\u00e0nh 2 n\u0103m<\/span>\n\t\t\t\t\t\t\t\t\t<\/li>\n\t\t\t\t\t\t<\/ul>\n\t\t\t\t\t\t<\/div>\n\t\t\t\t<\/div>\n\t\t\t\t<div class=\"elementor-element elementor-element-8ed56e1 elementor-widget elementor-widget-global elementor-global-14785 elementor-widget-button\" data-id=\"8ed56e1\" data-element_type=\"widget\" data-widget_type=\"button.default\">\n\t\t\t\t<div class=\"elementor-widget-container\">\n\t\t\t\t\t\t\t\t\t<div class=\"elementor-button-wrapper\">\n\t\t\t\t\t<a class=\"elementor-button elementor-button-link elementor-size-sm\" href=\"https:\/\/api.whatsapp.com\/send?phone=8615920498084\" target=\"_blank\">\n\t\t\t\t\t\t<span class=\"elementor-button-content-wrapper\">\n\t\t\t\t\t\t\t\t\t<span class=\"elementor-button-text\">WhatsApp M\u1ef9!<\/span>\n\t\t\t\t\t<\/span>\n\t\t\t\t\t<\/a>\n\t\t\t\t<\/div>\n\t\t\t\t\t\t\t\t<\/div>\n\t\t\t\t<\/div>\n\t\t\t\t\t<\/div>\n\t\t<\/div>\n\t\t\t\t\t<\/div>\n\t\t<\/section>\n\t\t\t\t<section class=\"elementor-section elementor-top-section elementor-element elementor-element-6d2052d1 elementor-section-boxed elementor-section-height-default elementor-section-height-default\" data-id=\"6d2052d1\" data-element_type=\"section\">\n\t\t\t\t\t\t<div class=\"elementor-container elementor-column-gap-default\">\n\t\t\t\t\t<div class=\"elementor-column elementor-col-100 elementor-top-column elementor-element elementor-element-8e91f4c\" data-id=\"8e91f4c\" data-element_type=\"column\">\n\t\t\t<div class=\"elementor-widget-wrap elementor-element-populated\">\n\t\t\t\t\t\t<div class=\"elementor-element elementor-element-5051cd9 elementor-widget elementor-widget-text-editor\" data-id=\"5051cd9\" data-element_type=\"widget\" data-widget_type=\"text-editor.default\">\n\t\t\t\t<div class=\"elementor-widget-container\">\n\t\t\t\t\t\t\t\t\t<p>\t\t<div data-elementor-type=\"wp-post\" data-elementor-id=\"13329\" class=\"elementor elementor-13329\" data-elementor-post-type=\"elementor-hf\">\n\t\t\t\t\t\t<section class=\"elementor-section elementor-top-section elementor-element elementor-element-6517b2f elementor-section-boxed elementor-section-height-default elementor-section-height-default\" data-id=\"6517b2f\" data-element_type=\"section\">\n\t\t\t\t\t\t<div class=\"elementor-container elementor-column-gap-default\">\n\t\t\t\t\t<div class=\"elementor-column elementor-col-33 elementor-top-column elementor-element elementor-element-2629b607\" data-id=\"2629b607\" data-element_type=\"column\">\n\t\t\t<div class=\"elementor-widget-wrap elementor-element-populated\">\n\t\t\t\t\t\t<div class=\"elementor-element elementor-element-35eb0617 elementor-position-top elementor-widget elementor-widget-image-box\" data-id=\"35eb0617\" data-element_type=\"widget\" data-widget_type=\"image-box.default\">\n\t\t\t\t<div class=\"elementor-widget-container\">\n\t\t\t\t\t<div class=\"elementor-image-box-wrapper\"><figure class=\"elementor-image-box-img\"><img decoding=\"async\" width=\"600\" height=\"450\" src=\"https:\/\/images.siedontech.com\/2020\/06\/shredderdetail03.jpg\" class=\"attachment-full size-full wp-image-1381\" alt=\"\" srcset=\"https:\/\/images.siedontech.com\/2020\/06\/shredderdetail03.jpg 600w, https:\/\/images.siedontech.com\/2020\/06\/shredderdetail03.jpg?x-oss-process=image%2Fquality,q_50%2Fresize,m_fill,w_300,h_225 300w, https:\/\/images.siedontech.com\/2020\/06\/shredderdetail03.jpg?x-oss-process=image%2Fquality,q_50%2Fresize,m_fill,w_200,h_150 200w, https:\/\/images.siedontech.com\/2020\/06\/shredderdetail03.jpg?x-oss-process=image%2Fquality,q_50%2Fresize,m_fill,w_400,h_300 400w\" sizes=\"(max-width: 600px) 100vw, 600px\" \/><\/figure><div class=\"elementor-image-box-content\"><h4 class=\"elementor-image-box-title\">V\u00f2ng \u0111\u1ec7m k\u00e9p \u0111\u1ec3 b\u1ea3o v\u1ec7 \u1ed5 tr\u1ee5c.<\/h4><\/div><\/div>\t\t\t\t<\/div>\n\t\t\t\t<\/div>\n\t\t\t\t\t<\/div>\n\t\t<\/div>\n\t\t\t\t<div class=\"elementor-column elementor-col-33 elementor-top-column elementor-element elementor-element-3e37a3d5\" data-id=\"3e37a3d5\" data-element_type=\"column\">\n\t\t\t<div class=\"elementor-widget-wrap elementor-element-populated\">\n\t\t\t\t\t\t<div class=\"elementor-element elementor-element-223d587f elementor-position-top elementor-widget elementor-widget-image-box\" data-id=\"223d587f\" data-element_type=\"widget\" data-widget_type=\"image-box.default\">\n\t\t\t\t<div class=\"elementor-widget-container\">\n\t\t\t\t\t<div class=\"elementor-image-box-wrapper\"><figure class=\"elementor-image-box-img\"><img decoding=\"async\" width=\"500\" height=\"375\" src=\"https:\/\/images.siedontech.com\/2shredder1.jpg\" class=\"attachment-full size-full wp-image-14662\" alt=\"\" \/><\/figure><div class=\"elementor-image-box-content\"><h4 class=\"elementor-image-box-title\">Dao h\u1ee3p kim c\u00f3 \u0111\u1ed9 b\u1ec1n cao v\u00e0 ch\u1ed1ng m\u00e0i m\u00f2n<\/h4><\/div><\/div>\t\t\t\t<\/div>\n\t\t\t\t<\/div>\n\t\t\t\t\t<\/div>\n\t\t<\/div>\n\t\t\t\t<div class=\"elementor-column elementor-col-33 elementor-top-column elementor-element elementor-element-1748f552\" data-id=\"1748f552\" data-element_type=\"column\">\n\t\t\t<div class=\"elementor-widget-wrap elementor-element-populated\">\n\t\t\t\t\t\t<div class=\"elementor-element elementor-element-65bfacfe elementor-position-top elementor-widget elementor-widget-image-box\" data-id=\"65bfacfe\" data-element_type=\"widget\" data-widget_type=\"image-box.default\">\n\t\t\t\t<div class=\"elementor-widget-container\">\n\t\t\t\t\t<div class=\"elementor-image-box-wrapper\"><figure class=\"elementor-image-box-img\"><img loading=\"lazy\" decoding=\"async\" width=\"500\" height=\"375\" src=\"https:\/\/images.siedontech.com\/TSdetail2.jpg\" class=\"attachment-full size-full wp-image-14663\" alt=\"\" \/><\/figure><div class=\"elementor-image-box-content\"><h4 class=\"elementor-image-box-title\">V\u1ecb tr\u00ed \u1ed5 tr\u1ee5c spline \u0111\u01b0\u1ee3c c\u1ea5p b\u1eb1ng s\u00e1ng ch\u1ebf ch\u1ecbu l\u1ef1c \u0111\u1ec1u.<\/h4><\/div><\/div>\t\t\t\t<\/div>\n\t\t\t\t<\/div>\n\t\t\t\t\t<\/div>\n\t\t<\/div>\n\t\t\t\t\t<\/div>\n\t\t<\/section>\n\t\t\t\t<\/div>\n\t\t<\/p>\t\t\t\t\t\t\t\t<\/div>\n\t\t\t\t<\/div>\n\t\t\t\t<div class=\"elementor-element elementor-element-183666c elementor-widget elementor-widget-heading\" data-id=\"183666c\" data-element_type=\"widget\" data-widget_type=\"heading.default\">\n\t\t\t\t<div class=\"elementor-widget-container\">\n\t\t\t\t\t<h2 class=\"elementor-heading-title elementor-size-default\">M\u00f4 t\u1ea3:<\/h2>\t\t\t\t<\/div>\n\t\t\t\t<\/div>\n\t\t\t\t<div class=\"elementor-element elementor-element-bb1c1bc elementor-widget elementor-widget-text-editor\" data-id=\"bb1c1bc\" data-element_type=\"widget\" data-widget_type=\"text-editor.default\">\n\t\t\t\t<div class=\"elementor-widget-container\">\n\t\t\t\t\t\t\t\t\t<p>M\u00e1y nghi\u1ec1n hai tr\u1ee5c Siedon n\u1ed5i b\u1eadt v\u1edbi thi\u1ebft k\u1ebf ho\u00e0n thi\u1ec7n, c\u1ea5u tr\u00fac ch\u1eafc ch\u1eafn v\u00e0 hi\u1ec7u qu\u1ea3 nghi\u1ec1n cao. M\u00e1y nghi\u1ec1n hai tr\u1ee5c th\u01b0\u1eddng \u0111\u01b0\u1ee3c s\u1eed d\u1ee5ng l\u00e0m m\u00e1y nghi\u1ec1n giai \u0111o\u1ea1n \u0111\u1ea7u cho c\u00e1c lo\u1ea1i v\u1eadt li\u1ec7u nh\u01b0 r\u00e1c th\u1ea3i sinh ho\u1ea1t, l\u1ed1p xe t\u1ea3i, th\u00f9ng th\u00e9p, r\u00e1c th\u1ea3i h\u1eefu c\u01a1 v\u00e0 r\u00e1c th\u1ea3i sinh ho\u1ea1t (MSW).<\/p><h4>\u0110\u1eb7c \u0111i\u1ec3m c\u1ee7a m\u00e1y nghi\u1ec1n hai tr\u1ee5c:<\/h4><ul><li>H\u1ee3p kim ch\u1ea5t l\u01b0\u1ee3ng cao <a href=\"https:\/\/bladesg.com\/shredder-blade-guide\/\" target=\"_blank\" rel=\"noopener\">L\u01b0\u1ee1i dao c\u1eaft nh\u1ecf<\/a>, c\u00f3 kh\u1ea3 n\u0103ng ch\u1ecbu va \u0111\u1eadp cao, c\u00f3 th\u1ec3 d\u00f9ng \u0111\u1ec3 c\u1eaft kim lo\u1ea1i v\u00e0 kh\u00f4ng bao gi\u1edd b\u1ecb n\u1ee9t.<\/li><li>C\u00e1c l\u01b0\u1ee1i dao rotor c\u00f3 th\u1ec3 \u0111\u01b0\u1ee3c s\u1eeda ch\u1eefa b\u1eb1ng c\u00f4ng ngh\u1ec7 h\u00e0n v\u00e0 \u0111\u00e1nh b\u00f3ng, cho ph\u00e9p s\u1eeda ch\u1eefa l\u1eb7p l\u1ea1i, gi\u00fap gi\u1ea3m \u0111\u00e1ng k\u1ec3 chi ph\u00ed b\u1ea3o tr\u00ec.<\/li><li>L\u1ed7 trong c\u1ee7a dao quay v\u00e0 tr\u1ee5c quay \u0111\u01b0\u1ee3c thi\u1ebft k\u1ebf theo ki\u1ec3u l\u1ee5c gi\u00e1c, gi\u00fap ph\u00e2n t\u00e1n l\u1ef1c \u0111\u1ec1u \u0111\u1eb7n \u0111\u1ebfn c\u00e1c dao quay.<\/li><li>M\u00e0i nh\u1eb5n c\u00e1c b\u1ec1 m\u1eb7t v\u00e0 \u1ee7 nhi\u1ec7t c\u00e1c tr\u1ee5c c\u00f3 \u0111\u1ed9 b\u1ec1n cao<\/li><li>B\u00e1nh r\u0103ng \u0111\u01b0\u1ee3c t\u00f4i c\u1ee9ng b\u1ec1 m\u1eb7t b\u1eb1ng ph\u01b0\u01a1ng ph\u00e1p t\u00f4i c\u1ee9ng t\u1ea7n s\u1ed1 cao.<\/li><\/ul><h2>D\u1eef li\u1ec7u k\u1ef9 thu\u1eadt:<\/h2><table width=\"100%\"><thead><tr><th align=\"left\">M\u00f4 h\u00ecnh<\/th><th align=\"left\">TS3030<\/th><th align=\"left\">TS4030<\/th><th align=\"left\">TS5060<\/th><th align=\"left\">TS60120<\/th><\/tr><\/thead><tbody><tr><td align=\"left\">C\u00f4ng su\u1ea5t \u0111\u1ed9ng c\u01a1 (kW)<\/td><td align=\"left\">3.0<\/td><td align=\"left\">5.5<\/td><td align=\"left\">11<\/td><td align=\"left\">55<\/td><\/tr><tr><td align=\"left\">K\u00edch th\u01b0\u1edbc bu\u1ed3ng (mm)<\/td><td align=\"left\">300*300<\/td><td align=\"left\">400*300<\/td><td align=\"left\">500*600<\/td><td align=\"left\">650*1250<\/td><\/tr><tr><td align=\"left\">\u0110\u1ed9 d\u00e0y c\u1ee7a l\u01b0\u1ee1i dao (mm)<\/td><td align=\"left\">12\/20\/30\/50<\/td><td align=\"left\">12\/20\/30\/50<\/td><td align=\"left\">12\/20\/30\/50<\/td><td align=\"left\">12\/20\/30\/50<\/td><\/tr><tr><td align=\"left\">T\u1ed1c \u0111\u1ed9 quay (rmp)<\/td><td align=\"left\">18\/20\/22<\/td><td align=\"left\">18\/20\/22<\/td><td align=\"left\">18\/20\/22<\/td><td align=\"left\">18\/20\/22<\/td><\/tr><tr><td align=\"left\">K\u00edch th\u01b0\u1edbc m\u1edf c\u1ee7a ph\u1ec5u (mm)<\/td><td align=\"left\">290*340<\/td><td align=\"left\">450*450<\/td><td align=\"left\">700*600<\/td><td align=\"left\">1600*1150<\/td><\/tr><tr><td align=\"left\">K\u00edch th\u01b0\u1edbc m\u00e1y (mm)<\/td><td align=\"left\">860*600*1800<\/td><td align=\"left\">1350*740*1800<\/td><td align=\"left\">1850*950*1800<\/td><td align=\"left\">3800*2175*2600<\/td><\/tr><tr><td align=\"left\">Tr\u1ecdng l\u01b0\u1ee3ng m\u00e1y (kg)<\/td><td align=\"left\">500<\/td><td align=\"left\">800<\/td><td align=\"left\">1000<\/td><td align=\"left\">3000<\/td><\/tr><tr><td align=\"left\">D\u1ea3i c\u00f4ng su\u1ea5t (kg\/h)<\/td><td align=\"left\">300-500<\/td><td align=\"left\">500-1000<\/td><td align=\"left\">1000-2000<\/td><td align=\"left\">3000-50000<\/td><\/tr><\/tbody><\/table>\t\t\t\t\t\t\t\t<\/div>\n\t\t\t\t<\/div>\n\t\t\t\t<div class=\"elementor-element elementor-element-2165457 elementor-widget elementor-widget-html\" data-id=\"2165457\" data-element_type=\"widget\" data-widget_type=\"html.default\">\n\t\t\t\t<div class=\"elementor-widget-container\">\n\t\t\t\t\t<iframe width=\"560\" height=\"315\" src=\"https:\/\/www.youtube.com\/embed\/OFGzcz8nwrw?si=z01Xoy07L0bFhVN_\" title=\"Tr\u00ecnh ph\u00e1t video YouTube\" frameborder=\"0\" allow=\"accelerometer; autoplay; clipboard-write; encrypted-media; gyroscope; picture-in-picture; web-share\" allowfullscreen><\/iframe>\t\t\t\t<\/div>\n\t\t\t\t<\/div>\n\t\t\t\t\t<\/div>\n\t\t<\/div>\n\t\t\t\t\t<\/div>\n\t\t<\/section>\n\t\t\t\t<section class=\"elementor-section elementor-top-section elementor-element elementor-element-1c3c5669 elementor-section-boxed elementor-section-height-default elementor-section-height-default\" data-id=\"1c3c5669\" data-element_type=\"section\">\n\t\t\t\t\t\t<div class=\"elementor-container elementor-column-gap-default\">\n\t\t\t\t\t<div class=\"elementor-column elementor-col-100 elementor-top-column elementor-element elementor-element-6da12d0\" data-id=\"6da12d0\" data-element_type=\"column\">\n\t\t\t<div class=\"elementor-widget-wrap elementor-element-populated\">\n\t\t\t\t\t\t<div class=\"elementor-element elementor-element-6e7d02d0 elementor-share-buttons--view-icon-text elementor-share-buttons--skin-gradient elementor-share-buttons--shape-square elementor-grid-0 elementor-share-buttons--color-official elementor-widget elementor-widget-share-buttons\" data-id=\"6e7d02d0\" data-element_type=\"widget\" data-widget_type=\"share-buttons.default\">\n\t\t\t\t<div class=\"elementor-widget-container\">\n\t\t\t\t\t\t\t<div class=\"elementor-grid\">\n\t\t\t\t\t\t\t\t<div class=\"elementor-grid-item\">\n\t\t\t\t\t\t<div\n\t\t\t\t\t\t\tclass=\"elementor-share-btn elementor-share-btn_facebook\"\n\t\t\t\t\t\t\trole=\"button\"\n\t\t\t\t\t\t\ttabindex=\"0\"\n\t\t\t\t\t\t\taria-label=\"Share on facebook\"\n\t\t\t\t\t\t>\n\t\t\t\t\t\t\t\t\t\t\t\t\t\t\t<span class=\"elementor-share-btn__icon\">\n\t\t\t\t\t\t\t\t<i class=\"fab fa-facebook\" aria-hidden=\"true\"><\/i>\t\t\t\t\t\t\t<\/span>\n\t\t\t\t\t\t\t\t\t\t\t\t\t\t\t\t\t\t\t\t<\/div>\n\t\t\t\t\t<\/div>\n\t\t\t\t\t\t\t\t\t<div class=\"elementor-grid-item\">\n\t\t\t\t\t\t<div\n\t\t\t\t\t\t\tclass=\"elementor-share-btn elementor-share-btn_twitter\"\n\t\t\t\t\t\t\trole=\"button\"\n\t\t\t\t\t\t\ttabindex=\"0\"\n\t\t\t\t\t\t\taria-label=\"Share on twitter\"\n\t\t\t\t\t\t>\n\t\t\t\t\t\t\t\t\t\t\t\t\t\t\t<span class=\"elementor-share-btn__icon\">\n\t\t\t\t\t\t\t\t<i class=\"fab fa-twitter\" aria-hidden=\"true\"><\/i>\t\t\t\t\t\t\t<\/span>\n\t\t\t\t\t\t\t\t\t\t\t\t\t\t\t\t\t\t\t\t<\/div>\n\t\t\t\t\t<\/div>\n\t\t\t\t\t\t\t\t\t<div class=\"elementor-grid-item\">\n\t\t\t\t\t\t<div\n\t\t\t\t\t\t\tclass=\"elementor-share-btn elementor-share-btn_linkedin\"\n\t\t\t\t\t\t\trole=\"button\"\n\t\t\t\t\t\t\ttabindex=\"0\"\n\t\t\t\t\t\t\taria-label=\"Share on linkedin\"\n\t\t\t\t\t\t>\n\t\t\t\t\t\t\t\t\t\t\t\t\t\t\t<span class=\"elementor-share-btn__icon\">\n\t\t\t\t\t\t\t\t<i class=\"fab fa-linkedin\" aria-hidden=\"true\"><\/i>\t\t\t\t\t\t\t<\/span>\n\t\t\t\t\t\t\t\t\t\t\t\t\t\t\t\t\t\t\t\t<\/div>\n\t\t\t\t\t<\/div>\n\t\t\t\t\t\t\t\t\t<div class=\"elementor-grid-item\">\n\t\t\t\t\t\t<div\n\t\t\t\t\t\t\tclass=\"elementor-share-btn elementor-share-btn_reddit\"\n\t\t\t\t\t\t\trole=\"button\"\n\t\t\t\t\t\t\ttabindex=\"0\"\n\t\t\t\t\t\t\taria-label=\"Share on reddit\"\n\t\t\t\t\t\t>\n\t\t\t\t\t\t\t\t\t\t\t\t\t\t\t<span class=\"elementor-share-btn__icon\">\n\t\t\t\t\t\t\t\t<i class=\"fab fa-reddit\" aria-hidden=\"true\"><\/i>\t\t\t\t\t\t\t<\/span>\n\t\t\t\t\t\t\t\t\t\t\t\t\t\t\t\t\t\t\t\t<\/div>\n\t\t\t\t\t<\/div>\n\t\t\t\t\t\t\t\t\t<div class=\"elementor-grid-item\">\n\t\t\t\t\t\t<div\n\t\t\t\t\t\t\tclass=\"elementor-share-btn elementor-share-btn_email\"\n\t\t\t\t\t\t\trole=\"button\"\n\t\t\t\t\t\t\ttabindex=\"0\"\n\t\t\t\t\t\t\taria-label=\"Share on email\"\n\t\t\t\t\t\t>\n\t\t\t\t\t\t\t\t\t\t\t\t\t\t\t<span class=\"elementor-share-btn__icon\">\n\t\t\t\t\t\t\t\t<i class=\"fas fa-envelope\" aria-hidden=\"true\"><\/i>\t\t\t\t\t\t\t<\/span>\n\t\t\t\t\t\t\t\t\t\t\t\t\t\t\t\t\t\t\t\t<\/div>\n\t\t\t\t\t<\/div>\n\t\t\t\t\t\t\t\t\t<div class=\"elementor-grid-item\">\n\t\t\t\t\t\t<div\n\t\t\t\t\t\t\tclass=\"elementor-share-btn elementor-share-btn_tumblr\"\n\t\t\t\t\t\t\trole=\"button\"\n\t\t\t\t\t\t\ttabindex=\"0\"\n\t\t\t\t\t\t\taria-label=\"Share on tumblr\"\n\t\t\t\t\t\t>\n\t\t\t\t\t\t\t\t\t\t\t\t\t\t\t<span class=\"elementor-share-btn__icon\">\n\t\t\t\t\t\t\t\t<i class=\"fab fa-tumblr\" aria-hidden=\"true\"><\/i>\t\t\t\t\t\t\t<\/span>\n\t\t\t\t\t\t\t\t\t\t\t\t\t\t\t\t\t\t\t\t<\/div>\n\t\t\t\t\t<\/div>\n\t\t\t\t\t\t<\/div>\n\t\t\t\t\t\t<\/div>\n\t\t\t\t<\/div>\n\t\t\t\t\t<\/div>\n\t\t<\/div>\n\t\t\t\t\t<\/div>\n\t\t<\/section>\n\t\t\t\t<\/div>","protected":false},"excerpt":{"rendered":"<p>Middle-Duty Two Shaft Shredder Model TS Series Brand SIEDON Categories Crusher FOB Port Guangzhou, Shenzhen EURO-STANDARD and CE certificate 2 Years Long Warranty Whatsapp US! Description: Siedon Two Shaft Shredder is featured of mature design, robust structure, and high efficient shredding result. Two shaft shredders are normally used first stage shredder for materials like domestic [&hellip;]<\/p>\n","protected":false},"author":1,"featured_media":1209,"parent":1336,"menu_order":0,"comment_status":"closed","ping_status":"closed","template":"","meta":{"site-sidebar-layout":"left-sidebar","site-content-layout":"plain-container","ast-site-content-layout":"normal-width-container","site-content-style":"unboxed","site-sidebar-style":"unboxed","ast-global-header-display":"","ast-banner-title-visibility":"","ast-main-header-display":"","ast-hfb-above-header-display":"","ast-hfb-below-header-display":"","ast-hfb-mobile-header-display":"","site-post-title":"disabled","ast-breadcrumbs-content":"","ast-featured-img":"disabled","footer-sml-layout":"","theme-transparent-header-meta":"default","adv-header-id-meta":"","stick-header-meta":"","header-above-stick-meta":"","header-main-stick-meta":"","header-below-stick-meta":"","astra-migrate-meta-layouts":"set","ast-page-background-enabled":"default","ast-page-background-meta":{"desktop":{"background-color":"","background-image":"","background-repeat":"repeat","background-position":"center center","background-size":"auto","background-attachment":"scroll","background-type":"","background-media":"","overlay-type":"","overlay-color":"","overlay-opacity":"","overlay-gradient":""},"tablet":{"background-color":"","background-image":"","background-repeat":"repeat","background-position":"center center","background-size":"auto","background-attachment":"scroll","background-type":"","background-media":"","overlay-type":"","overlay-color":"","overlay-opacity":"","overlay-gradient":""},"mobile":{"background-color":"","background-image":"","background-repeat":"repeat","background-position":"center center","background-size":"auto","background-attachment":"scroll","background-type":"","background-media":"","overlay-type":"","overlay-color":"","overlay-opacity":"","overlay-gradient":""}},"ast-content-background-meta":{"desktop":{"background-color":"var(--ast-global-color-5)","background-image":"","background-repeat":"repeat","background-position":"center center","background-size":"auto","background-attachment":"scroll","background-type":"","background-media":"","overlay-type":"","overlay-color":"","overlay-opacity":"","overlay-gradient":""},"tablet":{"background-color":"var(--ast-global-color-5)","background-image":"","background-repeat":"repeat","background-position":"center center","background-size":"auto","background-attachment":"scroll","background-type":"","background-media":"","overlay-type":"","overlay-color":"","overlay-opacity":"","overlay-gradient":""},"mobile":{"background-color":"var(--ast-global-color-5)","background-image":"","background-repeat":"repeat","background-position":"center center","background-size":"auto","background-attachment":"scroll","background-type":"","background-media":"","overlay-type":"","overlay-color":"","overlay-opacity":"","overlay-gradient":""}},"footnotes":""},"_links":{"self":[{"href":"https:\/\/www.siedontech.com\/vi\/wp-json\/wp\/v2\/pages\/1377"}],"collection":[{"href":"https:\/\/www.siedontech.com\/vi\/wp-json\/wp\/v2\/pages"}],"about":[{"href":"https:\/\/www.siedontech.com\/vi\/wp-json\/wp\/v2\/types\/page"}],"author":[{"embeddable":true,"href":"https:\/\/www.siedontech.com\/vi\/wp-json\/wp\/v2\/users\/1"}],"replies":[{"embeddable":true,"href":"https:\/\/www.siedontech.com\/vi\/wp-json\/wp\/v2\/comments?post=1377"}],"version-history":[{"count":6,"href":"https:\/\/www.siedontech.com\/vi\/wp-json\/wp\/v2\/pages\/1377\/revisions"}],"predecessor-version":[{"id":18247,"href":"https:\/\/www.siedontech.com\/vi\/wp-json\/wp\/v2\/pages\/1377\/revisions\/18247"}],"up":[{"embeddable":true,"href":"https:\/\/www.siedontech.com\/vi\/wp-json\/wp\/v2\/pages\/1336"}],"wp:featuredmedia":[{"embeddable":true,"href":"https:\/\/www.siedontech.com\/vi\/wp-json\/wp\/v2\/media\/1209"}],"wp:attachment":[{"href":"https:\/\/www.siedontech.com\/vi\/wp-json\/wp\/v2\/media?parent=1377"}],"curies":[{"name":"wp","href":"https:\/\/api.w.org\/{rel}","templated":true}]}}